{"id":560,"date":"2013-06-07T11:35:18","date_gmt":"2013-06-07T11:35:18","guid":{"rendered":"http:\/\/demo2.woothemes.com\/woocommerce\/?post_type=product&amp;p=90"},"modified":"2025-04-11T23:45:33","modified_gmt":"2025-04-11T23:45:33","slug":"shoulder-pulley","status":"publish","type":"product","link":"https:\/\/urgencephysio.com\/fr\/product\/shoulder-pulley\/","title":{"rendered":"Poulie d&#039;\u00e9paule"},"content":{"rendered":"<p>Curabitur sodales ligula en lib\u00e9ro. Sed dignissim lacinia nunc. Torteur de Curabitur. Nibh pellentesque. \u00c9n\u00e9en quam. En sc\u00e9l\u00e9risque sem \u00e0 douleur. M\u00e9c\u00e8ne Mattis. Sed convallis tristique sem. Proin ut ligula vel nunc egestas porttitor. Morbi lectus risus, iaculis vel, suscipit quis, luctus non, massa. Fusce ac turpis quis ligula lacinia aliquet. Mauris ipsum. Nulla metus metus, ullamcorper vel, tincidunt sed, euismod in, nibh. Quisque volutpat condimentum velit.<\/p>","protected":false},"excerpt":{"rendered":"<p>Curabitur sodales ligula en lib\u00e9ro. Sed dignissim lacinia nunc. Torteur de Curabitur. Nibh pellentesque. \u00c9n\u00e9en quam. En sc\u00e9l\u00e9risque sem \u00e0 douleur. M\u00e9c\u00e8ne Mattis. Sed convallis tristique sem. Proin ut ligula vel nunc egestas porttitor. Morbi lectus risus, iaculis vel, suscipit quis, luctus non, massa.<\/p>","protected":false},"featured_media":7479,"comment_status":"open","ping_status":"closed","template":"","meta":[],"product_cat":[27,30,31],"product_tag":[],"acf":[],"_links":{"self":[{"href":"https:\/\/urgencephysio.com\/fr\/wp-json\/wp\/v2\/product\/560"}],"collection":[{"href":"https:\/\/urgencephysio.com\/fr\/wp-json\/wp\/v2\/product"}],"about":[{"href":"https:\/\/urgencephysio.com\/fr\/wp-json\/wp\/v2\/types\/product"}],"replies":[{"embeddable":true,"href":"https:\/\/urgencephysio.com\/fr\/wp-json\/wp\/v2\/comments?post=560"}],"wp:featuredmedia":[{"embeddable":true,"href":"https:\/\/urgencephysio.com\/fr\/wp-json\/wp\/v2\/media\/7479"}],"wp:attachment":[{"href":"https:\/\/urgencephysio.com\/fr\/wp-json\/wp\/v2\/media?parent=560"}],"wp:term":[{"taxonomy":"product_cat","embeddable":true,"href":"https:\/\/urgencephysio.com\/fr\/wp-json\/wp\/v2\/product_cat?post=560"},{"taxonomy":"product_tag","embeddable":true,"href":"https:\/\/urgencephysio.com\/fr\/wp-json\/wp\/v2\/product_tag?post=560"}],"curies":[{"name":"wp","href":"https:\/\/api.w.org\/{rel}","templated":true}]}}