{"id":9476,"date":"2025-05-09T03:32:46","date_gmt":"2025-05-09T03:32:46","guid":{"rendered":"https:\/\/urgencephysio.com\/?page_id=9476"},"modified":"2025-05-09T17:21:44","modified_gmt":"2025-05-09T17:21:44","slug":"priscille","status":"publish","type":"page","link":"https:\/\/urgencephysio.com\/fr\/priscille\/","title":{"rendered":"Priscile Doriane Meyou"},"content":{"rendered":"<div data-elementor-type=\"wp-page\" data-elementor-id=\"9476\" class=\"elementor elementor-9476\">\n\t\t\t\t\t\t<div class=\"elementor-inner\">\n\t\t\t\t<div class=\"elementor-section-wrap\">\n\t\t\t\t\t\t\t\t\t<section class=\"elementor-section elementor-top-section elementor-element elementor-element-e568743 elementor-section-boxed elementor-section-height-default elementor-section-height-default\" data-id=\"e568743\" data-element_type=\"section\">\n\t\t\t\t\t\t<div class=\"elementor-container elementor-column-gap-extended\">\n\t\t\t\t\t\t\t<div class=\"elementor-row\">\n\t\t\t\t\t<div class=\"elementor-column elementor-col-50 elementor-top-column elementor-element elementor-element-1e43a05\" data-id=\"1e43a05\" data-element_type=\"column\">\n\t\t\t<div class=\"elementor-column-wrap elementor-element-populated\">\n\t\t\t\t\t\t\t<div class=\"elementor-widget-wrap\">\n\t\t\t\t\t\t<div class=\"elementor-element elementor-element-76c2cc9 elementor-widget elementor-widget-text-editor\" data-id=\"76c2cc9\" data-element_type=\"widget\" data-widget_type=\"text-editor.default\">\n\t\t\t\t<div class=\"elementor-widget-container\">\n\t\t\t<style>\/*! elementor - v3.11.5 - 14-03-2023 *\/\n.elementor-widget-text-editor.elementor-drop-cap-view-stacked .elementor-drop-cap{background-color:#818a91;color:#fff}.elementor-widget-text-editor.elementor-drop-cap-view-framed .elementor-drop-cap{color:#818a91;border:3px solid;background-color:transparent}.elementor-widget-text-editor:not(.elementor-drop-cap-view-default) .elementor-drop-cap{margin-top:8px}.elementor-widget-text-editor:not(.elementor-drop-cap-view-default) .elementor-drop-cap-letter{width:1em;height:1em}.elementor-widget-text-editor .elementor-drop-cap{float:left;text-align:center;line-height:1;font-size:50px}.elementor-widget-text-editor .elementor-drop-cap-letter{display:inline-block}<\/style>\t\t\t\t\t<div class=\"elementor-text-editor elementor-clearfix\">\n\t\t\t\t<p><span style=\"color: #56afd5;\"><b>\u00c0 propos de Priscille<br \/><\/b><\/span><\/p><div dir=\"ltr\"><div dir=\"ltr\">Priscille est une physioth\u00e9rapeute passionn\u00e9e, motiv\u00e9e et d\u00e9vou\u00e9e. Elle a choisi cette carri\u00e8re pour apporter un soutien concret aux personnes atteintes de troubles musculosquelettiques et les aider \u00e0 retrouver leur autonomie et leur fonctionnalit\u00e9. Pour elle, rien n&#039;est plus gratifiant que de voir un patient reprendre confiance en lui, recouvrer ses capacit\u00e9s et retourner au travail avec succ\u00e8s apr\u00e8s avoir b\u00e9n\u00e9fici\u00e9 de soins de physioth\u00e9rapie.<\/div><div dir=\"ltr\">\u00a0<\/div><div>Ses interventions sont principalement ax\u00e9es sur la th\u00e9rapie manuelle, la thermoth\u00e9rapie, l\u2019\u00e9ducation, les programmes d\u2019exercices et la mobilisation des tissus mous, entre autres.<\/div><\/div>\t\t\t\t\t<\/div>\n\t\t\t\t\t\t<\/div>\n\t\t\t\t<\/div>\n\t\t\t\t\t\t<\/div>\n\t\t\t\t\t<\/div>\n\t\t<\/div>\n\t\t\t\t<div class=\"elementor-column elementor-col-50 elementor-top-column elementor-element elementor-element-c0fb147\" data-id=\"c0fb147\" data-element_type=\"column\">\n\t\t\t<div class=\"elementor-column-wrap elementor-element-populated\">\n\t\t\t\t\t\t\t<div class=\"elementor-widget-wrap\">\n\t\t\t\t\t\t<div class=\"elementor-element elementor-element-14fe519 elementor-widget elementor-widget-image\" data-id=\"14fe519\" data-element_type=\"widget\" data-widget_type=\"image.default\">\n\t\t\t\t<div class=\"elementor-widget-container\">\n\t\t\t<style>\/*! elementor - v3.11.5 - 14-03-2023 *\/\n.elementor-widget-image{text-align:center}.elementor-widget-image a{display:inline-block}.elementor-widget-image a img[src$=\".svg\"]{width:48px}.elementor-widget-image img{vertical-align:middle;display:inline-block}<\/style>\t\t\t\t\t<div class=\"elementor-image\">\n\t\t\t\t\t\t\t\t\t\t\t\t<img decoding=\"async\" width=\"768\" height=\"614\" src=\"https:\/\/urgencephysio.com\/wp-content\/uploads\/2023\/07\/TCHOUANCHE-MEYOU-Priscile-Doriane-e1688420783648.jpg\" class=\"attachment-full size-full wp-image-8498\" alt=\"\" loading=\"lazy\" srcset=\"https:\/\/urgencephysio.com\/wp-content\/uploads\/2023\/07\/TCHOUANCHE-MEYOU-Priscile-Doriane-e1688420783648.jpg 768w, https:\/\/urgencephysio.com\/wp-content\/uploads\/2023\/07\/TCHOUANCHE-MEYOU-Priscile-Doriane-e1688420783648-300x240.jpg 300w, https:\/\/urgencephysio.com\/wp-content\/uploads\/2023\/07\/TCHOUANCHE-MEYOU-Priscile-Doriane-e1688420783648-600x480.jpg 600w\" sizes=\"(max-width: 768px) 100vw, 768px\" \/>\t\t\t\t\t\t\t\t\t\t\t\t\t\t<\/div>\n\t\t\t\t\t\t<\/div>\n\t\t\t\t<\/div>\n\t\t\t\t\t\t<\/div>\n\t\t\t\t\t<\/div>\n\t\t<\/div>\n\t\t\t\t\t\t\t\t<\/div>\n\t\t\t\t\t<\/div>\n\t\t<\/section>\n\t\t\t\t\t\t\t\t\t<\/div>\n\t\t\t<\/div>\n\t\t\t\t\t<\/div>","protected":false},"excerpt":{"rendered":"<p>About Priscille Priscille is a passionate, motivated, and dedicated physiotherapist. She chose this career to provide practical support to individuals affected by musculoskeletal disorders and to help them regain their autonomy and functionality. For her, there is nothing more rewarding than seeing a patient regain confidence, recover their abilities, and successfully return to work after [&hellip;]<\/p>","protected":false},"author":1,"featured_media":0,"parent":0,"menu_order":0,"comment_status":"closed","ping_status":"closed","template":"","meta":[],"acf":[],"_links":{"self":[{"href":"https:\/\/urgencephysio.com\/fr\/wp-json\/wp\/v2\/pages\/9476"}],"collection":[{"href":"https:\/\/urgencephysio.com\/fr\/wp-json\/wp\/v2\/pages"}],"about":[{"href":"https:\/\/urgencephysio.com\/fr\/wp-json\/wp\/v2\/types\/page"}],"author":[{"embeddable":true,"href":"https:\/\/urgencephysio.com\/fr\/wp-json\/wp\/v2\/users\/1"}],"replies":[{"embeddable":true,"href":"https:\/\/urgencephysio.com\/fr\/wp-json\/wp\/v2\/comments?post=9476"}],"version-history":[{"count":8,"href":"https:\/\/urgencephysio.com\/fr\/wp-json\/wp\/v2\/pages\/9476\/revisions"}],"predecessor-version":[{"id":9500,"href":"https:\/\/urgencephysio.com\/fr\/wp-json\/wp\/v2\/pages\/9476\/revisions\/9500"}],"wp:attachment":[{"href":"https:\/\/urgencephysio.com\/fr\/wp-json\/wp\/v2\/media?parent=9476"}],"curies":[{"name":"wp","href":"https:\/\/api.w.org\/{rel}","templated":true}]}}