{"id":9473,"date":"2025-05-09T03:31:28","date_gmt":"2025-05-09T03:31:28","guid":{"rendered":"https:\/\/urgencephysio.com\/?page_id=9473"},"modified":"2025-05-09T17:20:35","modified_gmt":"2025-05-09T17:20:35","slug":"bishoy","status":"publish","type":"page","link":"https:\/\/urgencephysio.com\/fr\/bishoy\/","title":{"rendered":"Bishoy Bidier"},"content":{"rendered":"<div data-elementor-type=\"wp-page\" data-elementor-id=\"9473\" class=\"elementor elementor-9473\">\n\t\t\t\t\t\t<div class=\"elementor-inner\">\n\t\t\t\t<div class=\"elementor-section-wrap\">\n\t\t\t\t\t\t\t\t\t<section class=\"elementor-section elementor-top-section elementor-element elementor-element-e568743 elementor-section-boxed elementor-section-height-default elementor-section-height-default\" data-id=\"e568743\" data-element_type=\"section\">\n\t\t\t\t\t\t<div class=\"elementor-container elementor-column-gap-extended\">\n\t\t\t\t\t\t\t<div class=\"elementor-row\">\n\t\t\t\t\t<div class=\"elementor-column elementor-col-50 elementor-top-column elementor-element elementor-element-1e43a05\" data-id=\"1e43a05\" data-element_type=\"column\">\n\t\t\t<div class=\"elementor-column-wrap elementor-element-populated\">\n\t\t\t\t\t\t\t<div class=\"elementor-widget-wrap\">\n\t\t\t\t\t\t<div class=\"elementor-element elementor-element-76c2cc9 elementor-widget elementor-widget-text-editor\" data-id=\"76c2cc9\" data-element_type=\"widget\" data-widget_type=\"text-editor.default\">\n\t\t\t\t<div class=\"elementor-widget-container\">\n\t\t\t<style>\/*! elementor - v3.11.5 - 14-03-2023 *\/\n.elementor-widget-text-editor.elementor-drop-cap-view-stacked .elementor-drop-cap{background-color:#818a91;color:#fff}.elementor-widget-text-editor.elementor-drop-cap-view-framed .elementor-drop-cap{color:#818a91;border:3px solid;background-color:transparent}.elementor-widget-text-editor:not(.elementor-drop-cap-view-default) .elementor-drop-cap{margin-top:8px}.elementor-widget-text-editor:not(.elementor-drop-cap-view-default) .elementor-drop-cap-letter{width:1em;height:1em}.elementor-widget-text-editor .elementor-drop-cap{float:left;text-align:center;line-height:1;font-size:50px}.elementor-widget-text-editor .elementor-drop-cap-letter{display:inline-block}<\/style>\t\t\t\t\t<div class=\"elementor-text-editor elementor-clearfix\">\n\t\t\t\t<p><span style=\"color: #56afd5;\"><b>\u00c0 propos de Bishoy<br \/><\/b><\/span><\/p><div dir=\"ltr\"><div dir=\"ltr\">Bishoy est un physioth\u00e9rapeute sp\u00e9cialis\u00e9 dans les blessures musculo-squelettiques. Il a obtenu sa licence en kin\u00e9sith\u00e9rapie en 2002, puis un master en kin\u00e9sith\u00e9rapie dans une institution \u00e9gyptienne de premier plan. Fort de plus de vingt ans d&#039;exp\u00e9rience clinique, Bishoy a d\u00e9velopp\u00e9 une expertise approfondie dans le diagnostic, le traitement et la r\u00e9\u00e9ducation d&#039;un large \u00e9ventail de pathologies musculo-squelettiques.<\/div><div dir=\"ltr\">\u00a0<\/div><div dir=\"ltr\">Connu pour son approche centr\u00e9e sur le patient et son engagement \u00e0 promouvoir la r\u00e9cup\u00e9ration fonctionnelle, Bishoy combine des techniques fond\u00e9es sur des preuves avec des soins personnalis\u00e9s pour aider les patients \u00e0 atteindre une sant\u00e9 et une mobilit\u00e9 optimales.<\/div><\/div>\t\t\t\t\t<\/div>\n\t\t\t\t\t\t<\/div>\n\t\t\t\t<\/div>\n\t\t\t\t\t\t<\/div>\n\t\t\t\t\t<\/div>\n\t\t<\/div>\n\t\t\t\t<div class=\"elementor-column elementor-col-50 elementor-top-column elementor-element elementor-element-c0fb147\" data-id=\"c0fb147\" data-element_type=\"column\">\n\t\t\t<div class=\"elementor-column-wrap elementor-element-populated\">\n\t\t\t\t\t\t\t<div class=\"elementor-widget-wrap\">\n\t\t\t\t\t\t<div class=\"elementor-element elementor-element-14fe519 elementor-widget elementor-widget-image\" data-id=\"14fe519\" data-element_type=\"widget\" data-widget_type=\"image.default\">\n\t\t\t\t<div class=\"elementor-widget-container\">\n\t\t\t<style>\/*! elementor - v3.11.5 - 14-03-2023 *\/\n.elementor-widget-image{text-align:center}.elementor-widget-image a{display:inline-block}.elementor-widget-image a img[src$=\".svg\"]{width:48px}.elementor-widget-image img{vertical-align:middle;display:inline-block}<\/style>\t\t\t\t\t<div class=\"elementor-image\">\n\t\t\t\t\t\t\t\t\t\t\t\t<img decoding=\"async\" src=\"https:\/\/urgencephysio.com\/wp-content\/uploads\/2024\/11\/Bishoy-BIDIER.jpg\" class=\"attachment-full size-full wp-image-9350\" alt=\"\" loading=\"lazy\" \/>\t\t\t\t\t\t\t\t\t\t\t\t\t\t<\/div>\n\t\t\t\t\t\t<\/div>\n\t\t\t\t<\/div>\n\t\t\t\t\t\t<\/div>\n\t\t\t\t\t<\/div>\n\t\t<\/div>\n\t\t\t\t\t\t\t\t<\/div>\n\t\t\t\t\t<\/div>\n\t\t<\/section>\n\t\t\t\t\t\t\t\t\t<\/div>\n\t\t\t<\/div>\n\t\t\t\t\t<\/div>","protected":false},"excerpt":{"rendered":"<p>About Bishoy Bishoy is a dedicated physiotherapist specialized in musculoskeletal injuries. He earned his bachelor&#8217;s degree in physiotherapy in 2002 and later completed a master\u2019s degree in physiotherapy at a leading institution in Egypt. With over twenty years of clinical experience, Bishoy has developed extensive expertise in diagnosing, treating, and rehabilitating a wide range of [&hellip;]<\/p>","protected":false},"author":1,"featured_media":0,"parent":0,"menu_order":0,"comment_status":"closed","ping_status":"closed","template":"","meta":[],"acf":[],"_links":{"self":[{"href":"https:\/\/urgencephysio.com\/fr\/wp-json\/wp\/v2\/pages\/9473"}],"collection":[{"href":"https:\/\/urgencephysio.com\/fr\/wp-json\/wp\/v2\/pages"}],"about":[{"href":"https:\/\/urgencephysio.com\/fr\/wp-json\/wp\/v2\/types\/page"}],"author":[{"embeddable":true,"href":"https:\/\/urgencephysio.com\/fr\/wp-json\/wp\/v2\/users\/1"}],"replies":[{"embeddable":true,"href":"https:\/\/urgencephysio.com\/fr\/wp-json\/wp\/v2\/comments?post=9473"}],"version-history":[{"count":8,"href":"https:\/\/urgencephysio.com\/fr\/wp-json\/wp\/v2\/pages\/9473\/revisions"}],"predecessor-version":[{"id":9497,"href":"https:\/\/urgencephysio.com\/fr\/wp-json\/wp\/v2\/pages\/9473\/revisions\/9497"}],"wp:attachment":[{"href":"https:\/\/urgencephysio.com\/fr\/wp-json\/wp\/v2\/media?parent=9473"}],"curies":[{"name":"wp","href":"https:\/\/api.w.org\/{rel}","templated":true}]}}