{"id":9468,"date":"2025-05-09T03:28:11","date_gmt":"2025-05-09T03:28:11","guid":{"rendered":"https:\/\/urgencephysio.com\/?page_id=9468"},"modified":"2025-05-09T17:19:32","modified_gmt":"2025-05-09T17:19:32","slug":"ivan","status":"publish","type":"page","link":"https:\/\/urgencephysio.com\/fr\/ivan\/","title":{"rendered":"Ivan Rivera"},"content":{"rendered":"<div data-elementor-type=\"wp-page\" data-elementor-id=\"9468\" class=\"elementor elementor-9468\">\n\t\t\t\t\t\t<div class=\"elementor-inner\">\n\t\t\t\t<div class=\"elementor-section-wrap\">\n\t\t\t\t\t\t\t\t\t<section class=\"elementor-section elementor-top-section elementor-element elementor-element-e568743 elementor-section-boxed elementor-section-height-default elementor-section-height-default\" data-id=\"e568743\" data-element_type=\"section\">\n\t\t\t\t\t\t<div class=\"elementor-container elementor-column-gap-extended\">\n\t\t\t\t\t\t\t<div class=\"elementor-row\">\n\t\t\t\t\t<div class=\"elementor-column elementor-col-50 elementor-top-column elementor-element elementor-element-1e43a05\" data-id=\"1e43a05\" data-element_type=\"column\">\n\t\t\t<div class=\"elementor-column-wrap elementor-element-populated\">\n\t\t\t\t\t\t\t<div class=\"elementor-widget-wrap\">\n\t\t\t\t\t\t<div class=\"elementor-element elementor-element-76c2cc9 elementor-widget elementor-widget-text-editor\" data-id=\"76c2cc9\" data-element_type=\"widget\" data-widget_type=\"text-editor.default\">\n\t\t\t\t<div class=\"elementor-widget-container\">\n\t\t\t<style>\/*! elementor - v3.11.5 - 14-03-2023 *\/\n.elementor-widget-text-editor.elementor-drop-cap-view-stacked .elementor-drop-cap{background-color:#818a91;color:#fff}.elementor-widget-text-editor.elementor-drop-cap-view-framed .elementor-drop-cap{color:#818a91;border:3px solid;background-color:transparent}.elementor-widget-text-editor:not(.elementor-drop-cap-view-default) .elementor-drop-cap{margin-top:8px}.elementor-widget-text-editor:not(.elementor-drop-cap-view-default) .elementor-drop-cap-letter{width:1em;height:1em}.elementor-widget-text-editor .elementor-drop-cap{float:left;text-align:center;line-height:1;font-size:50px}.elementor-widget-text-editor .elementor-drop-cap-letter{display:inline-block}<\/style>\t\t\t\t\t<div class=\"elementor-text-editor elementor-clearfix\">\n\t\t\t\t<p><span style=\"color: #56afd5;\"><b>\u00c0 propos d&#039;Ivan<br \/><\/b><\/span><\/p><div dir=\"ltr\">Dipl\u00f4m\u00e9 en techniques de physioth\u00e9rapie du Coll\u00e8ge Dawson en 2018, Iv\u00e1n poss\u00e8de une solide exp\u00e9rience en r\u00e9adaptation musculosquelettique. Il a \u0153uvr\u00e9 tant dans le r\u00e9seau public de la sant\u00e9 que dans le secteur priv\u00e9, d\u00e9veloppant une expertise en \u00e9valuation et en intervention aupr\u00e8s des clients de la CNESST et de la SAAQ. Reconnu pour sa capacit\u00e9 \u00e0 adapter les exercices aux besoins sp\u00e9cifiques de chaque patient, il favorise un retour aux activit\u00e9s quotidiennes s\u00e9curitaire et efficace.<\/div><div dir=\"ltr\">\u00a0<\/div><div dir=\"ltr\">Iv\u00e1n s&#039;int\u00e9resse \u00e9galement \u00e0 l&#039;engagement communautaire, notamment par le biais d&#039;initiatives visant \u00e0 am\u00e9liorer la mobilit\u00e9 des a\u00een\u00e9s. Trilingue (fran\u00e7ais, anglais et espagnol), il offre des soins accessibles et personnalis\u00e9s \u00e0 une client\u00e8le diversifi\u00e9e. Professionnel d\u00e9vou\u00e9 et empathique, Iv\u00e1n est toujours pr\u00eat \u00e0 \u00e9couter, \u00e0 soutenir et \u00e0 partager son expertise avec ses patients.<\/div>\t\t\t\t\t<\/div>\n\t\t\t\t\t\t<\/div>\n\t\t\t\t<\/div>\n\t\t\t\t\t\t<\/div>\n\t\t\t\t\t<\/div>\n\t\t<\/div>\n\t\t\t\t<div class=\"elementor-column elementor-col-50 elementor-top-column elementor-element elementor-element-c0fb147\" data-id=\"c0fb147\" data-element_type=\"column\">\n\t\t\t<div class=\"elementor-column-wrap elementor-element-populated\">\n\t\t\t\t\t\t\t<div class=\"elementor-widget-wrap\">\n\t\t\t\t\t\t<div class=\"elementor-element elementor-element-14fe519 elementor-widget elementor-widget-image\" data-id=\"14fe519\" data-element_type=\"widget\" data-widget_type=\"image.default\">\n\t\t\t\t<div class=\"elementor-widget-container\">\n\t\t\t<style>\/*! elementor - v3.11.5 - 14-03-2023 *\/\n.elementor-widget-image{text-align:center}.elementor-widget-image a{display:inline-block}.elementor-widget-image a img[src$=\".svg\"]{width:48px}.elementor-widget-image img{vertical-align:middle;display:inline-block}<\/style>\t\t\t\t\t<div class=\"elementor-image\">\n\t\t\t\t\t\t\t\t\t\t\t\t<img decoding=\"async\" width=\"1920\" height=\"2560\" src=\"https:\/\/urgencephysio.com\/wp-content\/uploads\/2025\/03\/thumbnail_image0.jpg\" class=\"attachment-full size-full wp-image-9436\" alt=\"\" loading=\"lazy\" srcset=\"https:\/\/urgencephysio.com\/wp-content\/uploads\/2025\/03\/thumbnail_image0.jpg 1920w, https:\/\/urgencephysio.com\/wp-content\/uploads\/2025\/03\/thumbnail_image0-225x300.jpg 225w, https:\/\/urgencephysio.com\/wp-content\/uploads\/2025\/03\/thumbnail_image0-768x1024.jpg 768w, https:\/\/urgencephysio.com\/wp-content\/uploads\/2025\/03\/thumbnail_image0-1152x1536.jpg 1152w, https:\/\/urgencephysio.com\/wp-content\/uploads\/2025\/03\/thumbnail_image0-1536x2048.jpg 1536w, https:\/\/urgencephysio.com\/wp-content\/uploads\/2025\/03\/thumbnail_image0-9x12.jpg 9w, https:\/\/urgencephysio.com\/wp-content\/uploads\/2025\/03\/thumbnail_image0-600x800.jpg 600w\" sizes=\"(max-width: 1920px) 100vw, 1920px\" \/>\t\t\t\t\t\t\t\t\t\t\t\t\t\t<\/div>\n\t\t\t\t\t\t<\/div>\n\t\t\t\t<\/div>\n\t\t\t\t\t\t<\/div>\n\t\t\t\t\t<\/div>\n\t\t<\/div>\n\t\t\t\t\t\t\t\t<\/div>\n\t\t\t\t\t<\/div>\n\t\t<\/section>\n\t\t\t\t\t\t\t\t\t<\/div>\n\t\t\t<\/div>\n\t\t\t\t\t<\/div>","protected":false},"excerpt":{"rendered":"<p>About Ivan Graduated in Physiotherapy Techniques from Dawson College in 2018, Iv\u00e1n has solid experience in musculoskeletal rehabilitation. He has worked in both the public healthcare system and the private sector, developing expertise in assessment and intervention for CNESST and SAAQ clients. Known for his ability to adapt exercises to each patient\u2019s specific needs, he [&hellip;]<\/p>","protected":false},"author":1,"featured_media":0,"parent":0,"menu_order":0,"comment_status":"closed","ping_status":"closed","template":"","meta":[],"acf":[],"_links":{"self":[{"href":"https:\/\/urgencephysio.com\/fr\/wp-json\/wp\/v2\/pages\/9468"}],"collection":[{"href":"https:\/\/urgencephysio.com\/fr\/wp-json\/wp\/v2\/pages"}],"about":[{"href":"https:\/\/urgencephysio.com\/fr\/wp-json\/wp\/v2\/types\/page"}],"author":[{"embeddable":true,"href":"https:\/\/urgencephysio.com\/fr\/wp-json\/wp\/v2\/users\/1"}],"replies":[{"embeddable":true,"href":"https:\/\/urgencephysio.com\/fr\/wp-json\/wp\/v2\/comments?post=9468"}],"version-history":[{"count":8,"href":"https:\/\/urgencephysio.com\/fr\/wp-json\/wp\/v2\/pages\/9468\/revisions"}],"predecessor-version":[{"id":9494,"href":"https:\/\/urgencephysio.com\/fr\/wp-json\/wp\/v2\/pages\/9468\/revisions\/9494"}],"wp:attachment":[{"href":"https:\/\/urgencephysio.com\/fr\/wp-json\/wp\/v2\/media?parent=9468"}],"curies":[{"name":"wp","href":"https:\/\/api.w.org\/{rel}","templated":true}]}}