{"id":8756,"date":"2023-07-27T18:45:32","date_gmt":"2023-07-27T18:45:32","guid":{"rendered":"http:\/\/urgencephysio.com\/?page_id=8756"},"modified":"2023-10-16T15:41:59","modified_gmt":"2023-10-16T15:41:59","slug":"douglas-dongmo-2","status":"publish","type":"page","link":"https:\/\/urgencephysio.com\/fr\/douglas-dongmo-2\/","title":{"rendered":"Douglas Dongmo"},"content":{"rendered":"<div data-elementor-type=\"wp-page\" data-elementor-id=\"8756\" class=\"elementor elementor-8756\">\n\t\t\t\t\t\t<div class=\"elementor-inner\">\n\t\t\t\t<div class=\"elementor-section-wrap\">\n\t\t\t\t\t\t\t\t\t<section class=\"elementor-section elementor-top-section elementor-element elementor-element-e568743 elementor-section-boxed elementor-section-height-default elementor-section-height-default\" data-id=\"e568743\" data-element_type=\"section\">\n\t\t\t\t\t\t<div class=\"elementor-container elementor-column-gap-extended\">\n\t\t\t\t\t\t\t<div class=\"elementor-row\">\n\t\t\t\t\t<div class=\"elementor-column elementor-col-50 elementor-top-column elementor-element elementor-element-1e43a05\" data-id=\"1e43a05\" data-element_type=\"column\">\n\t\t\t<div class=\"elementor-column-wrap elementor-element-populated\">\n\t\t\t\t\t\t\t<div class=\"elementor-widget-wrap\">\n\t\t\t\t\t\t<div class=\"elementor-element elementor-element-76c2cc9 elementor-widget elementor-widget-text-editor\" data-id=\"76c2cc9\" data-element_type=\"widget\" data-widget_type=\"text-editor.default\">\n\t\t\t\t<div class=\"elementor-widget-container\">\n\t\t\t<style>\/*! elementor - v3.11.5 - 14-03-2023 *\/\n.elementor-widget-text-editor.elementor-drop-cap-view-stacked .elementor-drop-cap{background-color:#818a91;color:#fff}.elementor-widget-text-editor.elementor-drop-cap-view-framed .elementor-drop-cap{color:#818a91;border:3px solid;background-color:transparent}.elementor-widget-text-editor:not(.elementor-drop-cap-view-default) .elementor-drop-cap{margin-top:8px}.elementor-widget-text-editor:not(.elementor-drop-cap-view-default) .elementor-drop-cap-letter{width:1em;height:1em}.elementor-widget-text-editor .elementor-drop-cap{float:left;text-align:center;line-height:1;font-size:50px}.elementor-widget-text-editor .elementor-drop-cap-letter{display:inline-block}<\/style>\t\t\t\t\t<div class=\"elementor-text-editor elementor-clearfix\">\n\t\t\t\t<p><span style=\"color: #56afd5;\"><b>\u00c0 propos de Douglas<br \/><\/b><\/span><\/p><p>Douglas Dongmo est un physioth\u00e9rapeute passionn\u00e9. Apr\u00e8s avoir termin\u00e9 ses \u00e9tudes en physioth\u00e9rapie \u00e0 l&#039;Universit\u00e9 Mcgill en 2019, il a suivi diverses formations (Mckenzie, Mulligan, physioth\u00e9rapie vestibulaire, p\u00e9diatrie, neuro, cardio, musculosquelettique, ainsi que des approches avec aiguilles s\u00e8ches, th\u00e9rapie manuelle, etc.) qui lui permettent de prodiguer des soins optimaux \u00e0 ses patients. Douglas, entre autres, est aussi un clinicien qui forme des \u00e9tudiants en physioth\u00e9rapie en stage<\/p><p>Langues parl\u00e9es : fran\u00e7ais, anglais, espagnol et italien<\/p>\t\t\t\t\t<\/div>\n\t\t\t\t\t\t<\/div>\n\t\t\t\t<\/div>\n\t\t\t\t\t\t<\/div>\n\t\t\t\t\t<\/div>\n\t\t<\/div>\n\t\t\t\t<div class=\"elementor-column elementor-col-50 elementor-top-column elementor-element elementor-element-c0fb147\" data-id=\"c0fb147\" data-element_type=\"column\">\n\t\t\t<div class=\"elementor-column-wrap elementor-element-populated\">\n\t\t\t\t\t\t\t<div class=\"elementor-widget-wrap\">\n\t\t\t\t\t\t<div class=\"elementor-element elementor-element-14fe519 elementor-widget elementor-widget-image\" data-id=\"14fe519\" data-element_type=\"widget\" data-widget_type=\"image.default\">\n\t\t\t\t<div class=\"elementor-widget-container\">\n\t\t\t<style>\/*! elementor - v3.11.5 - 14-03-2023 *\/\n.elementor-widget-image{text-align:center}.elementor-widget-image a{display:inline-block}.elementor-widget-image a img[src$=\".svg\"]{width:48px}.elementor-widget-image img{vertical-align:middle;display:inline-block}<\/style>\t\t\t\t\t<div class=\"elementor-image\">\n\t\t\t\t\t\t\t\t\t\t\t\t<img decoding=\"async\" width=\"1066\" height=\"1600\" src=\"https:\/\/urgencephysio.com\/wp-content\/uploads\/2023\/10\/doug.jpg\" class=\"attachment-full size-full wp-image-8923\" alt=\"\" loading=\"lazy\" srcset=\"https:\/\/urgencephysio.com\/wp-content\/uploads\/2023\/10\/doug.jpg 1066w, https:\/\/urgencephysio.com\/wp-content\/uploads\/2023\/10\/doug-200x300.jpg 200w, https:\/\/urgencephysio.com\/wp-content\/uploads\/2023\/10\/doug-682x1024.jpg 682w, https:\/\/urgencephysio.com\/wp-content\/uploads\/2023\/10\/doug-768x1153.jpg 768w, https:\/\/urgencephysio.com\/wp-content\/uploads\/2023\/10\/doug-1023x1536.jpg 1023w, https:\/\/urgencephysio.com\/wp-content\/uploads\/2023\/10\/doug-8x12.jpg 8w, https:\/\/urgencephysio.com\/wp-content\/uploads\/2023\/10\/doug-600x901.jpg 600w\" sizes=\"(max-width: 1066px) 100vw, 1066px\" \/>\t\t\t\t\t\t\t\t\t\t\t\t\t\t<\/div>\n\t\t\t\t\t\t<\/div>\n\t\t\t\t<\/div>\n\t\t\t\t\t\t<\/div>\n\t\t\t\t\t<\/div>\n\t\t<\/div>\n\t\t\t\t\t\t\t\t<\/div>\n\t\t\t\t\t<\/div>\n\t\t<\/section>\n\t\t\t\t\t\t\t\t\t<\/div>\n\t\t\t<\/div>\n\t\t\t\t\t<\/div>","protected":false},"excerpt":{"rendered":"<p>\u00c0 propos de Douglas Douglas Dongmo est un physioth\u00e9rapeute passionn\u00e9. Apr\u00e8s avoir compl\u00e9t\u00e9 ses \u00e9tudes en physioth\u00e9rapie \u00e0 l&#039;Universit\u00e9 Mcgill en 2019, il a suivi diverses formations (Mckenzie, Mulligan, physioth\u00e9rapie vestibulaire, p\u00e9diatrie, neuro, cardio, musculo-squelettique, ainsi que des approches avec aiguilles s\u00e8ches, th\u00e9rapie manuelle, etc.) qui lui permettent de prodiguer des soins optimaux \u00e0 ses patients. Douglas, entre autres, [\u2026]<\/p>","protected":false},"author":2,"featured_media":0,"parent":0,"menu_order":0,"comment_status":"closed","ping_status":"closed","template":"","meta":[],"acf":[],"_links":{"self":[{"href":"https:\/\/urgencephysio.com\/fr\/wp-json\/wp\/v2\/pages\/8756"}],"collection":[{"href":"https:\/\/urgencephysio.com\/fr\/wp-json\/wp\/v2\/pages"}],"about":[{"href":"https:\/\/urgencephysio.com\/fr\/wp-json\/wp\/v2\/types\/page"}],"author":[{"embeddable":true,"href":"https:\/\/urgencephysio.com\/fr\/wp-json\/wp\/v2\/users\/2"}],"replies":[{"embeddable":true,"href":"https:\/\/urgencephysio.com\/fr\/wp-json\/wp\/v2\/comments?post=8756"}],"version-history":[{"count":8,"href":"https:\/\/urgencephysio.com\/fr\/wp-json\/wp\/v2\/pages\/8756\/revisions"}],"predecessor-version":[{"id":8927,"href":"https:\/\/urgencephysio.com\/fr\/wp-json\/wp\/v2\/pages\/8756\/revisions\/8927"}],"wp:attachment":[{"href":"https:\/\/urgencephysio.com\/fr\/wp-json\/wp\/v2\/media?parent=8756"}],"curies":[{"name":"wp","href":"https:\/\/api.w.org\/{rel}","templated":true}]}}