{"id":8611,"date":"2023-07-06T17:34:55","date_gmt":"2023-07-06T17:34:55","guid":{"rendered":"http:\/\/urgencephysio.com\/?page_id=8611"},"modified":"2024-07-05T17:48:36","modified_gmt":"2024-07-05T17:48:36","slug":"pelvic-physiotherapy","status":"publish","type":"page","link":"https:\/\/urgencephysio.com\/fr\/services\/pelvic-physiotherapy\/","title":{"rendered":"Physioth\u00e9rapie pelvienne"},"content":{"rendered":"<div data-elementor-type=\"wp-page\" data-elementor-id=\"8611\" class=\"elementor elementor-8611\">\n\t\t\t\t\t\t<div class=\"elementor-inner\">\n\t\t\t\t<div class=\"elementor-section-wrap\">\n\t\t\t\t\t\t\t\t\t<section class=\"elementor-section elementor-top-section elementor-element elementor-element-9e0d5d2 elementor-section-boxed elementor-section-height-default elementor-section-height-default\" data-id=\"9e0d5d2\" data-element_type=\"section\">\n\t\t\t\t\t\t<div class=\"elementor-container elementor-column-gap-extended\">\n\t\t\t\t\t\t\t<div class=\"elementor-row\">\n\t\t\t\t\t<div class=\"elementor-column elementor-col-50 elementor-top-column elementor-element elementor-element-8ddd175\" data-id=\"8ddd175\" data-element_type=\"column\">\n\t\t\t<div class=\"elementor-column-wrap elementor-element-populated\">\n\t\t\t\t\t\t\t<div class=\"elementor-widget-wrap\">\n\t\t\t\t\t\t<div class=\"elementor-element elementor-element-a3a312c elementor-widget elementor-widget-image\" data-id=\"a3a312c\" data-element_type=\"widget\" data-widget_type=\"image.default\">\n\t\t\t\t<div class=\"elementor-widget-container\">\n\t\t\t<style>\/*! elementor - v3.11.5 - 14-03-2023 *\/\n.elementor-widget-image{text-align:center}.elementor-widget-image a{display:inline-block}.elementor-widget-image a img[src$=\".svg\"]{width:48px}.elementor-widget-image img{vertical-align:middle;display:inline-block}<\/style>\t\t\t\t\t<div class=\"elementor-image\">\n\t\t\t\t\t\t\t\t\t\t\t\t<img decoding=\"async\" width=\"3213\" height=\"2143\" src=\"https:\/\/urgencephysio.com\/wp-content\/uploads\/2023\/07\/Untitled-850-\u00d7-567-mm-6.png\" class=\"attachment-full size-full wp-image-8622\" alt=\"\" loading=\"lazy\" srcset=\"https:\/\/urgencephysio.com\/wp-content\/uploads\/2023\/07\/Untitled-850-\u00d7-567-mm-6.png 3213w, https:\/\/urgencephysio.com\/wp-content\/uploads\/2023\/07\/Untitled-850-\u00d7-567-mm-6-300x200.png 300w, https:\/\/urgencephysio.com\/wp-content\/uploads\/2023\/07\/Untitled-850-\u00d7-567-mm-6-1024x683.png 1024w, https:\/\/urgencephysio.com\/wp-content\/uploads\/2023\/07\/Untitled-850-\u00d7-567-mm-6-768x512.png 768w, https:\/\/urgencephysio.com\/wp-content\/uploads\/2023\/07\/Untitled-850-\u00d7-567-mm-6-1536x1024.png 1536w, https:\/\/urgencephysio.com\/wp-content\/uploads\/2023\/07\/Untitled-850-\u00d7-567-mm-6-2048x1366.png 2048w, https:\/\/urgencephysio.com\/wp-content\/uploads\/2023\/07\/Untitled-850-\u00d7-567-mm-6-360x240.png 360w, https:\/\/urgencephysio.com\/wp-content\/uploads\/2023\/07\/Untitled-850-\u00d7-567-mm-6-850x567.png 850w, https:\/\/urgencephysio.com\/wp-content\/uploads\/2023\/07\/Untitled-850-\u00d7-567-mm-6-600x400.png 600w\" sizes=\"(max-width: 3213px) 100vw, 3213px\" \/>\t\t\t\t\t\t\t\t\t\t\t\t\t\t<\/div>\n\t\t\t\t\t\t<\/div>\n\t\t\t\t<\/div>\n\t\t\t\t\t\t<\/div>\n\t\t\t\t\t<\/div>\n\t\t<\/div>\n\t\t\t\t<div class=\"elementor-column elementor-col-50 elementor-top-column elementor-element elementor-element-610998e\" data-id=\"610998e\" data-element_type=\"column\">\n\t\t\t<div class=\"elementor-column-wrap elementor-element-populated\">\n\t\t\t\t\t\t\t<div class=\"elementor-widget-wrap\">\n\t\t\t\t\t\t<div class=\"elementor-element elementor-element-a45fbc9 elementor-widget elementor-widget-text-editor\" data-id=\"a45fbc9\" data-element_type=\"widget\" data-widget_type=\"text-editor.default\">\n\t\t\t\t<div class=\"elementor-widget-container\">\n\t\t\t<style>\/*! elementor - v3.11.5 - 14-03-2023 *\/\n.elementor-widget-text-editor.elementor-drop-cap-view-stacked .elementor-drop-cap{background-color:#818a91;color:#fff}.elementor-widget-text-editor.elementor-drop-cap-view-framed .elementor-drop-cap{color:#818a91;border:3px solid;background-color:transparent}.elementor-widget-text-editor:not(.elementor-drop-cap-view-default) .elementor-drop-cap{margin-top:8px}.elementor-widget-text-editor:not(.elementor-drop-cap-view-default) .elementor-drop-cap-letter{width:1em;height:1em}.elementor-widget-text-editor .elementor-drop-cap{float:left;text-align:center;line-height:1;font-size:50px}.elementor-widget-text-editor .elementor-drop-cap-letter{display:inline-block}<\/style>\t\t\t\t\t<div class=\"elementor-text-editor elementor-clearfix\">\n\t\t\t\t<p>La physioth\u00e9rapie pelvienne, \u00e9galement connue sous le nom de physioth\u00e9rapie du plancher pelvien ou de r\u00e9adaptation pelvienne, est un domaine sp\u00e9cialis\u00e9 de la physioth\u00e9rapie qui se concentre sur l&#039;\u00e9valuation et le traitement des affections li\u00e9es \u00e0 la r\u00e9gion pelvienne. Le plancher pelvien fait r\u00e9f\u00e9rence \u00e0 un groupe de muscles, de ligaments et de tissus conjonctifs situ\u00e9s \u00e0 la base du bassin qui soutiennent les organes pelviens, notamment la vessie, l&#039;ut\u00e9rus et le rectum.<\/p><p>La physioth\u00e9rapie pelvienne vise \u00e0 traiter diverses affections pouvant affecter les muscles du plancher pelvien, telles que les douleurs pelviennes, l&#039;incontinence urinaire ou f\u00e9cale, le prolapsus des organes pelviens, les dysfonctionnements du plancher pelvien, les douleurs de la ceinture pelvienne et les dysfonctionnements sexuels. Ces conditions peuvent survenir en raison de divers facteurs, notamment la grossesse, l&#039;accouchement, la post-chirurgie, les traumatismes, le vieillissement, les changements hormonaux ou les maladies chroniques.<\/p><p>Un physioth\u00e9rapeute pelvien est form\u00e9 pour \u00e9valuer et diagnostiquer le dysfonctionnement du plancher pelvien au moyen d&#039;une \u00e9valuation compl\u00e8te, qui peut impliquer une anamn\u00e8se d\u00e9taill\u00e9e, un examen physique et des tests sp\u00e9cialis\u00e9s. Sur la base des r\u00e9sultats de l&#039;\u00e9valuation, le physioth\u00e9rapeute \u00e9labore un plan de traitement individualis\u00e9 adapt\u00e9 aux besoins sp\u00e9cifiques du patient.<\/p><p>Les traitements de physioth\u00e9rapie pelvienne comprennent g\u00e9n\u00e9ralement une combinaison de techniques, telles que des exercices des muscles du plancher pelvien (\u00e9galement appel\u00e9s exercices de Kegel), un entra\u00eenement au biofeedback, une th\u00e9rapie manuelle, une lib\u00e9ration myofasciale, des techniques de relaxation, une stimulation \u00e9lectrique et une \u00e9ducation sur les modifications du mode de vie et les habitudes v\u00e9sicales\/intestinales. L&#039;objectif est d&#039;am\u00e9liorer la force musculaire, la coordination, la flexibilit\u00e9 et la fonction globale des muscles du plancher pelvien, ainsi que de soulager la douleur et d&#039;am\u00e9liorer la qualit\u00e9 de vie.<\/p><p>De plus, les physioth\u00e9rapeutes pelviens peuvent fournir des conseils et un soutien pendant la grossesse et le post-partum pour r\u00e9soudre des probl\u00e8mes courants tels que les douleurs pelviennes li\u00e9es \u00e0 la grossesse, la diastasis recti (s\u00e9paration abdominale) et la r\u00e9cup\u00e9ration apr\u00e8s l&#039;accouchement.<\/p><p>La physioth\u00e9rapie pelvienne est g\u00e9n\u00e9ralement pratiqu\u00e9e par des physioth\u00e9rapeutes sp\u00e9cialis\u00e9s qui ont re\u00e7u une formation et une certification suppl\u00e9mentaires dans ce domaine. Ils travaillent en \u00e9troite collaboration avec les patients, offrant une \u00e9ducation, des exercices et des techniques pratiques pour aider les individus \u00e0 retrouver une sant\u00e9 et une fonction pelvienne optimales.<\/p>\t\t\t\t\t<\/div>\n\t\t\t\t\t\t<\/div>\n\t\t\t\t<\/div>\n\t\t\t\t\t\t<\/div>\n\t\t\t\t\t<\/div>\n\t\t<\/div>\n\t\t\t\t\t\t\t\t<\/div>\n\t\t\t\t\t<\/div>\n\t\t<\/section>\n\t\t\t\t<section class=\"elementor-section elementor-top-section elementor-element elementor-element-119becf elementor-section-boxed elementor-section-height-default elementor-section-height-default\" data-id=\"119becf\" data-element_type=\"section\">\n\t\t\t\t\t\t<div class=\"elementor-container elementor-column-gap-default\">\n\t\t\t\t\t\t\t<div class=\"elementor-row\">\n\t\t\t\t\t<div class=\"elementor-column elementor-col-100 elementor-top-column elementor-element elementor-element-0866dda\" data-id=\"0866dda\" data-element_type=\"column\">\n\t\t\t<div class=\"elementor-column-wrap elementor-element-populated\">\n\t\t\t\t\t\t\t<div class=\"elementor-widget-wrap\">\n\t\t\t\t\t\t<div class=\"elementor-element elementor-element-74fdded elementor-align-right elementor-widget__width-inherit elementor-widget elementor-widget-button\" data-id=\"74fdded\" data-element_type=\"widget\" data-widget_type=\"button.default\">\n\t\t\t\t<div class=\"elementor-widget-container\">\n\t\t\t\t\t<div class=\"elementor-button-wrapper\">\n\t\t\t<a href=\"https:\/\/urgencephysiocp.clinicmaster.com\/landing?clinicId=4079&#038;lang=fr-CA\" class=\"elementor-button-link elementor-button elementor-size-lg\" role=\"button\">\n\t\t\t\t\t\t<span class=\"elementor-button-content-wrapper\">\n\t\t\t\t\t\t<span class=\"elementor-button-text\">PRENEZ RENDEZ-VOUS<\/span>\n\t\t<\/span>\n\t\t\t\t\t<\/a>\n\t\t<\/div>\n\t\t\t\t<\/div>\n\t\t\t\t<\/div>\n\t\t\t\t\t\t<\/div>\n\t\t\t\t\t<\/div>\n\t\t<\/div>\n\t\t\t\t\t\t\t\t<\/div>\n\t\t\t\t\t<\/div>\n\t\t<\/section>\n\t\t\t\t\t\t\t\t\t<\/div>\n\t\t\t<\/div>\n\t\t\t\t\t<\/div>","protected":false},"excerpt":{"rendered":"<p>La physioth\u00e9rapie pelvienne, \u00e9galement connue sous le nom de physioth\u00e9rapie du plancher pelvien ou de r\u00e9adaptation pelvienne, est un domaine sp\u00e9cialis\u00e9 de la physioth\u00e9rapie qui se concentre sur l&#039;\u00e9valuation et le traitement des affections li\u00e9es \u00e0 la r\u00e9gion pelvienne. Le plancher pelvien fait r\u00e9f\u00e9rence \u00e0 un groupe de muscles, de ligaments et de tissus conjonctifs situ\u00e9s \u00e0 la base du bassin qui soutiennent les organes pelviens, notamment la vessie, l&#039;ut\u00e9rus et le rectum.<\/p>\n<p>La physioth\u00e9rapie pelvienne vise \u00e0 traiter diverses affections pouvant affecter les muscles du plancher pelvien, telles que les douleurs pelviennes, l&#039;incontinence urinaire ou f\u00e9cale, le prolapsus des organes pelviens, les dysfonctionnements du plancher pelvien, les douleurs de la ceinture pelvienne et les dysfonctionnements sexuels. Ces conditions peuvent survenir en raison de divers facteurs, notamment la grossesse, l&#039;accouchement, la post-chirurgie, les traumatismes, le vieillissement, les changements hormonaux ou les maladies chroniques.<\/p>\n<p>Un physioth\u00e9rapeute pelvien est form\u00e9 pour \u00e9valuer et diagnostiquer le dysfonctionnement du plancher pelvien au moyen d&#039;une \u00e9valuation compl\u00e8te, qui peut impliquer une anamn\u00e8se d\u00e9taill\u00e9e, un examen physique et des tests sp\u00e9cialis\u00e9s. Sur la base des r\u00e9sultats de l&#039;\u00e9valuation, le physioth\u00e9rapeute \u00e9labore un plan de traitement individualis\u00e9 adapt\u00e9 aux besoins sp\u00e9cifiques du patient.<\/p>\n<p>Les traitements de physioth\u00e9rapie pelvienne comprennent g\u00e9n\u00e9ralement une combinaison de techniques, telles que des exercices des muscles du plancher pelvien (\u00e9galement appel\u00e9s exercices de Kegel), un entra\u00eenement au biofeedback, une th\u00e9rapie manuelle, une lib\u00e9ration myofasciale, des techniques de relaxation, une stimulation \u00e9lectrique et une \u00e9ducation sur les modifications du mode de vie et les habitudes v\u00e9sicales\/intestinales. L&#039;objectif est d&#039;am\u00e9liorer la force musculaire, la coordination, la flexibilit\u00e9 et la fonction globale des muscles du plancher pelvien, ainsi que de soulager la douleur et d&#039;am\u00e9liorer la qualit\u00e9 de vie.<\/p>\n<p>De plus, les physioth\u00e9rapeutes pelviens peuvent fournir des conseils et un soutien pendant la grossesse et le post-partum pour r\u00e9soudre des probl\u00e8mes courants tels que les douleurs pelviennes li\u00e9es \u00e0 la grossesse, la diastasis recti (s\u00e9paration abdominale) et la r\u00e9cup\u00e9ration apr\u00e8s l&#039;accouchement.<\/p>\n<p>La physioth\u00e9rapie pelvienne est g\u00e9n\u00e9ralement pratiqu\u00e9e par des physioth\u00e9rapeutes sp\u00e9cialis\u00e9s qui ont re\u00e7u une formation et une certification suppl\u00e9mentaires dans ce domaine. Ils travaillent en \u00e9troite collaboration avec les patients, offrant une \u00e9ducation, des exercices et des techniques pratiques pour aider les individus \u00e0 retrouver une sant\u00e9 et une fonction pelvienne optimales.<\/p>","protected":false},"author":2,"featured_media":8622,"parent":8030,"menu_order":0,"comment_status":"closed","ping_status":"closed","template":"","meta":[],"acf":[],"_links":{"self":[{"href":"https:\/\/urgencephysio.com\/fr\/wp-json\/wp\/v2\/pages\/8611"}],"collection":[{"href":"https:\/\/urgencephysio.com\/fr\/wp-json\/wp\/v2\/pages"}],"about":[{"href":"https:\/\/urgencephysio.com\/fr\/wp-json\/wp\/v2\/types\/page"}],"author":[{"embeddable":true,"href":"https:\/\/urgencephysio.com\/fr\/wp-json\/wp\/v2\/users\/2"}],"replies":[{"embeddable":true,"href":"https:\/\/urgencephysio.com\/fr\/wp-json\/wp\/v2\/comments?post=8611"}],"version-history":[{"count":10,"href":"https:\/\/urgencephysio.com\/fr\/wp-json\/wp\/v2\/pages\/8611\/revisions"}],"predecessor-version":[{"id":9189,"href":"https:\/\/urgencephysio.com\/fr\/wp-json\/wp\/v2\/pages\/8611\/revisions\/9189"}],"up":[{"embeddable":true,"href":"https:\/\/urgencephysio.com\/fr\/wp-json\/wp\/v2\/pages\/8030"}],"wp:featuredmedia":[{"embeddable":true,"href":"https:\/\/urgencephysio.com\/fr\/wp-json\/wp\/v2\/media\/8622"}],"wp:attachment":[{"href":"https:\/\/urgencephysio.com\/fr\/wp-json\/wp\/v2\/media?parent=8611"}],"curies":[{"name":"wp","href":"https:\/\/api.w.org\/{rel}","templated":true}]}}