{"id":8609,"date":"2023-07-06T17:20:01","date_gmt":"2023-07-06T17:20:01","guid":{"rendered":"http:\/\/urgencephysio.com\/?page_id=8609"},"modified":"2024-07-05T17:47:58","modified_gmt":"2024-07-05T17:47:58","slug":"pediatric-physiotherapy","status":"publish","type":"page","link":"https:\/\/urgencephysio.com\/fr\/services\/pediatric-physiotherapy\/","title":{"rendered":"Physioth\u00e9rapie p\u00e9diatrique"},"content":{"rendered":"<div data-elementor-type=\"wp-page\" data-elementor-id=\"8609\" class=\"elementor elementor-8609\">\n\t\t\t\t\t\t<div class=\"elementor-inner\">\n\t\t\t\t<div class=\"elementor-section-wrap\">\n\t\t\t\t\t\t\t\t\t<section class=\"elementor-section elementor-top-section elementor-element elementor-element-9e0d5d2 elementor-section-boxed elementor-section-height-default elementor-section-height-default\" data-id=\"9e0d5d2\" data-element_type=\"section\">\n\t\t\t\t\t\t<div class=\"elementor-container elementor-column-gap-extended\">\n\t\t\t\t\t\t\t<div class=\"elementor-row\">\n\t\t\t\t\t<div class=\"elementor-column elementor-col-50 elementor-top-column elementor-element elementor-element-8ddd175\" data-id=\"8ddd175\" data-element_type=\"column\">\n\t\t\t<div class=\"elementor-column-wrap elementor-element-populated\">\n\t\t\t\t\t\t\t<div class=\"elementor-widget-wrap\">\n\t\t\t\t\t\t<div class=\"elementor-element elementor-element-a3a312c elementor-widget elementor-widget-image\" data-id=\"a3a312c\" data-element_type=\"widget\" data-widget_type=\"image.default\">\n\t\t\t\t<div class=\"elementor-widget-container\">\n\t\t\t<style>\/*! elementor - v3.11.5 - 14-03-2023 *\/\n.elementor-widget-image{text-align:center}.elementor-widget-image a{display:inline-block}.elementor-widget-image a img[src$=\".svg\"]{width:48px}.elementor-widget-image img{vertical-align:middle;display:inline-block}<\/style>\t\t\t\t\t<div class=\"elementor-image\">\n\t\t\t\t\t\t\t\t\t\t\t\t<img decoding=\"async\" width=\"3213\" height=\"2143\" src=\"https:\/\/urgencephysio.com\/wp-content\/uploads\/2023\/07\/Untitled-850-\u00d7-567-mm-5.png\" class=\"attachment-full size-full wp-image-8616\" alt=\"\" loading=\"lazy\" srcset=\"https:\/\/urgencephysio.com\/wp-content\/uploads\/2023\/07\/Untitled-850-\u00d7-567-mm-5.png 3213w, https:\/\/urgencephysio.com\/wp-content\/uploads\/2023\/07\/Untitled-850-\u00d7-567-mm-5-300x200.png 300w, https:\/\/urgencephysio.com\/wp-content\/uploads\/2023\/07\/Untitled-850-\u00d7-567-mm-5-1024x683.png 1024w, https:\/\/urgencephysio.com\/wp-content\/uploads\/2023\/07\/Untitled-850-\u00d7-567-mm-5-768x512.png 768w, https:\/\/urgencephysio.com\/wp-content\/uploads\/2023\/07\/Untitled-850-\u00d7-567-mm-5-1536x1024.png 1536w, https:\/\/urgencephysio.com\/wp-content\/uploads\/2023\/07\/Untitled-850-\u00d7-567-mm-5-2048x1366.png 2048w, https:\/\/urgencephysio.com\/wp-content\/uploads\/2023\/07\/Untitled-850-\u00d7-567-mm-5-360x240.png 360w, https:\/\/urgencephysio.com\/wp-content\/uploads\/2023\/07\/Untitled-850-\u00d7-567-mm-5-850x567.png 850w, https:\/\/urgencephysio.com\/wp-content\/uploads\/2023\/07\/Untitled-850-\u00d7-567-mm-5-600x400.png 600w\" sizes=\"(max-width: 3213px) 100vw, 3213px\" \/>\t\t\t\t\t\t\t\t\t\t\t\t\t\t<\/div>\n\t\t\t\t\t\t<\/div>\n\t\t\t\t<\/div>\n\t\t\t\t\t\t<\/div>\n\t\t\t\t\t<\/div>\n\t\t<\/div>\n\t\t\t\t<div class=\"elementor-column elementor-col-50 elementor-top-column elementor-element elementor-element-610998e\" data-id=\"610998e\" data-element_type=\"column\">\n\t\t\t<div class=\"elementor-column-wrap elementor-element-populated\">\n\t\t\t\t\t\t\t<div class=\"elementor-widget-wrap\">\n\t\t\t\t\t\t<div class=\"elementor-element elementor-element-a45fbc9 elementor-widget elementor-widget-text-editor\" data-id=\"a45fbc9\" data-element_type=\"widget\" data-widget_type=\"text-editor.default\">\n\t\t\t\t<div class=\"elementor-widget-container\">\n\t\t\t<style>\/*! elementor - v3.11.5 - 14-03-2023 *\/\n.elementor-widget-text-editor.elementor-drop-cap-view-stacked .elementor-drop-cap{background-color:#818a91;color:#fff}.elementor-widget-text-editor.elementor-drop-cap-view-framed .elementor-drop-cap{color:#818a91;border:3px solid;background-color:transparent}.elementor-widget-text-editor:not(.elementor-drop-cap-view-default) .elementor-drop-cap{margin-top:8px}.elementor-widget-text-editor:not(.elementor-drop-cap-view-default) .elementor-drop-cap-letter{width:1em;height:1em}.elementor-widget-text-editor .elementor-drop-cap{float:left;text-align:center;line-height:1;font-size:50px}.elementor-widget-text-editor .elementor-drop-cap-letter{display:inline-block}<\/style>\t\t\t\t\t<div class=\"elementor-text-editor elementor-clearfix\">\n\t\t\t\t<p>La physioth\u00e9rapie p\u00e9diatrique, \u00e9galement connue sous le nom de physioth\u00e9rapie p\u00e9diatrique, est une branche sp\u00e9cialis\u00e9e de la physioth\u00e9rapie ax\u00e9e sur la prestation de services de sant\u00e9 aux nourrissons, aux enfants et aux adolescents. Il vise \u00e0 promouvoir le d\u00e9veloppement, la mobilit\u00e9, la fonction et la qualit\u00e9 de vie des enfants qui ont diverses conditions physiques, blessures ou handicaps.<\/p><p>Les physioth\u00e9rapeutes p\u00e9diatriques travaillent avec des enfants qui peuvent avoir des troubles cong\u00e9nitaux, des troubles g\u00e9n\u00e9tiques, des retards de d\u00e9veloppement, des troubles neurologiques, des conditions orthop\u00e9diques, des blessures sportives ou d&#039;autres conditions qui affectent leurs capacit\u00e9s physiques. L&#039;objectif principal de la physioth\u00e9rapie p\u00e9diatrique est d&#039;aider les enfants \u00e0 acqu\u00e9rir ou \u00e0 am\u00e9liorer leurs capacit\u00e9s physiques, leur mobilit\u00e9, leur force, leur coordination, leur \u00e9quilibre et leur endurance.<\/p><p>Les physioth\u00e9rapeutes p\u00e9diatriques utilisent une vari\u00e9t\u00e9 de techniques et d&#039;interventions pour r\u00e9pondre aux besoins uniques des enfants. Ils font souvent participer les enfants \u00e0 des activit\u00e9s et \u00e0 des exercices ludiques con\u00e7us pour \u00eatre amusants et motivants, tout en favorisant des habilet\u00e9s physiques sp\u00e9cifiques. Ceux-ci peuvent inclure des activit\u00e9s d&#039;\u00e9quilibre et de coordination, des exercices de renforcement, des exercices d&#039;\u00e9tirement, un entra\u00eenement \u00e0 la marche, un entra\u00eenement \u00e0 la mobilit\u00e9 et un entra\u00eenement fonctionnel pour am\u00e9liorer les activit\u00e9s quotidiennes.<\/p><p>La physioth\u00e9rapie p\u00e9diatrique peut \u00e9galement impliquer l&#039;utilisation d&#039;\u00e9quipements sp\u00e9cialis\u00e9s et d&#039;appareils fonctionnels, tels que des marchettes, des b\u00e9quilles, des fauteuils roulants, des orth\u00e8ses ou des proth\u00e8ses, selon les besoins de l&#039;enfant. Les th\u00e9rapeutes peuvent \u00e9galement fournir une \u00e9ducation et des conseils aux parents et aux soignants sur la fa\u00e7on de soutenir le d\u00e9veloppement physique de leur enfant et de promouvoir un mouvement et une fonction optimaux.<\/p><p>Dans l&#039;ensemble, la physioth\u00e9rapie p\u00e9diatrique joue un r\u00f4le crucial en aidant les enfants \u00e0 surmonter les d\u00e9fis physiques, \u00e0 am\u00e9liorer leurs habilet\u00e9s motrices et \u00e0 atteindre leur plus haut niveau d&#039;ind\u00e9pendance et de participation aux activit\u00e9s quotidiennes. La th\u00e9rapie vise \u00e0 optimiser le potentiel physique de chaque enfant et \u00e0 am\u00e9liorer son bien-\u00eatre g\u00e9n\u00e9ral.<\/p>\t\t\t\t\t<\/div>\n\t\t\t\t\t\t<\/div>\n\t\t\t\t<\/div>\n\t\t\t\t\t\t<\/div>\n\t\t\t\t\t<\/div>\n\t\t<\/div>\n\t\t\t\t\t\t\t\t<\/div>\n\t\t\t\t\t<\/div>\n\t\t<\/section>\n\t\t\t\t<section class=\"elementor-section elementor-top-section elementor-element elementor-element-f301228 elementor-section-boxed elementor-section-height-default elementor-section-height-default\" data-id=\"f301228\" data-element_type=\"section\">\n\t\t\t\t\t\t<div class=\"elementor-container elementor-column-gap-default\">\n\t\t\t\t\t\t\t<div class=\"elementor-row\">\n\t\t\t\t\t<div class=\"elementor-column elementor-col-100 elementor-top-column elementor-element elementor-element-9fc4b1b\" data-id=\"9fc4b1b\" data-element_type=\"column\">\n\t\t\t<div class=\"elementor-column-wrap elementor-element-populated\">\n\t\t\t\t\t\t\t<div class=\"elementor-widget-wrap\">\n\t\t\t\t\t\t<div class=\"elementor-element elementor-element-8f1375c elementor-align-right elementor-widget__width-inherit elementor-widget elementor-widget-button\" data-id=\"8f1375c\" data-element_type=\"widget\" data-widget_type=\"button.default\">\n\t\t\t\t<div class=\"elementor-widget-container\">\n\t\t\t\t\t<div class=\"elementor-button-wrapper\">\n\t\t\t<a href=\"https:\/\/urgencephysiocp.clinicmaster.com\/landing?clinicId=4079&#038;lang=fr-CA\" class=\"elementor-button-link elementor-button elementor-size-lg\" role=\"button\">\n\t\t\t\t\t\t<span class=\"elementor-button-content-wrapper\">\n\t\t\t\t\t\t<span class=\"elementor-button-text\">PRENEZ RENDEZ-VOUS<\/span>\n\t\t<\/span>\n\t\t\t\t\t<\/a>\n\t\t<\/div>\n\t\t\t\t<\/div>\n\t\t\t\t<\/div>\n\t\t\t\t\t\t<\/div>\n\t\t\t\t\t<\/div>\n\t\t<\/div>\n\t\t\t\t\t\t\t\t<\/div>\n\t\t\t\t\t<\/div>\n\t\t<\/section>\n\t\t\t\t\t\t\t\t\t<\/div>\n\t\t\t<\/div>\n\t\t\t\t\t<\/div>","protected":false},"excerpt":{"rendered":"<p>La physioth\u00e9rapie p\u00e9diatrique, \u00e9galement connue sous le nom de physioth\u00e9rapie p\u00e9diatrique, est une branche sp\u00e9cialis\u00e9e de la physioth\u00e9rapie ax\u00e9e sur la prestation de services de sant\u00e9 aux nourrissons, aux enfants et aux adolescents. Il vise \u00e0 promouvoir le d\u00e9veloppement, la mobilit\u00e9, la fonction et la qualit\u00e9 de vie des enfants qui ont diverses conditions physiques, blessures ou handicaps.<\/p>\n<p>Les physioth\u00e9rapeutes p\u00e9diatriques travaillent avec des enfants qui peuvent avoir des troubles cong\u00e9nitaux, des troubles g\u00e9n\u00e9tiques, des retards de d\u00e9veloppement, des troubles neurologiques, des conditions orthop\u00e9diques, des blessures sportives ou d&#039;autres conditions qui affectent leurs capacit\u00e9s physiques. L&#039;objectif principal de la physioth\u00e9rapie p\u00e9diatrique est d&#039;aider les enfants \u00e0 acqu\u00e9rir ou \u00e0 am\u00e9liorer leurs capacit\u00e9s physiques, leur mobilit\u00e9, leur force, leur coordination, leur \u00e9quilibre et leur endurance.<\/p>\n<p>Les physioth\u00e9rapeutes p\u00e9diatriques utilisent une vari\u00e9t\u00e9 de techniques et d&#039;interventions pour r\u00e9pondre aux besoins uniques des enfants. Ils font souvent participer les enfants \u00e0 des activit\u00e9s et \u00e0 des exercices ludiques con\u00e7us pour \u00eatre amusants et motivants, tout en favorisant des habilet\u00e9s physiques sp\u00e9cifiques. Ceux-ci peuvent inclure des activit\u00e9s d&#039;\u00e9quilibre et de coordination, des exercices de renforcement, des exercices d&#039;\u00e9tirement, un entra\u00eenement \u00e0 la marche, un entra\u00eenement \u00e0 la mobilit\u00e9 et un entra\u00eenement fonctionnel pour am\u00e9liorer les activit\u00e9s quotidiennes.<\/p>\n<p>La physioth\u00e9rapie p\u00e9diatrique peut \u00e9galement impliquer l&#039;utilisation d&#039;\u00e9quipements sp\u00e9cialis\u00e9s et d&#039;appareils fonctionnels, tels que des marchettes, des b\u00e9quilles, des fauteuils roulants, des orth\u00e8ses ou des proth\u00e8ses, selon les besoins de l&#039;enfant. Les th\u00e9rapeutes peuvent \u00e9galement fournir une \u00e9ducation et des conseils aux parents et aux soignants sur la fa\u00e7on de soutenir le d\u00e9veloppement physique de leur enfant et de promouvoir un mouvement et une fonction optimaux.<\/p>\n<p>Dans l&#039;ensemble, la physioth\u00e9rapie p\u00e9diatrique joue un r\u00f4le crucial en aidant les enfants \u00e0 surmonter les d\u00e9fis physiques, \u00e0 am\u00e9liorer leurs habilet\u00e9s motrices et \u00e0 atteindre leur plus haut niveau d&#039;ind\u00e9pendance et de participation aux activit\u00e9s quotidiennes. La th\u00e9rapie vise \u00e0 optimiser le potentiel physique de chaque enfant et \u00e0 am\u00e9liorer son bien-\u00eatre g\u00e9n\u00e9ral.<\/p>","protected":false},"author":2,"featured_media":8616,"parent":8030,"menu_order":0,"comment_status":"closed","ping_status":"closed","template":"","meta":[],"acf":[],"_links":{"self":[{"href":"https:\/\/urgencephysio.com\/fr\/wp-json\/wp\/v2\/pages\/8609"}],"collection":[{"href":"https:\/\/urgencephysio.com\/fr\/wp-json\/wp\/v2\/pages"}],"about":[{"href":"https:\/\/urgencephysio.com\/fr\/wp-json\/wp\/v2\/types\/page"}],"author":[{"embeddable":true,"href":"https:\/\/urgencephysio.com\/fr\/wp-json\/wp\/v2\/users\/2"}],"replies":[{"embeddable":true,"href":"https:\/\/urgencephysio.com\/fr\/wp-json\/wp\/v2\/comments?post=8609"}],"version-history":[{"count":8,"href":"https:\/\/urgencephysio.com\/fr\/wp-json\/wp\/v2\/pages\/8609\/revisions"}],"predecessor-version":[{"id":9183,"href":"https:\/\/urgencephysio.com\/fr\/wp-json\/wp\/v2\/pages\/8609\/revisions\/9183"}],"up":[{"embeddable":true,"href":"https:\/\/urgencephysio.com\/fr\/wp-json\/wp\/v2\/pages\/8030"}],"wp:featuredmedia":[{"embeddable":true,"href":"https:\/\/urgencephysio.com\/fr\/wp-json\/wp\/v2\/media\/8616"}],"wp:attachment":[{"href":"https:\/\/urgencephysio.com\/fr\/wp-json\/wp\/v2\/media?parent=8609"}],"curies":[{"name":"wp","href":"https:\/\/api.w.org\/{rel}","templated":true}]}}