{"id":8362,"date":"2023-06-28T13:31:48","date_gmt":"2023-06-28T13:31:48","guid":{"rendered":"http:\/\/urgencephysio.com\/?page_id=8362"},"modified":"2024-07-05T17:55:50","modified_gmt":"2024-07-05T17:55:50","slug":"occupational-therapy","status":"publish","type":"page","link":"https:\/\/urgencephysio.com\/fr\/services\/occupational-therapy\/","title":{"rendered":"Ergoth\u00e9rapie"},"content":{"rendered":"<div data-elementor-type=\"wp-page\" data-elementor-id=\"8362\" class=\"elementor elementor-8362\">\n\t\t\t\t\t\t<div class=\"elementor-inner\">\n\t\t\t\t<div class=\"elementor-section-wrap\">\n\t\t\t\t\t\t\t\t\t<section class=\"elementor-section elementor-top-section elementor-element elementor-element-9e0d5d2 elementor-section-boxed elementor-section-height-default elementor-section-height-default\" data-id=\"9e0d5d2\" data-element_type=\"section\">\n\t\t\t\t\t\t<div class=\"elementor-container elementor-column-gap-extended\">\n\t\t\t\t\t\t\t<div class=\"elementor-row\">\n\t\t\t\t\t<div class=\"elementor-column elementor-col-50 elementor-top-column elementor-element elementor-element-8ddd175\" data-id=\"8ddd175\" data-element_type=\"column\">\n\t\t\t<div class=\"elementor-column-wrap elementor-element-populated\">\n\t\t\t\t\t\t\t<div class=\"elementor-widget-wrap\">\n\t\t\t\t\t\t<div class=\"elementor-element elementor-element-a3a312c elementor-widget elementor-widget-image\" data-id=\"a3a312c\" data-element_type=\"widget\" data-widget_type=\"image.default\">\n\t\t\t\t<div class=\"elementor-widget-container\">\n\t\t\t<style>\/*! elementor - v3.11.5 - 14-03-2023 *\/\n.elementor-widget-image{text-align:center}.elementor-widget-image a{display:inline-block}.elementor-widget-image a img[src$=\".svg\"]{width:48px}.elementor-widget-image img{vertical-align:middle;display:inline-block}<\/style>\t\t\t\t\t<div class=\"elementor-image\">\n\t\t\t\t\t\t\t\t\t\t\t\t<img decoding=\"async\" width=\"3213\" height=\"2143\" src=\"https:\/\/urgencephysio.com\/wp-content\/uploads\/2023\/07\/Untitled-850-\u00d7-567-mm-3.png\" class=\"attachment-full size-full wp-image-8531\" alt=\"\" loading=\"lazy\" srcset=\"https:\/\/urgencephysio.com\/wp-content\/uploads\/2023\/07\/Untitled-850-\u00d7-567-mm-3.png 3213w, https:\/\/urgencephysio.com\/wp-content\/uploads\/2023\/07\/Untitled-850-\u00d7-567-mm-3-300x200.png 300w, https:\/\/urgencephysio.com\/wp-content\/uploads\/2023\/07\/Untitled-850-\u00d7-567-mm-3-1024x683.png 1024w, https:\/\/urgencephysio.com\/wp-content\/uploads\/2023\/07\/Untitled-850-\u00d7-567-mm-3-768x512.png 768w, https:\/\/urgencephysio.com\/wp-content\/uploads\/2023\/07\/Untitled-850-\u00d7-567-mm-3-1536x1024.png 1536w, https:\/\/urgencephysio.com\/wp-content\/uploads\/2023\/07\/Untitled-850-\u00d7-567-mm-3-2048x1366.png 2048w, https:\/\/urgencephysio.com\/wp-content\/uploads\/2023\/07\/Untitled-850-\u00d7-567-mm-3-360x240.png 360w, https:\/\/urgencephysio.com\/wp-content\/uploads\/2023\/07\/Untitled-850-\u00d7-567-mm-3-850x567.png 850w, https:\/\/urgencephysio.com\/wp-content\/uploads\/2023\/07\/Untitled-850-\u00d7-567-mm-3-600x400.png 600w\" sizes=\"(max-width: 3213px) 100vw, 3213px\" \/>\t\t\t\t\t\t\t\t\t\t\t\t\t\t<\/div>\n\t\t\t\t\t\t<\/div>\n\t\t\t\t<\/div>\n\t\t\t\t\t\t<\/div>\n\t\t\t\t\t<\/div>\n\t\t<\/div>\n\t\t\t\t<div class=\"elementor-column elementor-col-50 elementor-top-column elementor-element elementor-element-610998e\" data-id=\"610998e\" data-element_type=\"column\">\n\t\t\t<div class=\"elementor-column-wrap elementor-element-populated\">\n\t\t\t\t\t\t\t<div class=\"elementor-widget-wrap\">\n\t\t\t\t\t\t<div class=\"elementor-element elementor-element-a45fbc9 elementor-widget elementor-widget-text-editor\" data-id=\"a45fbc9\" data-element_type=\"widget\" data-widget_type=\"text-editor.default\">\n\t\t\t\t<div class=\"elementor-widget-container\">\n\t\t\t<style>\/*! elementor - v3.11.5 - 14-03-2023 *\/\n.elementor-widget-text-editor.elementor-drop-cap-view-stacked .elementor-drop-cap{background-color:#818a91;color:#fff}.elementor-widget-text-editor.elementor-drop-cap-view-framed .elementor-drop-cap{color:#818a91;border:3px solid;background-color:transparent}.elementor-widget-text-editor:not(.elementor-drop-cap-view-default) .elementor-drop-cap{margin-top:8px}.elementor-widget-text-editor:not(.elementor-drop-cap-view-default) .elementor-drop-cap-letter{width:1em;height:1em}.elementor-widget-text-editor .elementor-drop-cap{float:left;text-align:center;line-height:1;font-size:50px}.elementor-widget-text-editor .elementor-drop-cap-letter{display:inline-block}<\/style>\t\t\t\t\t<div class=\"elementor-text-editor elementor-clearfix\">\n\t\t\t\t<p class=\"vc_custom_heading vc_custom_1613953623920\">L&#039;ergoth\u00e9rapie est une profession de la sant\u00e9 qui touche les \u00e9l\u00e9ments entourant l&#039;occupation et l&#039;activit\u00e9. L&#039;ergoth\u00e9rapeute favorise l&#039;autonomie et la s\u00e9curit\u00e9 de la personne dans l&#039;ex\u00e9cution de ses occupations et activit\u00e9s importantes. L&#039;ergoth\u00e9rapie est divis\u00e9e en 3 domaines : les soins personnels, la productivit\u00e9 et les loisirs. L&#039;ergoth\u00e9rapeute tient compte non seulement de la personne (ses capacit\u00e9s physiques et ses d\u00e9ficits cognitifs), mais aussi des obstacles de son environnement et des exigences de ses occupations.<\/p><p class=\"vc_custom_heading vc_custom_1613955084806\">L&#039;objectif d&#039;un ergoth\u00e9rapeute est de favoriser l&#039;engagement et la performance de l&#039;individu dans ses activit\u00e9s de soins personnels, de travail et de loisirs. Cela passe par la r\u00e9\u00e9ducation (exercices et simulations de t\u00e2ches), l&#039;\u00e9ducation et l&#039;adaptation de l&#039;environnement physique. De plus, un ergoth\u00e9rapeute \u00e9value et analyse les activit\u00e9s dans lesquelles les personnes ont des limitations. Par la suite, il d\u00e9termine pr\u00e9cis\u00e9ment quelles interventions prioriser selon les besoins et la condition physique et mentale de la personne.<\/p>\t\t\t\t\t<\/div>\n\t\t\t\t\t\t<\/div>\n\t\t\t\t<\/div>\n\t\t\t\t\t\t<\/div>\n\t\t\t\t\t<\/div>\n\t\t<\/div>\n\t\t\t\t\t\t\t\t<\/div>\n\t\t\t\t\t<\/div>\n\t\t<\/section>\n\t\t\t\t<section class=\"elementor-section elementor-top-section elementor-element elementor-element-d4cfd23 elementor-section-boxed elementor-section-height-default elementor-section-height-default\" data-id=\"d4cfd23\" data-element_type=\"section\">\n\t\t\t\t\t\t<div class=\"elementor-container elementor-column-gap-default\">\n\t\t\t\t\t\t\t<div class=\"elementor-row\">\n\t\t\t\t\t<div class=\"elementor-column elementor-col-100 elementor-top-column elementor-element elementor-element-be0f578\" data-id=\"be0f578\" data-element_type=\"column\">\n\t\t\t<div class=\"elementor-column-wrap elementor-element-populated\">\n\t\t\t\t\t\t\t<div class=\"elementor-widget-wrap\">\n\t\t\t\t\t\t<div class=\"elementor-element elementor-element-e0d55e8 elementor-align-right elementor-widget__width-inherit elementor-widget elementor-widget-button\" data-id=\"e0d55e8\" data-element_type=\"widget\" data-widget_type=\"button.default\">\n\t\t\t\t<div class=\"elementor-widget-container\">\n\t\t\t\t\t<div class=\"elementor-button-wrapper\">\n\t\t\t<a href=\"https:\/\/urgencephysiocp.clinicmaster.com\/landing?clinicId=4079&#038;lang=fr-CA\" class=\"elementor-button-link elementor-button elementor-size-lg\" role=\"button\">\n\t\t\t\t\t\t<span class=\"elementor-button-content-wrapper\">\n\t\t\t\t\t\t<span class=\"elementor-button-text\">PRENEZ RENDEZ-VOUS<\/span>\n\t\t<\/span>\n\t\t\t\t\t<\/a>\n\t\t<\/div>\n\t\t\t\t<\/div>\n\t\t\t\t<\/div>\n\t\t\t\t\t\t<\/div>\n\t\t\t\t\t<\/div>\n\t\t<\/div>\n\t\t\t\t\t\t\t\t<\/div>\n\t\t\t\t\t<\/div>\n\t\t<\/section>\n\t\t\t\t\t\t\t\t\t<\/div>\n\t\t\t<\/div>\n\t\t\t\t\t<\/div>","protected":false},"excerpt":{"rendered":"<p>L&#039;ergoth\u00e9rapie est une profession de la sant\u00e9 qui touche les \u00e9l\u00e9ments entourant l&#039;occupation et l&#039;activit\u00e9. L&#039;ergoth\u00e9rapeute favorise l&#039;autonomie et la s\u00e9curit\u00e9 de la personne dans l&#039;ex\u00e9cution de ses occupations et activit\u00e9s importantes. L&#039;ergoth\u00e9rapie est divis\u00e9e en 3 domaines : les soins personnels, la productivit\u00e9 et les loisirs. L&#039;ergoth\u00e9rapeute tient compte non seulement de la personne (ses capacit\u00e9s physiques et ses d\u00e9ficits cognitifs), mais aussi des obstacles de son environnement et des exigences de ses occupations.<\/p>\n<p>L&#039;objectif d&#039;un ergoth\u00e9rapeute est de favoriser l&#039;engagement et la performance de l&#039;individu dans ses activit\u00e9s de soins personnels, de travail et de loisirs. Cela passe par la r\u00e9\u00e9ducation (exercices et simulations de t\u00e2ches), l&#039;\u00e9ducation et l&#039;adaptation de l&#039;environnement physique. De plus, un ergoth\u00e9rapeute \u00e9value et analyse les activit\u00e9s dans lesquelles les personnes ont des limitations. Par la suite, il d\u00e9termine pr\u00e9cis\u00e9ment quelles interventions prioriser selon les besoins et la condition physique et mentale de la personne.<\/p>","protected":false},"author":1,"featured_media":8531,"parent":8030,"menu_order":0,"comment_status":"closed","ping_status":"closed","template":"","meta":[],"acf":[],"_links":{"self":[{"href":"https:\/\/urgencephysio.com\/fr\/wp-json\/wp\/v2\/pages\/8362"}],"collection":[{"href":"https:\/\/urgencephysio.com\/fr\/wp-json\/wp\/v2\/pages"}],"about":[{"href":"https:\/\/urgencephysio.com\/fr\/wp-json\/wp\/v2\/types\/page"}],"author":[{"embeddable":true,"href":"https:\/\/urgencephysio.com\/fr\/wp-json\/wp\/v2\/users\/1"}],"replies":[{"embeddable":true,"href":"https:\/\/urgencephysio.com\/fr\/wp-json\/wp\/v2\/comments?post=8362"}],"version-history":[{"count":15,"href":"https:\/\/urgencephysio.com\/fr\/wp-json\/wp\/v2\/pages\/8362\/revisions"}],"predecessor-version":[{"id":9208,"href":"https:\/\/urgencephysio.com\/fr\/wp-json\/wp\/v2\/pages\/8362\/revisions\/9208"}],"up":[{"embeddable":true,"href":"https:\/\/urgencephysio.com\/fr\/wp-json\/wp\/v2\/pages\/8030"}],"wp:featuredmedia":[{"embeddable":true,"href":"https:\/\/urgencephysio.com\/fr\/wp-json\/wp\/v2\/media\/8531"}],"wp:attachment":[{"href":"https:\/\/urgencephysio.com\/fr\/wp-json\/wp\/v2\/media?parent=8362"}],"curies":[{"name":"wp","href":"https:\/\/api.w.org\/{rel}","templated":true}]}}