{"id":8329,"date":"2023-06-28T00:42:08","date_gmt":"2023-06-28T00:42:08","guid":{"rendered":"http:\/\/urgencephysio.com\/?page_id=8329"},"modified":"2024-07-05T17:55:46","modified_gmt":"2024-07-05T17:55:46","slug":"acupuncture","status":"publish","type":"page","link":"https:\/\/urgencephysio.com\/fr\/services\/acupuncture\/","title":{"rendered":"Acupuncture"},"content":{"rendered":"<div data-elementor-type=\"wp-page\" data-elementor-id=\"8329\" class=\"elementor elementor-8329\">\n\t\t\t\t\t\t<div class=\"elementor-inner\">\n\t\t\t\t<div class=\"elementor-section-wrap\">\n\t\t\t\t\t\t\t\t\t<section class=\"elementor-section elementor-top-section elementor-element elementor-element-9e0d5d2 elementor-section-boxed elementor-section-height-default elementor-section-height-default\" data-id=\"9e0d5d2\" data-element_type=\"section\">\n\t\t\t\t\t\t<div class=\"elementor-container elementor-column-gap-extended\">\n\t\t\t\t\t\t\t<div class=\"elementor-row\">\n\t\t\t\t\t<div class=\"elementor-column elementor-col-50 elementor-top-column elementor-element elementor-element-8ddd175\" data-id=\"8ddd175\" data-element_type=\"column\">\n\t\t\t<div class=\"elementor-column-wrap elementor-element-populated\">\n\t\t\t\t\t\t\t<div class=\"elementor-widget-wrap\">\n\t\t\t\t\t\t<div class=\"elementor-element elementor-element-a3a312c elementor-widget elementor-widget-image\" data-id=\"a3a312c\" data-element_type=\"widget\" data-widget_type=\"image.default\">\n\t\t\t\t<div class=\"elementor-widget-container\">\n\t\t\t<style>\/*! elementor - v3.11.5 - 14-03-2023 *\/\n.elementor-widget-image{text-align:center}.elementor-widget-image a{display:inline-block}.elementor-widget-image a img[src$=\".svg\"]{width:48px}.elementor-widget-image img{vertical-align:middle;display:inline-block}<\/style>\t\t\t\t\t<div class=\"elementor-image\">\n\t\t\t\t\t\t\t\t\t\t\t\t<img decoding=\"async\" width=\"3213\" height=\"2143\" src=\"https:\/\/urgencephysio.com\/wp-content\/uploads\/2023\/07\/Untitled-850-\u00d7-567-mm-7.png\" class=\"attachment-full size-full wp-image-8631\" alt=\"\" loading=\"lazy\" srcset=\"https:\/\/urgencephysio.com\/wp-content\/uploads\/2023\/07\/Untitled-850-\u00d7-567-mm-7.png 3213w, https:\/\/urgencephysio.com\/wp-content\/uploads\/2023\/07\/Untitled-850-\u00d7-567-mm-7-300x200.png 300w, https:\/\/urgencephysio.com\/wp-content\/uploads\/2023\/07\/Untitled-850-\u00d7-567-mm-7-1024x683.png 1024w, https:\/\/urgencephysio.com\/wp-content\/uploads\/2023\/07\/Untitled-850-\u00d7-567-mm-7-768x512.png 768w, https:\/\/urgencephysio.com\/wp-content\/uploads\/2023\/07\/Untitled-850-\u00d7-567-mm-7-1536x1024.png 1536w, https:\/\/urgencephysio.com\/wp-content\/uploads\/2023\/07\/Untitled-850-\u00d7-567-mm-7-2048x1366.png 2048w, https:\/\/urgencephysio.com\/wp-content\/uploads\/2023\/07\/Untitled-850-\u00d7-567-mm-7-360x240.png 360w, https:\/\/urgencephysio.com\/wp-content\/uploads\/2023\/07\/Untitled-850-\u00d7-567-mm-7-850x567.png 850w, https:\/\/urgencephysio.com\/wp-content\/uploads\/2023\/07\/Untitled-850-\u00d7-567-mm-7-600x400.png 600w\" sizes=\"(max-width: 3213px) 100vw, 3213px\" \/>\t\t\t\t\t\t\t\t\t\t\t\t\t\t<\/div>\n\t\t\t\t\t\t<\/div>\n\t\t\t\t<\/div>\n\t\t\t\t\t\t<\/div>\n\t\t\t\t\t<\/div>\n\t\t<\/div>\n\t\t\t\t<div class=\"elementor-column elementor-col-50 elementor-top-column elementor-element elementor-element-610998e\" data-id=\"610998e\" data-element_type=\"column\">\n\t\t\t<div class=\"elementor-column-wrap elementor-element-populated\">\n\t\t\t\t\t\t\t<div class=\"elementor-widget-wrap\">\n\t\t\t\t\t\t<div class=\"elementor-element elementor-element-a45fbc9 elementor-widget elementor-widget-text-editor\" data-id=\"a45fbc9\" data-element_type=\"widget\" data-widget_type=\"text-editor.default\">\n\t\t\t\t<div class=\"elementor-widget-container\">\n\t\t\t<style>\/*! elementor - v3.11.5 - 14-03-2023 *\/\n.elementor-widget-text-editor.elementor-drop-cap-view-stacked .elementor-drop-cap{background-color:#818a91;color:#fff}.elementor-widget-text-editor.elementor-drop-cap-view-framed .elementor-drop-cap{color:#818a91;border:3px solid;background-color:transparent}.elementor-widget-text-editor:not(.elementor-drop-cap-view-default) .elementor-drop-cap{margin-top:8px}.elementor-widget-text-editor:not(.elementor-drop-cap-view-default) .elementor-drop-cap-letter{width:1em;height:1em}.elementor-widget-text-editor .elementor-drop-cap{float:left;text-align:center;line-height:1;font-size:50px}.elementor-widget-text-editor .elementor-drop-cap-letter{display:inline-block}<\/style>\t\t\t\t\t<div class=\"elementor-text-editor elementor-clearfix\">\n\t\t\t\t<p>L&#039;acupuncture consiste \u00e0 utiliser des aiguilles fines, st\u00e9riles et \u00e0 usage unique sur des zones sp\u00e9cifiques du corps pour r\u00e9duire l&#039;inflammation et stimuler la capacit\u00e9 du corps \u00e0 se gu\u00e9rir. C&#039;est l&#039;une des th\u00e9rapies les plus anciennes au monde, qui a d\u00e9but\u00e9 en Chine en 1684.<\/p><p>De nombreuses personnes utilisent l&#039;acupuncture pour gu\u00e9rir des blessures et pour tous les types de douleur. L&#039;acupuncture est \u00e9galement populaire pour g\u00e9rer des conditions telles que des niveaux \u00e9lev\u00e9s de stress, d&#039;anxi\u00e9t\u00e9 et d&#039;insomnie.<\/p><p>Une question courante que les gens se posent est : est-ce que les aiguilles font mal ? Les aiguilles d&#039;acupuncture ne font pas du tout tr\u00e8s mal. Vous pouvez ressentir un l\u00e9ger pincement \u00e0 certains endroits, mais une fois les aiguilles ins\u00e9r\u00e9es, la plupart des gens se sentent calmes et s&#039;endorment m\u00eame. L&#039;acupuncture est un merveilleux compl\u00e9ment \u00e0 la physioth\u00e9rapie, \u00e0 l&#039;ost\u00e9opathie ainsi qu&#039;\u00e0 la massoth\u00e9rapie.<\/p>\t\t\t\t\t<\/div>\n\t\t\t\t\t\t<\/div>\n\t\t\t\t<\/div>\n\t\t\t\t\t\t<\/div>\n\t\t\t\t\t<\/div>\n\t\t<\/div>\n\t\t\t\t\t\t\t\t<\/div>\n\t\t\t\t\t<\/div>\n\t\t<\/section>\n\t\t\t\t<section class=\"elementor-section elementor-top-section elementor-element elementor-element-da54a23 elementor-section-boxed elementor-section-height-default elementor-section-height-default\" data-id=\"da54a23\" data-element_type=\"section\">\n\t\t\t\t\t\t<div class=\"elementor-container elementor-column-gap-default\">\n\t\t\t\t\t\t\t<div class=\"elementor-row\">\n\t\t\t\t\t<div class=\"elementor-column elementor-col-100 elementor-top-column elementor-element elementor-element-d09515a\" data-id=\"d09515a\" data-element_type=\"column\">\n\t\t\t<div class=\"elementor-column-wrap elementor-element-populated\">\n\t\t\t\t\t\t\t<div class=\"elementor-widget-wrap\">\n\t\t\t\t\t\t<div class=\"elementor-element elementor-element-8af5d76 elementor-align-right elementor-widget__width-inherit elementor-widget elementor-widget-button\" data-id=\"8af5d76\" data-element_type=\"widget\" data-widget_type=\"button.default\">\n\t\t\t\t<div class=\"elementor-widget-container\">\n\t\t\t\t\t<div class=\"elementor-button-wrapper\">\n\t\t\t<a href=\"https:\/\/urgencephysiocp.clinicmaster.com\/landing?clinicId=4079&#038;lang=fr-CA\" class=\"elementor-button-link elementor-button elementor-size-lg\" role=\"button\">\n\t\t\t\t\t\t<span class=\"elementor-button-content-wrapper\">\n\t\t\t\t\t\t<span class=\"elementor-button-text\">PRENEZ RENDEZ-VOUS<\/span>\n\t\t<\/span>\n\t\t\t\t\t<\/a>\n\t\t<\/div>\n\t\t\t\t<\/div>\n\t\t\t\t<\/div>\n\t\t\t\t\t\t<\/div>\n\t\t\t\t\t<\/div>\n\t\t<\/div>\n\t\t\t\t\t\t\t\t<\/div>\n\t\t\t\t\t<\/div>\n\t\t<\/section>\n\t\t\t\t\t\t\t\t\t<\/div>\n\t\t\t<\/div>\n\t\t\t\t\t<\/div>","protected":false},"excerpt":{"rendered":"<p>L&#039;acupuncture est une pratique de m\u00e9decine traditionnelle chinoise bas\u00e9e sur l&#039;id\u00e9e qu&#039;un blocage ou une perturbation de la circulation de l&#039;\u00e9nergie vitale du corps, ou qi, peut entra\u00eener des probl\u00e8mes de sant\u00e9. L&#039;acupuncture est principalement utilis\u00e9e pour soulager l&#039;inconfort associ\u00e9 \u00e0 une vari\u00e9t\u00e9 de maladies et d&#039;affections, notamment\u00a0: les crampes menstruelles, les maux de t\u00eate, les douleurs de l&#039;accouchement, les douleurs dentaires et toutes les affections musculo-squelettiques associ\u00e9es.<\/p>","protected":false},"author":1,"featured_media":8631,"parent":8030,"menu_order":0,"comment_status":"closed","ping_status":"closed","template":"","meta":[],"acf":[],"_links":{"self":[{"href":"https:\/\/urgencephysio.com\/fr\/wp-json\/wp\/v2\/pages\/8329"}],"collection":[{"href":"https:\/\/urgencephysio.com\/fr\/wp-json\/wp\/v2\/pages"}],"about":[{"href":"https:\/\/urgencephysio.com\/fr\/wp-json\/wp\/v2\/types\/page"}],"author":[{"embeddable":true,"href":"https:\/\/urgencephysio.com\/fr\/wp-json\/wp\/v2\/users\/1"}],"replies":[{"embeddable":true,"href":"https:\/\/urgencephysio.com\/fr\/wp-json\/wp\/v2\/comments?post=8329"}],"version-history":[{"count":13,"href":"https:\/\/urgencephysio.com\/fr\/wp-json\/wp\/v2\/pages\/8329\/revisions"}],"predecessor-version":[{"id":9205,"href":"https:\/\/urgencephysio.com\/fr\/wp-json\/wp\/v2\/pages\/8329\/revisions\/9205"}],"up":[{"embeddable":true,"href":"https:\/\/urgencephysio.com\/fr\/wp-json\/wp\/v2\/pages\/8030"}],"wp:featuredmedia":[{"embeddable":true,"href":"https:\/\/urgencephysio.com\/fr\/wp-json\/wp\/v2\/media\/8631"}],"wp:attachment":[{"href":"https:\/\/urgencephysio.com\/fr\/wp-json\/wp\/v2\/media?parent=8329"}],"curies":[{"name":"wp","href":"https:\/\/api.w.org\/{rel}","templated":true}]}}