{"id":8208,"date":"2023-06-21T20:47:59","date_gmt":"2023-06-21T20:47:59","guid":{"rendered":"http:\/\/urgencephysio.com\/?page_id=8208"},"modified":"2023-06-21T20:51:27","modified_gmt":"2023-06-21T20:51:27","slug":"douglas-dongmo","status":"publish","type":"page","link":"https:\/\/urgencephysio.com\/fr\/douglas-dongmo\/","title":{"rendered":"Liste de prix : Douglas Dongmo"},"content":{"rendered":"<div data-elementor-type=\"wp-page\" data-elementor-id=\"8208\" class=\"elementor elementor-8208\">\n\t\t\t\t\t\t<div class=\"elementor-inner\">\n\t\t\t\t<div class=\"elementor-section-wrap\">\n\t\t\t\t\t\t\t\t\t<section class=\"elementor-section elementor-top-section elementor-element elementor-element-da0d38b elementor-section-boxed elementor-section-height-default elementor-section-height-default\" data-id=\"da0d38b\" data-element_type=\"section\">\n\t\t\t\t\t\t<div class=\"elementor-container elementor-column-gap-extended\">\n\t\t\t\t\t\t\t<div class=\"elementor-row\">\n\t\t\t\t\t<div class=\"elementor-column elementor-col-50 elementor-top-column elementor-element elementor-element-1743c0b\" data-id=\"1743c0b\" data-element_type=\"column\">\n\t\t\t<div class=\"elementor-column-wrap elementor-element-populated\">\n\t\t\t\t\t\t\t<div class=\"elementor-widget-wrap\">\n\t\t\t\t\t\t<div class=\"elementor-element elementor-element-56e9ac0 elementor-widget elementor-widget-qt-custom-heading\" data-id=\"56e9ac0\" data-element_type=\"widget\" data-widget_type=\"qt-custom-heading.default\">\n\t\t\t\t<div class=\"elementor-widget-container\">\n\t\t\t            <div class=\"custom-heading\">\n                <h3 class=\"widget-title\"><span class=\"normal\">Physique<\/span> Th\u00e9rapie<br \/>\n<\/h3>\n            <\/div>\n        \t\t<\/div>\n\t\t\t\t<\/div>\n\t\t\t\t<div class=\"elementor-element elementor-element-8404f40 elementor-widget elementor-widget-shortcode\" data-id=\"8404f40\" data-element_type=\"widget\" data-widget_type=\"shortcode.default\">\n\t\t\t\t<div class=\"elementor-widget-container\">\n\t\t\t\t\t<div class=\"elementor-shortcode\"><table class=\"qt-table default\"><thead><td>Taper<\/td><td> Session<\/td><td> Prix<\/td><\/thead><tr><td>\n\u00c9valuation<\/td><td> 60 minutes<\/td><td> $180<\/td><\/tr><td>\nVisite de suivi<\/td><td> 45-60 minutes<\/td><td> $110 par visite<\/td><\/tr><td>\nVisite de suivi prolong\u00e9e<\/td><td> 60-75 minutes<\/td><td> $180 par visite\n<\/td><\/tr><\/table><\/div>\n\t\t\t\t<\/div>\n\t\t\t\t<\/div>\n\t\t\t\t\t\t<\/div>\n\t\t\t\t\t<\/div>\n\t\t<\/div>\n\t\t\t\t<div class=\"elementor-column elementor-col-50 elementor-top-column elementor-element elementor-element-406ae71\" data-id=\"406ae71\" data-element_type=\"column\">\n\t\t\t<div class=\"elementor-column-wrap elementor-element-populated\">\n\t\t\t\t\t\t\t<div class=\"elementor-widget-wrap\">\n\t\t\t\t\t\t<div class=\"elementor-element elementor-element-0c0527b elementor-widget elementor-widget-qt-custom-heading\" data-id=\"0c0527b\" data-element_type=\"widget\" data-widget_type=\"qt-custom-heading.default\">\n\t\t\t\t<div class=\"elementor-widget-container\">\n\t\t\t            <div class=\"custom-heading\">\n                <h2 class=\"widget-title\"><span class=\"normal\">Chiropratique<\/span> Th\u00e9rapie<\/h2>\n            <\/div>\n        \t\t<\/div>\n\t\t\t\t<\/div>\n\t\t\t\t<div class=\"elementor-element elementor-element-7a34bfd elementor-widget elementor-widget-shortcode\" data-id=\"7a34bfd\" data-element_type=\"widget\" data-widget_type=\"shortcode.default\">\n\t\t\t\t<div class=\"elementor-widget-container\">\n\t\t\t\t\t<div class=\"elementor-shortcode\"><table class=\"qt-table default\"><thead><td>Taper<\/td><td> Session<\/td><td> Prix<\/td><\/thead><tr><td>\n\u00c9valuation<\/td><td> 60 minutes<\/td><td> $180<\/td><\/tr><td>\nVisite de suivi<\/td><td> 45-60 minutes<\/td><td> $110 par visite<\/td><\/tr><td>\nVisite de suivi prolong\u00e9e<\/td><td> 60-75 minutes<\/td><td> $180 par visite\n<\/td><\/tr><\/table><\/div>\n\t\t\t\t<\/div>\n\t\t\t\t<\/div>\n\t\t\t\t\t\t<\/div>\n\t\t\t\t\t<\/div>\n\t\t<\/div>\n\t\t\t\t\t\t\t\t<\/div>\n\t\t\t\t\t<\/div>\n\t\t<\/section>\n\t\t\t\t<section class=\"elementor-section elementor-top-section elementor-element elementor-element-6aa4d95 elementor-section-boxed elementor-section-height-default elementor-section-height-default\" data-id=\"6aa4d95\" data-element_type=\"section\">\n\t\t\t\t\t\t<div class=\"elementor-container elementor-column-gap-default\">\n\t\t\t\t\t\t\t<div class=\"elementor-row\">\n\t\t\t\t\t<div class=\"elementor-column elementor-col-100 elementor-top-column elementor-element elementor-element-ef50230\" data-id=\"ef50230\" data-element_type=\"column\">\n\t\t\t<div class=\"elementor-column-wrap elementor-element-populated\">\n\t\t\t\t\t\t\t<div class=\"elementor-widget-wrap\">\n\t\t\t\t\t\t<div class=\"elementor-element elementor-element-596defa elementor-widget elementor-widget-qt-custom-heading\" data-id=\"596defa\" data-element_type=\"widget\" data-widget_type=\"qt-custom-heading.default\">\n\t\t\t\t<div class=\"elementor-widget-container\">\n\t\t\t            <div class=\"custom-heading\">\n                <h2 class=\"widget-title\"><span class=\"normal\">Massage<\/span> Th\u00e9rapie<\/h2>\n            <\/div>\n        \t\t<\/div>\n\t\t\t\t<\/div>\n\t\t\t\t<div class=\"elementor-element elementor-element-7befe54 elementor-widget elementor-widget-shortcode\" data-id=\"7befe54\" data-element_type=\"widget\" data-widget_type=\"shortcode.default\">\n\t\t\t\t<div class=\"elementor-widget-container\">\n\t\t\t\t\t<div class=\"elementor-shortcode\"><table class=\"qt-table default\"><thead><td>Traitement<\/td><td> 30 minutes<\/td><td> 60 minutes<\/td><td> 90 minutes<\/td><\/thead><tr><td>\nsu\u00e9dois<\/td><td> $40<\/td><td> $60<\/td><td> $80<\/td><\/tr><td>\nLib\u00e9ration myofasciale<\/td><td> $40<\/td><td> $60<\/td><td> $80<\/td><\/tr><td>\nTissus profonds<\/td><td> $40<\/td><td> $60<\/td><td> $80<\/td><\/tr><td>\nMassage sportif<\/td><td> $40<\/td><td> $60<\/td><td> $80<\/td><\/tr><td>\nMassage pr\u00e9natal<\/td><td> $40<\/td><td> $60<\/td><td> $80\n<\/td><\/tr><\/table><\/div>\n\t\t\t\t<\/div>\n\t\t\t\t<\/div>\n\t\t\t\t\t\t<\/div>\n\t\t\t\t\t<\/div>\n\t\t<\/div>\n\t\t\t\t\t\t\t\t<\/div>\n\t\t\t\t\t<\/div>\n\t\t<\/section>\n\t\t\t\t<section class=\"elementor-section elementor-top-section elementor-element elementor-element-8be2f22 elementor-section-boxed elementor-section-height-default elementor-section-height-default\" data-id=\"8be2f22\" data-element_type=\"section\">\n\t\t\t\t\t\t<div class=\"elementor-container elementor-column-gap-default\">\n\t\t\t\t\t\t\t<div class=\"elementor-row\">\n\t\t\t\t\t<div class=\"elementor-column elementor-col-100 elementor-top-column elementor-element elementor-element-c183a03\" data-id=\"c183a03\" data-element_type=\"column\">\n\t\t\t<div class=\"elementor-column-wrap elementor-element-populated\">\n\t\t\t\t\t\t\t<div class=\"elementor-widget-wrap\">\n\t\t\t\t\t\t<div class=\"elementor-element elementor-element-cfc30ca elementor-widget elementor-widget-qt-custom-heading\" data-id=\"cfc30ca\" data-element_type=\"widget\" data-widget_type=\"qt-custom-heading.default\">\n\t\t\t\t<div class=\"elementor-widget-container\">\n\t\t\t            <div class=\"custom-heading\">\n                <h3 class=\"widget-title\"><span class=\"normal\">Suppl\u00e9mentaire<\/span> Information<\/h3>\n            <\/div>\n        \t\t<\/div>\n\t\t\t\t<\/div>\n\t\t\t\t<div class=\"elementor-element elementor-element-2df697f elementor-widget elementor-widget-text-editor\" data-id=\"2df697f\" data-element_type=\"widget\" data-widget_type=\"text-editor.default\">\n\t\t\t\t<div class=\"elementor-widget-container\">\n\t\t\t<style>\/*! elementor - v3.11.5 - 14-03-2023 *\/\n.elementor-widget-text-editor.elementor-drop-cap-view-stacked .elementor-drop-cap{background-color:#818a91;color:#fff}.elementor-widget-text-editor.elementor-drop-cap-view-framed .elementor-drop-cap{color:#818a91;border:3px solid;background-color:transparent}.elementor-widget-text-editor:not(.elementor-drop-cap-view-default) .elementor-drop-cap{margin-top:8px}.elementor-widget-text-editor:not(.elementor-drop-cap-view-default) .elementor-drop-cap-letter{width:1em;height:1em}.elementor-widget-text-editor .elementor-drop-cap{float:left;text-align:center;line-height:1;font-size:50px}.elementor-widget-text-editor .elementor-drop-cap-letter{display:inline-block}<\/style>\t\t\t\t\t<div class=\"elementor-text-editor elementor-clearfix\">\n\t\t\t\t<p>Nous sommes une petite clinique payante, ce qui signifie que nous collectons le paiement au moment du service (esp\u00e8ces, carte de cr\u00e9dit, ch\u00e8que, comptes d&#039;\u00e9pargne flexibles et comptes d&#039;\u00e9pargne sant\u00e9). Apr\u00e8s chaque s\u00e9ance, nous enverrons par e-mail une facture d\u00e9taill\u00e9e \u00e0 nos patients afin que ceux qui sont int\u00e9ress\u00e9s par un remboursement puissent la soumettre ind\u00e9pendamment \u00e0 leurs compagnies d&#039;assurance.<\/p>\t\t\t\t\t<\/div>\n\t\t\t\t\t\t<\/div>\n\t\t\t\t<\/div>\n\t\t\t\t\t\t<\/div>\n\t\t\t\t\t<\/div>\n\t\t<\/div>\n\t\t\t\t\t\t\t\t<\/div>\n\t\t\t\t\t<\/div>\n\t\t<\/section>\n\t\t\t\t<section class=\"elementor-section elementor-top-section elementor-element elementor-element-8e1d983 elementor-section-boxed elementor-section-height-default elementor-section-height-default\" data-id=\"8e1d983\" data-element_type=\"section\">\n\t\t\t\t\t\t<div class=\"elementor-container elementor-column-gap-default\">\n\t\t\t\t\t\t\t<div class=\"elementor-row\">\n\t\t\t\t\t<div class=\"elementor-column elementor-col-100 elementor-top-column elementor-element elementor-element-bf68b51\" data-id=\"bf68b51\" data-element_type=\"column\">\n\t\t\t<div class=\"elementor-column-wrap elementor-element-populated\">\n\t\t\t\t\t\t\t<div class=\"elementor-widget-wrap\">\n\t\t\t\t\t\t<div class=\"elementor-element elementor-element-3c7ebc1 elementor-widget elementor-widget-qt-custom-heading\" data-id=\"3c7ebc1\" data-element_type=\"widget\" data-widget_type=\"qt-custom-heading.default\">\n\t\t\t\t<div class=\"elementor-widget-container\">\n\t\t\t            <div class=\"custom-heading\">\n                <h3 class=\"widget-title\"><span class=\"normal\">Acheter<\/span> de la boutique<\/h3>\n            <\/div>\n        \t\t<\/div>\n\t\t\t\t<\/div>\n\t\t\t\t<div class=\"elementor-element elementor-element-54aaff3 elementor-widget elementor-widget-shortcode\" data-id=\"54aaff3\" data-element_type=\"widget\" data-widget_type=\"shortcode.default\">\n\t\t\t\t<div class=\"elementor-widget-container\">\n\t\t\t\t\t<div class=\"elementor-shortcode\"><div class=\"woocommerce columns-5\"><ul class=\"products columns-5\">\n<li class=\"product type-product post-563 status-publish first instock product_cat-body product_cat-medical product_cat-physiotherapy has-post-thumbnail shipping-taxable purchasable product-type-simple\">\n\t<\/li>\n<li class=\"product type-product post-562 status-publish instock product_cat-body product_cat-exercise product_cat-massage-therapy has-post-thumbnail downloadable shipping-taxable purchasable product-type-simple\">\n\t<\/li>\n<li class=\"product type-product post-561 status-publish instock product_cat-body product_cat-exercise product_cat-physiotherapy has-post-thumbnail downloadable shipping-taxable purchasable product-type-simple\">\n\t<\/li>\n<li class=\"product type-product post-560 status-publish instock product_cat-body product_cat-medical product_cat-physiotherapy has-post-thumbnail downloadable shipping-taxable purchasable product-type-simple\">\n\t<\/li>\n<li class=\"product type-product post-2700 status-publish last instock product_cat-exercise product_cat-physiotherapy has-post-thumbnail shipping-taxable purchasable product-type-simple\">\n\t<\/li>\n<\/ul>\n<\/div><\/div>\n\t\t\t\t<\/div>\n\t\t\t\t<\/div>\n\t\t\t\t\t\t<\/div>\n\t\t\t\t\t<\/div>\n\t\t<\/div>\n\t\t\t\t\t\t\t\t<\/div>\n\t\t\t\t\t<\/div>\n\t\t<\/section>\n\t\t\t\t\t\t\t\t\t<\/div>\n\t\t\t<\/div>\n\t\t\t\t\t<\/div>","protected":false},"excerpt":{"rendered":"<p>Physical Therapy Chiropractic Therapy Massage Therapy Additional Information We are a small, fee-for-service clinic, meaning that we collect payment at the time of service (cash, credit card, check, flexible savings accounts and health savings accounts). After each session we will email an itemized bill to our patients so those who are interested in reimbursement can [&hellip;]<\/p>","protected":false},"author":1,"featured_media":0,"parent":0,"menu_order":0,"comment_status":"closed","ping_status":"closed","template":"","meta":[],"acf":[],"_links":{"self":[{"href":"https:\/\/urgencephysio.com\/fr\/wp-json\/wp\/v2\/pages\/8208"}],"collection":[{"href":"https:\/\/urgencephysio.com\/fr\/wp-json\/wp\/v2\/pages"}],"about":[{"href":"https:\/\/urgencephysio.com\/fr\/wp-json\/wp\/v2\/types\/page"}],"author":[{"embeddable":true,"href":"https:\/\/urgencephysio.com\/fr\/wp-json\/wp\/v2\/users\/1"}],"replies":[{"embeddable":true,"href":"https:\/\/urgencephysio.com\/fr\/wp-json\/wp\/v2\/comments?post=8208"}],"version-history":[{"count":2,"href":"https:\/\/urgencephysio.com\/fr\/wp-json\/wp\/v2\/pages\/8208\/revisions"}],"predecessor-version":[{"id":8215,"href":"https:\/\/urgencephysio.com\/fr\/wp-json\/wp\/v2\/pages\/8208\/revisions\/8215"}],"wp:attachment":[{"href":"https:\/\/urgencephysio.com\/fr\/wp-json\/wp\/v2\/media?parent=8208"}],"curies":[{"name":"wp","href":"https:\/\/api.w.org\/{rel}","templated":true}]}}