{"id":8196,"date":"2023-06-21T20:14:18","date_gmt":"2023-06-21T20:14:18","guid":{"rendered":"http:\/\/urgencephysio.com\/?page_id=8196"},"modified":"2024-07-05T17:50:22","modified_gmt":"2024-07-05T17:50:22","slug":"geriatric-care","status":"publish","type":"page","link":"https:\/\/urgencephysio.com\/fr\/services\/geriatric-care\/","title":{"rendered":"Soins g\u00e9riatriques"},"content":{"rendered":"<div data-elementor-type=\"wp-page\" data-elementor-id=\"8196\" class=\"elementor elementor-8196\">\n\t\t\t\t\t\t<div class=\"elementor-inner\">\n\t\t\t\t<div class=\"elementor-section-wrap\">\n\t\t\t\t\t\t\t\t\t<section class=\"elementor-section elementor-top-section elementor-element elementor-element-7721e3b elementor-section-boxed elementor-section-height-default elementor-section-height-default\" data-id=\"7721e3b\" data-element_type=\"section\">\n\t\t\t\t\t\t<div class=\"elementor-container elementor-column-gap-default\">\n\t\t\t\t\t\t\t<div class=\"elementor-row\">\n\t\t\t\t\t<div class=\"elementor-column elementor-col-100 elementor-top-column elementor-element elementor-element-2bc92c3\" data-id=\"2bc92c3\" data-element_type=\"column\">\n\t\t\t<div class=\"elementor-column-wrap elementor-element-populated\">\n\t\t\t\t\t\t\t<div class=\"elementor-widget-wrap\">\n\t\t\t\t\t\t<div class=\"elementor-element elementor-element-98e6ef8 elementor-widget elementor-widget-text-editor\" data-id=\"98e6ef8\" data-element_type=\"widget\" data-widget_type=\"text-editor.default\">\n\t\t\t\t<div class=\"elementor-widget-container\">\n\t\t\t<style>\/*! elementor - v3.11.5 - 14-03-2023 *\/\n.elementor-widget-text-editor.elementor-drop-cap-view-stacked .elementor-drop-cap{background-color:#818a91;color:#fff}.elementor-widget-text-editor.elementor-drop-cap-view-framed .elementor-drop-cap{color:#818a91;border:3px solid;background-color:transparent}.elementor-widget-text-editor:not(.elementor-drop-cap-view-default) .elementor-drop-cap{margin-top:8px}.elementor-widget-text-editor:not(.elementor-drop-cap-view-default) .elementor-drop-cap-letter{width:1em;height:1em}.elementor-widget-text-editor .elementor-drop-cap{float:left;text-align:center;line-height:1;font-size:50px}.elementor-widget-text-editor .elementor-drop-cap-letter{display:inline-block}<\/style>\t\t\t\t\t<div class=\"elementor-text-editor elementor-clearfix\">\n\t\t\t\t<p><span style=\"color: #56afd5;\"><b>Physioth\u00e9rapie pour la sant\u00e9 g\u00e9riatrique<\/b><\/span><\/p><p>Nous offrons un service de physioth\u00e9rapie pour personnes \u00e2g\u00e9es dans des r\u00e9sidences priv\u00e9es \u00e0 travers Montr\u00e9al. Notre \u00e9quipe d&#039;experts se sp\u00e9cialise dans le travail avec les personnes \u00e2g\u00e9es qui peuvent \u00e9prouver divers probl\u00e8mes de sant\u00e9. Notre objectif est d&#039;aider les personnes \u00e2g\u00e9es \u00e0 am\u00e9liorer leur force, leur mobilit\u00e9, leur \u00e9quilibre, leur flexibilit\u00e9 et leur endurance.<\/p>\t\t\t\t\t<\/div>\n\t\t\t\t\t\t<\/div>\n\t\t\t\t<\/div>\n\t\t\t\t\t\t<\/div>\n\t\t\t\t\t<\/div>\n\t\t<\/div>\n\t\t\t\t\t\t\t\t<\/div>\n\t\t\t\t\t<\/div>\n\t\t<\/section>\n\t\t\t\t<section class=\"elementor-section elementor-top-section elementor-element elementor-element-a9d32c7 elementor-section-boxed elementor-section-height-default elementor-section-height-default\" data-id=\"a9d32c7\" data-element_type=\"section\">\n\t\t\t\t\t\t<div class=\"elementor-container elementor-column-gap-default\">\n\t\t\t\t\t\t\t<div class=\"elementor-row\">\n\t\t\t\t\t<div class=\"elementor-column elementor-col-100 elementor-top-column elementor-element elementor-element-7b2127b\" data-id=\"7b2127b\" data-element_type=\"column\">\n\t\t\t<div class=\"elementor-column-wrap elementor-element-populated\">\n\t\t\t\t\t\t\t<div class=\"elementor-widget-wrap\">\n\t\t\t\t\t\t<div class=\"elementor-element elementor-element-b57cfec elementor-widget-divider--view-line elementor-widget elementor-widget-divider\" data-id=\"b57cfec\" data-element_type=\"widget\" data-widget_type=\"divider.default\">\n\t\t\t\t<div class=\"elementor-widget-container\">\n\t\t\t<style>\/*! elementor - v3.11.5 - 14-03-2023 *\/\n.elementor-widget-divider{--divider-border-style:none;--divider-border-width:1px;--divider-color:#2c2c2c;--divider-icon-size:20px;--divider-element-spacing:10px;--divider-pattern-height:24px;--divider-pattern-size:20px;--divider-pattern-url:none;--divider-pattern-repeat:repeat-x}.elementor-widget-divider .elementor-divider{display:flex}.elementor-widget-divider .elementor-divider__text{font-size:15px;line-height:1;max-width:95%}.elementor-widget-divider .elementor-divider__element{margin:0 var(--divider-element-spacing);flex-shrink:0}.elementor-widget-divider .elementor-icon{font-size:var(--divider-icon-size)}.elementor-widget-divider .elementor-divider-separator{display:flex;margin:0;direction:ltr}.elementor-widget-divider--view-line_icon .elementor-divider-separator,.elementor-widget-divider--view-line_text .elementor-divider-separator{align-items:center}.elementor-widget-divider--view-line_icon .elementor-divider-separator:after,.elementor-widget-divider--view-line_icon .elementor-divider-separator:before,.elementor-widget-divider--view-line_text .elementor-divider-separator:after,.elementor-widget-divider--view-line_text .elementor-divider-separator:before{display:block;content:\"\";border-bottom:0;flex-grow:1;border-top:var(--divider-border-width) var(--divider-border-style) var(--divider-color)}.elementor-widget-divider--element-align-left .elementor-divider .elementor-divider-separator>.elementor-divider__svg:first-of-type{flex-grow:0;flex-shrink:100}.elementor-widget-divider--element-align-left .elementor-divider-separator:before{content:none}.elementor-widget-divider--element-align-left .elementor-divider__element{margin-left:0}.elementor-widget-divider--element-align-right .elementor-divider .elementor-divider-separator>.elementor-divider__svg:last-of-type{flex-grow:0;flex-shrink:100}.elementor-widget-divider--element-align-right .elementor-divider-separator:after{content:none}.elementor-widget-divider--element-align-right .elementor-divider__element{margin-right:0}.elementor-widget-divider:not(.elementor-widget-divider--view-line_text):not(.elementor-widget-divider--view-line_icon) .elementor-divider-separator{border-top:var(--divider-border-width) var(--divider-border-style) var(--divider-color)}.elementor-widget-divider--separator-type-pattern{--divider-border-style:none}.elementor-widget-divider--separator-type-pattern.elementor-widget-divider--view-line .elementor-divider-separator,.elementor-widget-divider--separator-type-pattern:not(.elementor-widget-divider--view-line) .elementor-divider-separator:after,.elementor-widget-divider--separator-type-pattern:not(.elementor-widget-divider--view-line) .elementor-divider-separator:before,.elementor-widget-divider--separator-type-pattern:not([class*=elementor-widget-divider--view]) .elementor-divider-separator{width:100%;min-height:var(--divider-pattern-height);-webkit-mask-size:var(--divider-pattern-size) 100%;mask-size:var(--divider-pattern-size) 100%;-webkit-mask-repeat:var(--divider-pattern-repeat);mask-repeat:var(--divider-pattern-repeat);background-color:var(--divider-color);-webkit-mask-image:var(--divider-pattern-url);mask-image:var(--divider-pattern-url)}.elementor-widget-divider--no-spacing{--divider-pattern-size:auto}.elementor-widget-divider--bg-round{--divider-pattern-repeat:round}.rtl .elementor-widget-divider .elementor-divider__text{direction:rtl}.e-con-inner>.elementor-widget-divider,.e-con>.elementor-widget-divider{width:var(--container-widget-width,100%);--flex-grow:var(--container-widget-flex-grow)}<\/style>\t\t<div class=\"elementor-divider\">\n\t\t\t<span class=\"elementor-divider-separator\">\n\t\t\t\t\t\t<\/span>\n\t\t<\/div>\n\t\t\t\t<\/div>\n\t\t\t\t<\/div>\n\t\t\t\t\t\t<\/div>\n\t\t\t\t\t<\/div>\n\t\t<\/div>\n\t\t\t\t\t\t\t\t<\/div>\n\t\t\t\t\t<\/div>\n\t\t<\/section>\n\t\t\t\t<section class=\"elementor-section elementor-top-section elementor-element elementor-element-13cc673 elementor-section-boxed elementor-section-height-default elementor-section-height-default\" data-id=\"13cc673\" data-element_type=\"section\">\n\t\t\t\t\t\t<div class=\"elementor-container elementor-column-gap-extended\">\n\t\t\t\t\t\t\t<div class=\"elementor-row\">\n\t\t\t\t\t<div class=\"elementor-column elementor-col-50 elementor-top-column elementor-element elementor-element-aee6b70\" data-id=\"aee6b70\" data-element_type=\"column\">\n\t\t\t<div class=\"elementor-column-wrap elementor-element-populated\">\n\t\t\t\t\t\t\t<div class=\"elementor-widget-wrap\">\n\t\t\t\t\t\t<div class=\"elementor-element elementor-element-fc47208 elementor-widget elementor-widget-image\" data-id=\"fc47208\" data-element_type=\"widget\" data-widget_type=\"image.default\">\n\t\t\t\t<div class=\"elementor-widget-container\">\n\t\t\t<style>\/*! elementor - v3.11.5 - 14-03-2023 *\/\n.elementor-widget-image{text-align:center}.elementor-widget-image a{display:inline-block}.elementor-widget-image a img[src$=\".svg\"]{width:48px}.elementor-widget-image img{vertical-align:middle;display:inline-block}<\/style>\t\t\t\t\t<div class=\"elementor-image\">\n\t\t\t\t\t\t\t\t\t\t\t\t<img decoding=\"async\" width=\"1024\" height=\"683\" src=\"https:\/\/urgencephysio.com\/wp-content\/uploads\/2023\/07\/Untitled-850-\u00d7-567-mm-2-1024x683.png\" class=\"attachment-large size-large wp-image-8529\" alt=\"\" loading=\"lazy\" srcset=\"https:\/\/urgencephysio.com\/wp-content\/uploads\/2023\/07\/Untitled-850-\u00d7-567-mm-2-1024x683.png 1024w, https:\/\/urgencephysio.com\/wp-content\/uploads\/2023\/07\/Untitled-850-\u00d7-567-mm-2-300x200.png 300w, https:\/\/urgencephysio.com\/wp-content\/uploads\/2023\/07\/Untitled-850-\u00d7-567-mm-2-768x512.png 768w, https:\/\/urgencephysio.com\/wp-content\/uploads\/2023\/07\/Untitled-850-\u00d7-567-mm-2-1536x1024.png 1536w, https:\/\/urgencephysio.com\/wp-content\/uploads\/2023\/07\/Untitled-850-\u00d7-567-mm-2-2048x1366.png 2048w, https:\/\/urgencephysio.com\/wp-content\/uploads\/2023\/07\/Untitled-850-\u00d7-567-mm-2-360x240.png 360w, https:\/\/urgencephysio.com\/wp-content\/uploads\/2023\/07\/Untitled-850-\u00d7-567-mm-2-850x567.png 850w, https:\/\/urgencephysio.com\/wp-content\/uploads\/2023\/07\/Untitled-850-\u00d7-567-mm-2-600x400.png 600w\" sizes=\"(max-width: 1024px) 100vw, 1024px\" \/>\t\t\t\t\t\t\t\t\t\t\t\t\t\t<\/div>\n\t\t\t\t\t\t<\/div>\n\t\t\t\t<\/div>\n\t\t\t\t\t\t<\/div>\n\t\t\t\t\t<\/div>\n\t\t<\/div>\n\t\t\t\t<div class=\"elementor-column elementor-col-50 elementor-top-column elementor-element elementor-element-1e8c207\" data-id=\"1e8c207\" data-element_type=\"column\">\n\t\t\t<div class=\"elementor-column-wrap\">\n\t\t\t\t\t\t\t<div class=\"elementor-widget-wrap\">\n\t\t\t\t\t\t\t\t<\/div>\n\t\t\t\t\t<\/div>\n\t\t<\/div>\n\t\t\t\t\t\t\t\t<\/div>\n\t\t\t\t\t<\/div>\n\t\t<\/section>\n\t\t\t\t<section class=\"elementor-section elementor-top-section elementor-element elementor-element-acbbd9c elementor-section-boxed elementor-section-height-default elementor-section-height-default\" data-id=\"acbbd9c\" data-element_type=\"section\">\n\t\t\t\t\t\t<div class=\"elementor-container elementor-column-gap-default\">\n\t\t\t\t\t\t\t<div class=\"elementor-row\">\n\t\t\t\t\t<div class=\"elementor-column elementor-col-100 elementor-top-column elementor-element elementor-element-cd82a07\" data-id=\"cd82a07\" data-element_type=\"column\">\n\t\t\t<div class=\"elementor-column-wrap elementor-element-populated\">\n\t\t\t\t\t\t\t<div class=\"elementor-widget-wrap\">\n\t\t\t\t\t\t<div class=\"elementor-element elementor-element-7ee429b elementor-align-left elementor-widget__width-inherit elementor-widget elementor-widget-button\" data-id=\"7ee429b\" data-element_type=\"widget\" data-widget_type=\"button.default\">\n\t\t\t\t<div class=\"elementor-widget-container\">\n\t\t\t\t\t<div class=\"elementor-button-wrapper\">\n\t\t\t<a href=\"https:\/\/urgencephysiocp.clinicmaster.com\/landing?clinicId=4079&#038;lang=fr-CA\" class=\"elementor-button-link elementor-button elementor-size-lg\" role=\"button\">\n\t\t\t\t\t\t<span class=\"elementor-button-content-wrapper\">\n\t\t\t\t\t\t<span class=\"elementor-button-text\">PRENEZ RENDEZ-VOUS<\/span>\n\t\t<\/span>\n\t\t\t\t\t<\/a>\n\t\t<\/div>\n\t\t\t\t<\/div>\n\t\t\t\t<\/div>\n\t\t\t\t\t\t<\/div>\n\t\t\t\t\t<\/div>\n\t\t<\/div>\n\t\t\t\t\t\t\t\t<\/div>\n\t\t\t\t\t<\/div>\n\t\t<\/section>\n\t\t\t\t\t\t\t\t\t<\/div>\n\t\t\t<\/div>\n\t\t\t\t\t<\/div>","protected":false},"excerpt":{"rendered":"<p>Physioth\u00e9rapie pour la sant\u00e9 g\u00e9riatrique Nous offrons un service de physioth\u00e9rapie pour les personnes \u00e2g\u00e9es dans des r\u00e9sidences priv\u00e9es \u00e0 Montr\u00e9al. Notre \u00e9quipe d&#039;experts se sp\u00e9cialise dans le travail avec les personnes \u00e2g\u00e9es qui peuvent souffrir de divers probl\u00e8mes de sant\u00e9. Notre objectif est d&#039;aider les personnes \u00e2g\u00e9es \u00e0 am\u00e9liorer leur force globale, leur mobilit\u00e9, leur \u00e9quilibre, leur flexibilit\u00e9 et leur endurance. PRENDRE RENDEZ-VOUS<\/p>","protected":false},"author":1,"featured_media":8529,"parent":8030,"menu_order":0,"comment_status":"closed","ping_status":"closed","template":"","meta":[],"acf":[],"_links":{"self":[{"href":"https:\/\/urgencephysio.com\/fr\/wp-json\/wp\/v2\/pages\/8196"}],"collection":[{"href":"https:\/\/urgencephysio.com\/fr\/wp-json\/wp\/v2\/pages"}],"about":[{"href":"https:\/\/urgencephysio.com\/fr\/wp-json\/wp\/v2\/types\/page"}],"author":[{"embeddable":true,"href":"https:\/\/urgencephysio.com\/fr\/wp-json\/wp\/v2\/users\/1"}],"replies":[{"embeddable":true,"href":"https:\/\/urgencephysio.com\/fr\/wp-json\/wp\/v2\/comments?post=8196"}],"version-history":[{"count":16,"href":"https:\/\/urgencephysio.com\/fr\/wp-json\/wp\/v2\/pages\/8196\/revisions"}],"predecessor-version":[{"id":9198,"href":"https:\/\/urgencephysio.com\/fr\/wp-json\/wp\/v2\/pages\/8196\/revisions\/9198"}],"up":[{"embeddable":true,"href":"https:\/\/urgencephysio.com\/fr\/wp-json\/wp\/v2\/pages\/8030"}],"wp:featuredmedia":[{"embeddable":true,"href":"https:\/\/urgencephysio.com\/fr\/wp-json\/wp\/v2\/media\/8529"}],"wp:attachment":[{"href":"https:\/\/urgencephysio.com\/fr\/wp-json\/wp\/v2\/media?parent=8196"}],"curies":[{"name":"wp","href":"https:\/\/api.w.org\/{rel}","templated":true}]}}