{"id":8118,"date":"2021-09-03T17:03:39","date_gmt":"2021-09-03T17:03:39","guid":{"rendered":"https:\/\/export-demos.qreativethemes.com\/elementor-physio\/?page_id=8118"},"modified":"2021-09-03T17:03:39","modified_gmt":"2021-09-03T17:03:39","slug":"careers","status":"publish","type":"page","link":"https:\/\/urgencephysio.com\/fr\/careers\/","title":{"rendered":"Carri\u00e8res"},"content":{"rendered":"<div data-elementor-type=\"wp-page\" data-elementor-id=\"8118\" class=\"elementor elementor-8118\">\n\t\t\t\t\t\t<div class=\"elementor-inner\">\n\t\t\t\t<div class=\"elementor-section-wrap\">\n\t\t\t\t\t\t\t\t\t<section class=\"elementor-section elementor-top-section elementor-element elementor-element-ffb987d elementor-section-boxed elementor-section-height-default elementor-section-height-default\" data-id=\"ffb987d\" data-element_type=\"section\">\n\t\t\t\t\t\t<div class=\"elementor-container elementor-column-gap-default\">\n\t\t\t\t\t\t\t<div class=\"elementor-row\">\n\t\t\t\t\t<div class=\"elementor-column elementor-col-100 elementor-top-column elementor-element elementor-element-b9a7e75\" data-id=\"b9a7e75\" data-element_type=\"column\">\n\t\t\t<div class=\"elementor-column-wrap elementor-element-populated\">\n\t\t\t\t\t\t\t<div class=\"elementor-widget-wrap\">\n\t\t\t\t\t\t<div class=\"elementor-element elementor-element-21aa44c elementor-widget elementor-widget-text-editor\" data-id=\"21aa44c\" data-element_type=\"widget\" data-widget_type=\"text-editor.default\">\n\t\t\t\t<div class=\"elementor-widget-container\">\n\t\t\t<style>\/*! elementor - v3.11.5 - 14-03-2023 *\/\n.elementor-widget-text-editor.elementor-drop-cap-view-stacked .elementor-drop-cap{background-color:#818a91;color:#fff}.elementor-widget-text-editor.elementor-drop-cap-view-framed .elementor-drop-cap{color:#818a91;border:3px solid;background-color:transparent}.elementor-widget-text-editor:not(.elementor-drop-cap-view-default) .elementor-drop-cap{margin-top:8px}.elementor-widget-text-editor:not(.elementor-drop-cap-view-default) .elementor-drop-cap-letter{width:1em;height:1em}.elementor-widget-text-editor .elementor-drop-cap{float:left;text-align:center;line-height:1;font-size:50px}.elementor-widget-text-editor .elementor-drop-cap-letter{display:inline-block}<\/style>\t\t\t\t\t<div class=\"elementor-text-editor elementor-clearfix\">\n\t\t\t\t<p>En tant que leader de l&#039;industrie, Physio n&#039;est pas une entreprise de th\u00e9rapie ordinaire. Nous nous distinguons en d\u00e9roulant le tapis rouge pour chaque patient, chaque jour. Nous employons les personnes les plus brillantes pour accomplir notre mission. Nous recherchons actuellement des candidats pour des postes de physioth\u00e9rapeute, de personnel de clinique de physioth\u00e9rapie, de th\u00e9rapie de la main, de m\u00e9decine sportive, d&#039;entra\u00eenement sportif et de postes en entreprise. Nous vous invitons \u00e0 parcourir nos offres d&#039;emploi et \u00e0 postuler en ligne d\u00e8s aujourd&#039;hui !<\/p>\t\t\t\t\t<\/div>\n\t\t\t\t\t\t<\/div>\n\t\t\t\t<\/div>\n\t\t\t\t<div class=\"elementor-element elementor-element-64dd2df elementor-widget elementor-widget-qt-accordion\" data-id=\"64dd2df\" data-element_type=\"widget\" data-widget_type=\"qt-accordion.default\">\n\t\t\t\t<div class=\"elementor-widget-container\">\n\t\t\t\n        <div class=\"panel-group\" id=\"accordion-0\" data-panel=\"accordion-0\">\n\n                            \n                \n                <div class=\"panel\">\n                    <div class=\"panel-heading\">\n                        <h6 class=\"panel-title\">\n                            <a class=\"accordion-toggle\" data-toggle=\"collapse\" data-parent=\"#accordion-0\" href=\"#collapse_0\" aria-expanded=\"true\">Kin\u00e9sith\u00e9rapeute (assistant)                            <\/a>\n                        <\/h6>\n                    <\/div>\n\n                    <div id=\"collapse_0\" class=\"panel-collapse collapse in\" aria-label=\"Kin\u00e9sith\u00e9rapeute (assistant)\" data-parent=\"#accordion-0\">\n                        <div class=\"panel-body\"><p>Le physioth\u00e9rapeute est un membre de l&#039;\u00e9quipe de soins \u00e0 domicile qui fournit des soins de r\u00e9adaptation aux clients \u00e0 la demande du client et, lorsque requis, tel que prescrit par le m\u00e9decin et conform\u00e9ment aux lois et r\u00e8glements applicables et aux politiques de l&#039;Agence.<\/p><ol><li>Poss\u00e8de un dipl\u00f4me d&#039;un programme de baccalaur\u00e9at ou de ma\u00eetrise en physioth\u00e9rapie approuv\u00e9 par un organisme accr\u00e9dit\u00e9.<\/li><li>Est autoris\u00e9 \u00e0 exercer en tant que physioth\u00e9rapeute dans l&#039;\u00c9tat de l&#039;Oklahoma.<\/li><li>Poss\u00e8de au moins deux ann\u00e9es d\u2019exp\u00e9rience appropri\u00e9e en tant que physioth\u00e9rapeute.<\/li><li>Une exp\u00e9rience en sant\u00e9 communautaire ou \u00e0 domicile est pr\u00e9f\u00e9rable.<br \/>Conforme aux normes et pratiques professionnelles reconnues.<\/li><li>Poss\u00e8de et maintient une bonne endurance physique et une bonne sant\u00e9 mentale. A pr\u00e9sent\u00e9 un examen pr\u00e9alable \u00e0 l&#039;embauche comprenant un test cutan\u00e9 de d\u00e9pistage de la tuberculose et\/ou une radiographie thoracique n\u00e9gative et d&#039;autres tests exig\u00e9s par l&#039;Agence.<\/li><li>Poss\u00e8de et maintient une certification en RCR \u00e0 jour.<\/li><\/ol><p><strong><a href=\"#\">Postuler \u00e0 cet emploi<\/a><\/strong><\/p><\/div>\n                    <\/div>\n                <\/div>\n\n                            \n                \n                <div class=\"panel\">\n                    <div class=\"panel-heading\">\n                        <h6 class=\"panel-title\">\n                            <a class=\"accordion-toggle\" data-toggle=\"collapse\" data-parent=\"#accordion-0\" href=\"#collapse_1\" aria-expanded=\"false\">R\u00e9adaptation par physioth\u00e9rapie                            <\/a>\n                        <\/h6>\n                    <\/div>\n\n                    <div id=\"collapse_1\" class=\"panel-collapse collapse\" aria-label=\"R\u00e9adaptation par physioth\u00e9rapie\" data-parent=\"#accordion-0\">\n                        <div class=\"panel-body\"><p>Le physioth\u00e9rapeute est un membre de l&#039;\u00e9quipe de soins \u00e0 domicile qui fournit des soins de r\u00e9adaptation aux clients \u00e0 la demande du client et, lorsque requis, tel que prescrit par le m\u00e9decin et conform\u00e9ment aux lois et r\u00e8glements applicables et aux politiques de l&#039;Agence.<\/p><ol><li>Poss\u00e8de un dipl\u00f4me d&#039;un programme de baccalaur\u00e9at ou de ma\u00eetrise en physioth\u00e9rapie approuv\u00e9 par un organisme accr\u00e9dit\u00e9.<\/li><li>Est autoris\u00e9 \u00e0 exercer en tant que physioth\u00e9rapeute dans l&#039;\u00c9tat de l&#039;Oklahoma.<\/li><li>Poss\u00e8de au moins deux ann\u00e9es d\u2019exp\u00e9rience appropri\u00e9e en tant que physioth\u00e9rapeute.<\/li><li>Une exp\u00e9rience en sant\u00e9 communautaire ou \u00e0 domicile est pr\u00e9f\u00e9rable.<br \/>Conforme aux normes et pratiques professionnelles reconnues.<\/li><li>Poss\u00e8de et maintient une bonne endurance physique et une bonne sant\u00e9 mentale. A pr\u00e9sent\u00e9 un examen pr\u00e9alable \u00e0 l&#039;embauche comprenant un test cutan\u00e9 de d\u00e9pistage de la tuberculose et\/ou une radiographie thoracique n\u00e9gative et d&#039;autres tests exig\u00e9s par l&#039;Agence.<\/li><li>Poss\u00e8de et maintient une certification en RCR \u00e0 jour.<\/li><\/ol><p><strong><a href=\"#\">Postuler \u00e0 cet emploi<\/a><\/strong><\/p><\/div>\n                    <\/div>\n                <\/div>\n\n                            \n                \n                <div class=\"panel\">\n                    <div class=\"panel-heading\">\n                        <h6 class=\"panel-title\">\n                            <a class=\"accordion-toggle\" data-toggle=\"collapse\" data-parent=\"#accordion-0\" href=\"#collapse_2\" aria-expanded=\"false\">Responsable administratif                            <\/a>\n                        <\/h6>\n                    <\/div>\n\n                    <div id=\"collapse_2\" class=\"panel-collapse collapse\" aria-label=\"Responsable administratif\" data-parent=\"#accordion-0\">\n                        <div class=\"panel-body\"><p>Le physioth\u00e9rapeute est un membre de l&#039;\u00e9quipe de soins \u00e0 domicile qui fournit des soins de r\u00e9adaptation aux clients \u00e0 la demande du client et, lorsque requis, tel que prescrit par le m\u00e9decin et conform\u00e9ment aux lois et r\u00e8glements applicables et aux politiques de l&#039;Agence.<\/p><ol><li>Poss\u00e8de un dipl\u00f4me d&#039;un programme de baccalaur\u00e9at ou de ma\u00eetrise en physioth\u00e9rapie approuv\u00e9 par un organisme accr\u00e9dit\u00e9.<\/li><li>Est autoris\u00e9 \u00e0 exercer en tant que physioth\u00e9rapeute dans l&#039;\u00c9tat de l&#039;Oklahoma.<\/li><li>Poss\u00e8de au moins deux ann\u00e9es d\u2019exp\u00e9rience appropri\u00e9e en tant que physioth\u00e9rapeute.<\/li><li>Une exp\u00e9rience en sant\u00e9 communautaire ou \u00e0 domicile est pr\u00e9f\u00e9rable.<br \/>Conforme aux normes et pratiques professionnelles reconnues.<\/li><li>Poss\u00e8de et maintient une bonne endurance physique et une bonne sant\u00e9 mentale. A pr\u00e9sent\u00e9 un examen pr\u00e9alable \u00e0 l&#039;embauche comprenant un test cutan\u00e9 de d\u00e9pistage de la tuberculose et\/ou une radiographie thoracique n\u00e9gative et d&#039;autres tests exig\u00e9s par l&#039;Agence.<\/li><li>Poss\u00e8de et maintient une certification en RCR \u00e0 jour.<\/li><\/ol><p><strong><a href=\"#\">Postuler \u00e0 cet emploi<\/a><\/strong><\/p><\/div>\n                    <\/div>\n                <\/div>\n\n            \n        <\/div>\n        \n    \t\t<\/div>\n\t\t\t\t<\/div>\n\t\t\t\t\t\t<\/div>\n\t\t\t\t\t<\/div>\n\t\t<\/div>\n\t\t\t\t\t\t\t\t<\/div>\n\t\t\t\t\t<\/div>\n\t\t<\/section>\n\t\t\t\t\t\t\t\t\t<\/div>\n\t\t\t<\/div>\n\t\t\t\t\t<\/div>","protected":false},"excerpt":{"rendered":"<p>As the industry leader Physio isn&#8217;t your ordinary therapy company. We set ourselves apart by rolling out the red carpet for every patient, every day. We employ the brightest individuals to achieve our mission. We are currently seeking candidates for physical therapist jobs, physical therapy clinic staff, hand therapy jobs, sports medicine jobs, athletic training [&hellip;]<\/p>","protected":false},"author":1,"featured_media":0,"parent":0,"menu_order":0,"comment_status":"closed","ping_status":"closed","template":"","meta":[],"acf":[],"_links":{"self":[{"href":"https:\/\/urgencephysio.com\/fr\/wp-json\/wp\/v2\/pages\/8118"}],"collection":[{"href":"https:\/\/urgencephysio.com\/fr\/wp-json\/wp\/v2\/pages"}],"about":[{"href":"https:\/\/urgencephysio.com\/fr\/wp-json\/wp\/v2\/types\/page"}],"author":[{"embeddable":true,"href":"https:\/\/urgencephysio.com\/fr\/wp-json\/wp\/v2\/users\/1"}],"replies":[{"embeddable":true,"href":"https:\/\/urgencephysio.com\/fr\/wp-json\/wp\/v2\/comments?post=8118"}],"version-history":[{"count":0,"href":"https:\/\/urgencephysio.com\/fr\/wp-json\/wp\/v2\/pages\/8118\/revisions"}],"wp:attachment":[{"href":"https:\/\/urgencephysio.com\/fr\/wp-json\/wp\/v2\/media?parent=8118"}],"curies":[{"name":"wp","href":"https:\/\/api.w.org\/{rel}","templated":true}]}}