{"id":8063,"date":"2021-09-03T16:18:51","date_gmt":"2021-09-03T16:18:51","guid":{"rendered":"https:\/\/export-demos.qreativethemes.com\/elementor-physio\/?page_id=8063"},"modified":"2023-07-06T18:57:12","modified_gmt":"2023-07-06T18:57:12","slug":"clinical-pilates","status":"publish","type":"page","link":"https:\/\/urgencephysio.com\/fr\/services\/clinical-pilates\/","title":{"rendered":"Ost\u00e9opathie"},"content":{"rendered":"<div data-elementor-type=\"wp-page\" data-elementor-id=\"8063\" class=\"elementor elementor-8063\">\n\t\t\t\t\t\t<div class=\"elementor-inner\">\n\t\t\t\t<div class=\"elementor-section-wrap\">\n\t\t\t\t\t\t\t\t\t<section class=\"elementor-section elementor-top-section elementor-element elementor-element-9cbbfaa elementor-section-boxed elementor-section-height-default elementor-section-height-default\" data-id=\"9cbbfaa\" data-element_type=\"section\">\n\t\t\t\t\t\t<div class=\"elementor-container elementor-column-gap-extended\">\n\t\t\t\t\t\t\t<div class=\"elementor-row\">\n\t\t\t\t\t<div class=\"elementor-column elementor-col-50 elementor-top-column elementor-element elementor-element-eb96f66\" data-id=\"eb96f66\" data-element_type=\"column\">\n\t\t\t<div class=\"elementor-column-wrap elementor-element-populated\">\n\t\t\t\t\t\t\t<div class=\"elementor-widget-wrap\">\n\t\t\t\t\t\t<div class=\"elementor-element elementor-element-9ebd5e3 elementor-widget elementor-widget-image\" data-id=\"9ebd5e3\" data-element_type=\"widget\" data-widget_type=\"image.default\">\n\t\t\t\t<div class=\"elementor-widget-container\">\n\t\t\t<style>\/*! elementor - v3.11.5 - 14-03-2023 *\/\n.elementor-widget-image{text-align:center}.elementor-widget-image a{display:inline-block}.elementor-widget-image a img[src$=\".svg\"]{width:48px}.elementor-widget-image img{vertical-align:middle;display:inline-block}<\/style>\t\t\t\t\t<div class=\"elementor-image\">\n\t\t\t\t\t\t\t\t\t\t\t\t<img decoding=\"async\" width=\"1024\" height=\"683\" src=\"https:\/\/urgencephysio.com\/wp-content\/uploads\/2023\/07\/Untitled-850-\u00d7-567-mm-9-1024x683.png\" class=\"attachment-large size-large wp-image-8634\" alt=\"\" loading=\"lazy\" srcset=\"https:\/\/urgencephysio.com\/wp-content\/uploads\/2023\/07\/Untitled-850-\u00d7-567-mm-9-1024x683.png 1024w, https:\/\/urgencephysio.com\/wp-content\/uploads\/2023\/07\/Untitled-850-\u00d7-567-mm-9-300x200.png 300w, https:\/\/urgencephysio.com\/wp-content\/uploads\/2023\/07\/Untitled-850-\u00d7-567-mm-9-768x512.png 768w, https:\/\/urgencephysio.com\/wp-content\/uploads\/2023\/07\/Untitled-850-\u00d7-567-mm-9-1536x1024.png 1536w, https:\/\/urgencephysio.com\/wp-content\/uploads\/2023\/07\/Untitled-850-\u00d7-567-mm-9-2048x1366.png 2048w, https:\/\/urgencephysio.com\/wp-content\/uploads\/2023\/07\/Untitled-850-\u00d7-567-mm-9-360x240.png 360w, https:\/\/urgencephysio.com\/wp-content\/uploads\/2023\/07\/Untitled-850-\u00d7-567-mm-9-850x567.png 850w, https:\/\/urgencephysio.com\/wp-content\/uploads\/2023\/07\/Untitled-850-\u00d7-567-mm-9-600x400.png 600w\" sizes=\"(max-width: 1024px) 100vw, 1024px\" \/>\t\t\t\t\t\t\t\t\t\t\t\t\t\t<\/div>\n\t\t\t\t\t\t<\/div>\n\t\t\t\t<\/div>\n\t\t\t\t\t\t<\/div>\n\t\t\t\t\t<\/div>\n\t\t<\/div>\n\t\t\t\t<div class=\"elementor-column elementor-col-50 elementor-top-column elementor-element elementor-element-6ca4ba3\" data-id=\"6ca4ba3\" data-element_type=\"column\">\n\t\t\t<div class=\"elementor-column-wrap elementor-element-populated\">\n\t\t\t\t\t\t\t<div class=\"elementor-widget-wrap\">\n\t\t\t\t\t\t<div class=\"elementor-element elementor-element-b57454b elementor-widget elementor-widget-text-editor\" data-id=\"b57454b\" data-element_type=\"widget\" data-widget_type=\"text-editor.default\">\n\t\t\t\t<div class=\"elementor-widget-container\">\n\t\t\t<style>\/*! elementor - v3.11.5 - 14-03-2023 *\/\n.elementor-widget-text-editor.elementor-drop-cap-view-stacked .elementor-drop-cap{background-color:#818a91;color:#fff}.elementor-widget-text-editor.elementor-drop-cap-view-framed .elementor-drop-cap{color:#818a91;border:3px solid;background-color:transparent}.elementor-widget-text-editor:not(.elementor-drop-cap-view-default) .elementor-drop-cap{margin-top:8px}.elementor-widget-text-editor:not(.elementor-drop-cap-view-default) .elementor-drop-cap-letter{width:1em;height:1em}.elementor-widget-text-editor .elementor-drop-cap{float:left;text-align:center;line-height:1;font-size:50px}.elementor-widget-text-editor .elementor-drop-cap-letter{display:inline-block}<\/style>\t\t\t\t\t<div class=\"elementor-text-editor elementor-clearfix\">\n\t\t\t\t<p><strong><span style=\"color: #56afd5;\">Comment fonctionne l&#039;ost\u00e9opathie ?<\/span><\/strong><\/p><p class=\"vc_custom_heading vc_custom_1613953732668\">L&#039;ost\u00e9opathie est une profession de sant\u00e9 qui prend soin de la personne dans sa globalit\u00e9. C&#039;est une approche exclusivement manuelle qui consid\u00e8re la personne dans sa globalit\u00e9. En d&#039;autres termes, tous les syst\u00e8mes du corps humain sont interconnect\u00e9s. Le but de l&#039;ost\u00e9opathe est de restaurer toutes les structures et fonctions du corps afin que le corps puisse retrouver son \u00e9tat d&#039;\u00e9quilibre naturel (hom\u00e9ostasie).<\/p><p class=\"vc_custom_heading vc_custom_1613953744423\">Avec une connaissance approfondie de la biologie humaine, de l&#039;anatomie et de la physiologie, et une palpation pr\u00e9cise, un ost\u00e9opathe est capable de faire une \u00e9valuation compl\u00e8te pour identifier les causes possibles des dysfonctionnements neurologiques, musculo-squelettiques et visc\u00e9raux. Par la suite, un traitement pr\u00e9ventif et\/ou curatif individualis\u00e9 sera pr\u00e9conis\u00e9 en favorisant les fonctions d&#039;auto-gu\u00e9rison et d&#039;autor\u00e9gulation de l&#039;organisme.<\/p>\t\t\t\t\t<\/div>\n\t\t\t\t\t\t<\/div>\n\t\t\t\t<\/div>\n\t\t\t\t\t\t<\/div>\n\t\t\t\t\t<\/div>\n\t\t<\/div>\n\t\t\t\t\t\t\t\t<\/div>\n\t\t\t\t\t<\/div>\n\t\t<\/section>\n\t\t\t\t\t\t\t\t\t<\/div>\n\t\t\t<\/div>\n\t\t\t\t\t<\/div>","protected":false},"excerpt":{"rendered":"<p>Comment fonctionne l&#039;ost\u00e9opathie ? L&#039;ost\u00e9opathie est une profession de sant\u00e9 qui prend soin de la personne dans sa globalit\u00e9. Il s&#039;agit d&#039;une approche exclusivement manuelle qui consid\u00e8re la personne dans sa globalit\u00e9. Autrement dit, tous les syst\u00e8mes du corps humain sont interconnect\u00e9s. Le but de l\u2019ost\u00e9opathe est de restaurer toutes les structures et fonctions du corps afin que le [\u2026]<\/p>","protected":false},"author":1,"featured_media":8634,"parent":8030,"menu_order":0,"comment_status":"closed","ping_status":"closed","template":"","meta":[],"acf":[],"_links":{"self":[{"href":"https:\/\/urgencephysio.com\/fr\/wp-json\/wp\/v2\/pages\/8063"}],"collection":[{"href":"https:\/\/urgencephysio.com\/fr\/wp-json\/wp\/v2\/pages"}],"about":[{"href":"https:\/\/urgencephysio.com\/fr\/wp-json\/wp\/v2\/types\/page"}],"author":[{"embeddable":true,"href":"https:\/\/urgencephysio.com\/fr\/wp-json\/wp\/v2\/users\/1"}],"replies":[{"embeddable":true,"href":"https:\/\/urgencephysio.com\/fr\/wp-json\/wp\/v2\/comments?post=8063"}],"version-history":[{"count":15,"href":"https:\/\/urgencephysio.com\/fr\/wp-json\/wp\/v2\/pages\/8063\/revisions"}],"predecessor-version":[{"id":8635,"href":"https:\/\/urgencephysio.com\/fr\/wp-json\/wp\/v2\/pages\/8063\/revisions\/8635"}],"up":[{"embeddable":true,"href":"https:\/\/urgencephysio.com\/fr\/wp-json\/wp\/v2\/pages\/8030"}],"wp:featuredmedia":[{"embeddable":true,"href":"https:\/\/urgencephysio.com\/fr\/wp-json\/wp\/v2\/media\/8634"}],"wp:attachment":[{"href":"https:\/\/urgencephysio.com\/fr\/wp-json\/wp\/v2\/media?parent=8063"}],"curies":[{"name":"wp","href":"https:\/\/api.w.org\/{rel}","templated":true}]}}