{"id":8053,"date":"2021-09-03T16:14:18","date_gmt":"2021-09-03T16:14:18","guid":{"rendered":"https:\/\/export-demos.qreativethemes.com\/elementor-physio\/?page_id=8053"},"modified":"2024-07-05T17:48:32","modified_gmt":"2024-07-05T17:48:32","slug":"chiropractic-therapy","status":"publish","type":"page","link":"https:\/\/urgencephysio.com\/fr\/services\/chiropractic-therapy\/","title":{"rendered":"Physioth\u00e9rapie vestibulaire"},"content":{"rendered":"<div data-elementor-type=\"wp-page\" data-elementor-id=\"8053\" class=\"elementor elementor-8053\">\n\t\t\t\t\t\t<div class=\"elementor-inner\">\n\t\t\t\t<div class=\"elementor-section-wrap\">\n\t\t\t\t\t\t\t\t\t<section class=\"elementor-section elementor-top-section elementor-element elementor-element-9a8a6ae elementor-section-boxed elementor-section-height-default elementor-section-height-default\" data-id=\"9a8a6ae\" data-element_type=\"section\">\n\t\t\t\t\t\t<div class=\"elementor-container elementor-column-gap-default\">\n\t\t\t\t\t\t\t<div class=\"elementor-row\">\n\t\t\t\t\t<div class=\"elementor-column elementor-col-100 elementor-top-column elementor-element elementor-element-6c98342\" data-id=\"6c98342\" data-element_type=\"column\">\n\t\t\t<div class=\"elementor-column-wrap elementor-element-populated\">\n\t\t\t\t\t\t\t<div class=\"elementor-widget-wrap\">\n\t\t\t\t\t\t<div class=\"elementor-element elementor-element-a43896d elementor-widget-divider--view-line elementor-widget elementor-widget-divider\" data-id=\"a43896d\" data-element_type=\"widget\" data-widget_type=\"divider.default\">\n\t\t\t\t<div class=\"elementor-widget-container\">\n\t\t\t<style>\/*! elementor - v3.11.5 - 14-03-2023 *\/\n.elementor-widget-divider{--divider-border-style:none;--divider-border-width:1px;--divider-color:#2c2c2c;--divider-icon-size:20px;--divider-element-spacing:10px;--divider-pattern-height:24px;--divider-pattern-size:20px;--divider-pattern-url:none;--divider-pattern-repeat:repeat-x}.elementor-widget-divider .elementor-divider{display:flex}.elementor-widget-divider .elementor-divider__text{font-size:15px;line-height:1;max-width:95%}.elementor-widget-divider .elementor-divider__element{margin:0 var(--divider-element-spacing);flex-shrink:0}.elementor-widget-divider .elementor-icon{font-size:var(--divider-icon-size)}.elementor-widget-divider .elementor-divider-separator{display:flex;margin:0;direction:ltr}.elementor-widget-divider--view-line_icon .elementor-divider-separator,.elementor-widget-divider--view-line_text .elementor-divider-separator{align-items:center}.elementor-widget-divider--view-line_icon .elementor-divider-separator:after,.elementor-widget-divider--view-line_icon .elementor-divider-separator:before,.elementor-widget-divider--view-line_text .elementor-divider-separator:after,.elementor-widget-divider--view-line_text .elementor-divider-separator:before{display:block;content:\"\";border-bottom:0;flex-grow:1;border-top:var(--divider-border-width) var(--divider-border-style) var(--divider-color)}.elementor-widget-divider--element-align-left .elementor-divider .elementor-divider-separator>.elementor-divider__svg:first-of-type{flex-grow:0;flex-shrink:100}.elementor-widget-divider--element-align-left .elementor-divider-separator:before{content:none}.elementor-widget-divider--element-align-left .elementor-divider__element{margin-left:0}.elementor-widget-divider--element-align-right .elementor-divider .elementor-divider-separator>.elementor-divider__svg:last-of-type{flex-grow:0;flex-shrink:100}.elementor-widget-divider--element-align-right .elementor-divider-separator:after{content:none}.elementor-widget-divider--element-align-right .elementor-divider__element{margin-right:0}.elementor-widget-divider:not(.elementor-widget-divider--view-line_text):not(.elementor-widget-divider--view-line_icon) .elementor-divider-separator{border-top:var(--divider-border-width) var(--divider-border-style) var(--divider-color)}.elementor-widget-divider--separator-type-pattern{--divider-border-style:none}.elementor-widget-divider--separator-type-pattern.elementor-widget-divider--view-line .elementor-divider-separator,.elementor-widget-divider--separator-type-pattern:not(.elementor-widget-divider--view-line) .elementor-divider-separator:after,.elementor-widget-divider--separator-type-pattern:not(.elementor-widget-divider--view-line) .elementor-divider-separator:before,.elementor-widget-divider--separator-type-pattern:not([class*=elementor-widget-divider--view]) .elementor-divider-separator{width:100%;min-height:var(--divider-pattern-height);-webkit-mask-size:var(--divider-pattern-size) 100%;mask-size:var(--divider-pattern-size) 100%;-webkit-mask-repeat:var(--divider-pattern-repeat);mask-repeat:var(--divider-pattern-repeat);background-color:var(--divider-color);-webkit-mask-image:var(--divider-pattern-url);mask-image:var(--divider-pattern-url)}.elementor-widget-divider--no-spacing{--divider-pattern-size:auto}.elementor-widget-divider--bg-round{--divider-pattern-repeat:round}.rtl .elementor-widget-divider .elementor-divider__text{direction:rtl}.e-con-inner>.elementor-widget-divider,.e-con>.elementor-widget-divider{width:var(--container-widget-width,100%);--flex-grow:var(--container-widget-flex-grow)}<\/style>\t\t<div class=\"elementor-divider\">\n\t\t\t<span class=\"elementor-divider-separator\">\n\t\t\t\t\t\t<\/span>\n\t\t<\/div>\n\t\t\t\t<\/div>\n\t\t\t\t<\/div>\n\t\t\t\t\t\t<\/div>\n\t\t\t\t\t<\/div>\n\t\t<\/div>\n\t\t\t\t\t\t\t\t<\/div>\n\t\t\t\t\t<\/div>\n\t\t<\/section>\n\t\t\t\t<section class=\"elementor-section elementor-top-section elementor-element elementor-element-9cbbfaa elementor-section-boxed elementor-section-height-default elementor-section-height-default\" data-id=\"9cbbfaa\" data-element_type=\"section\">\n\t\t\t\t\t\t<div class=\"elementor-container elementor-column-gap-extended\">\n\t\t\t\t\t\t\t<div class=\"elementor-row\">\n\t\t\t\t\t<div class=\"elementor-column elementor-col-50 elementor-top-column elementor-element elementor-element-eb96f66\" data-id=\"eb96f66\" data-element_type=\"column\">\n\t\t\t<div class=\"elementor-column-wrap elementor-element-populated\">\n\t\t\t\t\t\t\t<div class=\"elementor-widget-wrap\">\n\t\t\t\t\t\t<div class=\"elementor-element elementor-element-9ebd5e3 elementor-widget elementor-widget-image\" data-id=\"9ebd5e3\" data-element_type=\"widget\" data-widget_type=\"image.default\">\n\t\t\t\t<div class=\"elementor-widget-container\">\n\t\t\t<style>\/*! elementor - v3.11.5 - 14-03-2023 *\/\n.elementor-widget-image{text-align:center}.elementor-widget-image a{display:inline-block}.elementor-widget-image a img[src$=\".svg\"]{width:48px}.elementor-widget-image img{vertical-align:middle;display:inline-block}<\/style>\t\t\t\t\t<div class=\"elementor-image\">\n\t\t\t\t\t\t\t\t\t\t\t\t<img decoding=\"async\" width=\"1024\" height=\"691\" src=\"https:\/\/urgencephysio.com\/wp-content\/uploads\/2023\/07\/vestibular-rehabilitation-1024x691.webp\" class=\"attachment-large size-large wp-image-8645\" alt=\"\" loading=\"lazy\" srcset=\"https:\/\/urgencephysio.com\/wp-content\/uploads\/2023\/07\/vestibular-rehabilitation-1024x691.webp 1024w, https:\/\/urgencephysio.com\/wp-content\/uploads\/2023\/07\/vestibular-rehabilitation-300x203.webp 300w, https:\/\/urgencephysio.com\/wp-content\/uploads\/2023\/07\/vestibular-rehabilitation-768x518.webp 768w, https:\/\/urgencephysio.com\/wp-content\/uploads\/2023\/07\/vestibular-rehabilitation-1536x1037.webp 1536w, https:\/\/urgencephysio.com\/wp-content\/uploads\/2023\/07\/vestibular-rehabilitation-600x405.webp 600w, https:\/\/urgencephysio.com\/wp-content\/uploads\/2023\/07\/vestibular-rehabilitation.webp 1600w\" sizes=\"(max-width: 1024px) 100vw, 1024px\" \/>\t\t\t\t\t\t\t\t\t\t\t\t\t\t<\/div>\n\t\t\t\t\t\t<\/div>\n\t\t\t\t<\/div>\n\t\t\t\t\t\t<\/div>\n\t\t\t\t\t<\/div>\n\t\t<\/div>\n\t\t\t\t<div class=\"elementor-column elementor-col-50 elementor-top-column elementor-element elementor-element-6ca4ba3\" data-id=\"6ca4ba3\" data-element_type=\"column\">\n\t\t\t<div class=\"elementor-column-wrap elementor-element-populated\">\n\t\t\t\t\t\t\t<div class=\"elementor-widget-wrap\">\n\t\t\t\t\t\t<div class=\"elementor-element elementor-element-b57454b elementor-widget elementor-widget-text-editor\" data-id=\"b57454b\" data-element_type=\"widget\" data-widget_type=\"text-editor.default\">\n\t\t\t\t<div class=\"elementor-widget-container\">\n\t\t\t<style>\/*! elementor - v3.11.5 - 14-03-2023 *\/\n.elementor-widget-text-editor.elementor-drop-cap-view-stacked .elementor-drop-cap{background-color:#818a91;color:#fff}.elementor-widget-text-editor.elementor-drop-cap-view-framed .elementor-drop-cap{color:#818a91;border:3px solid;background-color:transparent}.elementor-widget-text-editor:not(.elementor-drop-cap-view-default) .elementor-drop-cap{margin-top:8px}.elementor-widget-text-editor:not(.elementor-drop-cap-view-default) .elementor-drop-cap-letter{width:1em;height:1em}.elementor-widget-text-editor .elementor-drop-cap{float:left;text-align:center;line-height:1;font-size:50px}.elementor-widget-text-editor .elementor-drop-cap-letter{display:inline-block}<\/style>\t\t\t\t\t<div class=\"elementor-text-editor elementor-clearfix\">\n\t\t\t\t<p><span style=\"color: #56afd5;\"><strong>Qu&#039;est-ce que la physioth\u00e9rapie vestibulaire ?<\/strong><\/span><\/p><p>La physioth\u00e9rapie vestibulaire, \u00e9galement connue sous le nom de th\u00e9rapie de r\u00e9adaptation vestibulaire (VRT), est une forme sp\u00e9cialis\u00e9e de physioth\u00e9rapie qui se concentre sur l&#039;\u00e9valuation et le traitement des troubles affectant le syst\u00e8me vestibulaire. Le syst\u00e8me vestibulaire est responsable du maintien de l&#039;\u00e9quilibre, de l&#039;orientation spatiale et de la coordination des mouvements des yeux et de la t\u00eate.<\/p><p>Les troubles vestibulaires peuvent r\u00e9sulter de diverses affections, notamment la n\u00e9vrite vestibulaire, la labyrinthite, la maladie de M\u00e9ni\u00e8re, le vertige positionnel paroxystique b\u00e9nin (VPPB), la migraine vestibulaire et le syndrome post-commotionnel, entre autres. Ces troubles entra\u00eenent souvent des sympt\u00f4mes tels que des \u00e9tourdissements, des vertiges (une sensation de rotation), un d\u00e9s\u00e9quilibre, une instabilit\u00e9, des troubles visuels et des naus\u00e9es.<\/p><p>L&#039;objectif principal de la physioth\u00e9rapie vestibulaire est d&#039;aider les individus \u00e0 soulager ces sympt\u00f4mes et \u00e0 am\u00e9liorer leur capacit\u00e9 fonctionnelle et leur qualit\u00e9 de vie. Un physioth\u00e9rapeute vestibulaire se sp\u00e9cialise dans l&#039;\u00e9valuation des causes sous-jacentes du trouble vestibulaire et dans la conception d&#039;un plan de traitement personnalis\u00e9 pour traiter les d\u00e9ficiences sp\u00e9cifiques.<\/p>\t\t\t\t\t<\/div>\n\t\t\t\t\t\t<\/div>\n\t\t\t\t<\/div>\n\t\t\t\t\t\t<\/div>\n\t\t\t\t\t<\/div>\n\t\t<\/div>\n\t\t\t\t\t\t\t\t<\/div>\n\t\t\t\t\t<\/div>\n\t\t<\/section>\n\t\t\t\t<section class=\"elementor-section elementor-top-section elementor-element elementor-element-9a5cf6a elementor-section-boxed elementor-section-height-default elementor-section-height-default\" data-id=\"9a5cf6a\" data-element_type=\"section\">\n\t\t\t\t\t\t<div class=\"elementor-container elementor-column-gap-default\">\n\t\t\t\t\t\t\t<div class=\"elementor-row\">\n\t\t\t\t\t<div class=\"elementor-column elementor-col-100 elementor-top-column elementor-element elementor-element-715fdc6\" data-id=\"715fdc6\" data-element_type=\"column\">\n\t\t\t<div class=\"elementor-column-wrap elementor-element-populated\">\n\t\t\t\t\t\t\t<div class=\"elementor-widget-wrap\">\n\t\t\t\t\t\t<div class=\"elementor-element elementor-element-fb02c62 elementor-align-right elementor-widget__width-inherit elementor-widget elementor-widget-button\" data-id=\"fb02c62\" data-element_type=\"widget\" data-widget_type=\"button.default\">\n\t\t\t\t<div class=\"elementor-widget-container\">\n\t\t\t\t\t<div class=\"elementor-button-wrapper\">\n\t\t\t<a href=\"https:\/\/urgencephysiocp.clinicmaster.com\/landing?clinicId=4079&#038;lang=fr-CA\" class=\"elementor-button-link elementor-button elementor-size-lg\" role=\"button\">\n\t\t\t\t\t\t<span class=\"elementor-button-content-wrapper\">\n\t\t\t\t\t\t<span class=\"elementor-button-text\">PRENEZ RENDEZ-VOUS<\/span>\n\t\t<\/span>\n\t\t\t\t\t<\/a>\n\t\t<\/div>\n\t\t\t\t<\/div>\n\t\t\t\t<\/div>\n\t\t\t\t\t\t<\/div>\n\t\t\t\t\t<\/div>\n\t\t<\/div>\n\t\t\t\t\t\t\t\t<\/div>\n\t\t\t\t\t<\/div>\n\t\t<\/section>\n\t\t\t\t\t\t\t\t\t<\/div>\n\t\t\t<\/div>\n\t\t\t\t\t<\/div>","protected":false},"excerpt":{"rendered":"<p>La physioth\u00e9rapie vestibulaire, \u00e9galement connue sous le nom de th\u00e9rapie de r\u00e9adaptation vestibulaire (VRT), est une forme sp\u00e9cialis\u00e9e de physioth\u00e9rapie qui se concentre sur l&#039;\u00e9valuation et le traitement des troubles affectant le syst\u00e8me vestibulaire. Le syst\u00e8me vestibulaire est responsable du maintien de l&#039;\u00e9quilibre, de l&#039;orientation spatiale et de la coordination des mouvements des yeux et de la t\u00eate.<\/p>\n<p>Les troubles vestibulaires peuvent r\u00e9sulter de diverses affections, notamment la n\u00e9vrite vestibulaire, la labyrinthite, la maladie de M\u00e9ni\u00e8re, le vertige positionnel paroxystique b\u00e9nin (VPPB), la migraine vestibulaire et le syndrome post-commotionnel, entre autres. Ces troubles entra\u00eenent souvent des sympt\u00f4mes tels que des \u00e9tourdissements, des vertiges (une sensation de rotation), un d\u00e9s\u00e9quilibre, une instabilit\u00e9, des troubles visuels et des naus\u00e9es.<\/p>\n<p>L&#039;objectif principal de la physioth\u00e9rapie vestibulaire est d&#039;aider les individus \u00e0 soulager ces sympt\u00f4mes et \u00e0 am\u00e9liorer leur capacit\u00e9 fonctionnelle et leur qualit\u00e9 de vie. Un physioth\u00e9rapeute vestibulaire se sp\u00e9cialise dans l&#039;\u00e9valuation des causes sous-jacentes du trouble vestibulaire et dans la conception d&#039;un plan de traitement personnalis\u00e9 pour traiter les d\u00e9ficiences sp\u00e9cifiques.<\/p>","protected":false},"author":1,"featured_media":8645,"parent":8030,"menu_order":0,"comment_status":"closed","ping_status":"closed","template":"","meta":[],"acf":[],"_links":{"self":[{"href":"https:\/\/urgencephysio.com\/fr\/wp-json\/wp\/v2\/pages\/8053"}],"collection":[{"href":"https:\/\/urgencephysio.com\/fr\/wp-json\/wp\/v2\/pages"}],"about":[{"href":"https:\/\/urgencephysio.com\/fr\/wp-json\/wp\/v2\/types\/page"}],"author":[{"embeddable":true,"href":"https:\/\/urgencephysio.com\/fr\/wp-json\/wp\/v2\/users\/1"}],"replies":[{"embeddable":true,"href":"https:\/\/urgencephysio.com\/fr\/wp-json\/wp\/v2\/comments?post=8053"}],"version-history":[{"count":26,"href":"https:\/\/urgencephysio.com\/fr\/wp-json\/wp\/v2\/pages\/8053\/revisions"}],"predecessor-version":[{"id":9186,"href":"https:\/\/urgencephysio.com\/fr\/wp-json\/wp\/v2\/pages\/8053\/revisions\/9186"}],"up":[{"embeddable":true,"href":"https:\/\/urgencephysio.com\/fr\/wp-json\/wp\/v2\/pages\/8030"}],"wp:featuredmedia":[{"embeddable":true,"href":"https:\/\/urgencephysio.com\/fr\/wp-json\/wp\/v2\/media\/8645"}],"wp:attachment":[{"href":"https:\/\/urgencephysio.com\/fr\/wp-json\/wp\/v2\/media?parent=8053"}],"curies":[{"name":"wp","href":"https:\/\/api.w.org\/{rel}","templated":true}]}}