{"id":8043,"date":"2021-09-03T15:58:46","date_gmt":"2021-09-03T15:58:46","guid":{"rendered":"https:\/\/export-demos.qreativethemes.com\/elementor-physio\/?page_id=8043"},"modified":"2024-07-05T17:46:19","modified_gmt":"2024-07-05T17:46:19","slug":"physiotherapy-2","status":"publish","type":"page","link":"https:\/\/urgencephysio.com\/fr\/services\/physiotherapy-2\/","title":{"rendered":"Physioth\u00e9rapie"},"content":{"rendered":"<div data-elementor-type=\"wp-page\" data-elementor-id=\"8043\" class=\"elementor elementor-8043\">\n\t\t\t\t\t\t<div class=\"elementor-inner\">\n\t\t\t\t<div class=\"elementor-section-wrap\">\n\t\t\t\t\t\t\t\t\t<section class=\"elementor-section elementor-top-section elementor-element elementor-element-9e0d5d2 elementor-section-boxed elementor-section-height-default elementor-section-height-default\" data-id=\"9e0d5d2\" data-element_type=\"section\">\n\t\t\t\t\t\t<div class=\"elementor-container elementor-column-gap-extended\">\n\t\t\t\t\t\t\t<div class=\"elementor-row\">\n\t\t\t\t\t<div class=\"elementor-column elementor-col-50 elementor-top-column elementor-element elementor-element-8ddd175\" data-id=\"8ddd175\" data-element_type=\"column\">\n\t\t\t<div class=\"elementor-column-wrap elementor-element-populated\">\n\t\t\t\t\t\t\t<div class=\"elementor-widget-wrap\">\n\t\t\t\t\t\t<div class=\"elementor-element elementor-element-a3a312c elementor-widget elementor-widget-image\" data-id=\"a3a312c\" data-element_type=\"widget\" data-widget_type=\"image.default\">\n\t\t\t\t<div class=\"elementor-widget-container\">\n\t\t\t<style>\/*! elementor - v3.11.5 - 14-03-2023 *\/\n.elementor-widget-image{text-align:center}.elementor-widget-image a{display:inline-block}.elementor-widget-image a img[src$=\".svg\"]{width:48px}.elementor-widget-image img{vertical-align:middle;display:inline-block}<\/style>\t\t\t\t\t<div class=\"elementor-image\">\n\t\t\t\t\t\t\t\t\t\t\t\t<img decoding=\"async\" width=\"850\" height=\"567\" src=\"https:\/\/urgencephysio.com\/wp-content\/uploads\/2023\/06\/Physiotherapy.jpg\" class=\"attachment-full size-full wp-image-8281\" alt=\"\" loading=\"lazy\" srcset=\"https:\/\/urgencephysio.com\/wp-content\/uploads\/2023\/06\/Physiotherapy.jpg 850w, https:\/\/urgencephysio.com\/wp-content\/uploads\/2023\/06\/Physiotherapy-300x200.jpg 300w, https:\/\/urgencephysio.com\/wp-content\/uploads\/2023\/06\/Physiotherapy-768x512.jpg 768w, https:\/\/urgencephysio.com\/wp-content\/uploads\/2023\/06\/Physiotherapy-360x240.jpg 360w, https:\/\/urgencephysio.com\/wp-content\/uploads\/2023\/06\/Physiotherapy-600x400.jpg 600w\" sizes=\"(max-width: 850px) 100vw, 850px\" \/>\t\t\t\t\t\t\t\t\t\t\t\t\t\t<\/div>\n\t\t\t\t\t\t<\/div>\n\t\t\t\t<\/div>\n\t\t\t\t\t\t<\/div>\n\t\t\t\t\t<\/div>\n\t\t<\/div>\n\t\t\t\t<div class=\"elementor-column elementor-col-50 elementor-top-column elementor-element elementor-element-610998e\" data-id=\"610998e\" data-element_type=\"column\">\n\t\t\t<div class=\"elementor-column-wrap elementor-element-populated\">\n\t\t\t\t\t\t\t<div class=\"elementor-widget-wrap\">\n\t\t\t\t\t\t<div class=\"elementor-element elementor-element-a45fbc9 elementor-widget elementor-widget-text-editor\" data-id=\"a45fbc9\" data-element_type=\"widget\" data-widget_type=\"text-editor.default\">\n\t\t\t\t<div class=\"elementor-widget-container\">\n\t\t\t<style>\/*! elementor - v3.11.5 - 14-03-2023 *\/\n.elementor-widget-text-editor.elementor-drop-cap-view-stacked .elementor-drop-cap{background-color:#818a91;color:#fff}.elementor-widget-text-editor.elementor-drop-cap-view-framed .elementor-drop-cap{color:#818a91;border:3px solid;background-color:transparent}.elementor-widget-text-editor:not(.elementor-drop-cap-view-default) .elementor-drop-cap{margin-top:8px}.elementor-widget-text-editor:not(.elementor-drop-cap-view-default) .elementor-drop-cap-letter{width:1em;height:1em}.elementor-widget-text-editor .elementor-drop-cap{float:left;text-align:center;line-height:1;font-size:50px}.elementor-widget-text-editor .elementor-drop-cap-letter{display:inline-block}<\/style>\t\t\t\t\t<div class=\"elementor-text-editor elementor-clearfix\">\n\t\t\t\t<p>La physioth\u00e9rapie est une profession de la sant\u00e9 qui fournit des traitements aux individus pour aider \u00e0 d\u00e9velopper, restaurer et maintenir un maximum de mouvement et de fonction tout au long de la vie. Des traitements peuvent \u00eatre n\u00e9cessaires suite \u00e0 : une blessure, une maladie, le vieillissement ou d'autres facteurs environnementaux (poste de travail inad\u00e9quat, position assise prolong\u00e9e, etc.). Afin de r\u00e9tablir la capacit\u00e9 fonctionnelle ant\u00e9rieure, un physioth\u00e9rapeute utilisera une combinaison de modalit\u00e9s actives et passives.<\/p><p class=\"vc_custom_heading vc_custom_1613953423136\">Les modalit\u00e9s de traitement actif comprennent les techniques manuelles, la m\u00e9thode McKenzie, le concept Mulligan et la prescription d&#039;exercices. Les modalit\u00e9s de traitement passif comprennent l&#039;\u00e9lectroth\u00e9rapie, la thermoth\u00e9rapie, la cryoth\u00e9rapie et les ultrasons. Toutes ces interventions sont ax\u00e9es sur l&#039;autonomisation du client. Celles-ci permettront \u00e0 chacun d&#039;acqu\u00e9rir les capacit\u00e9s physiques n\u00e9cessaires \u00e0 la reprise de ses activit\u00e9s de loisirs, sportives ou sociales, ainsi qu&#039;\u00e0 faciliter l&#039;accomplissement d&#039;un travail ou de t\u00e2ches au quotidien.<\/p>\t\t\t\t\t<\/div>\n\t\t\t\t\t\t<\/div>\n\t\t\t\t<\/div>\n\t\t\t\t\t\t<\/div>\n\t\t\t\t\t<\/div>\n\t\t<\/div>\n\t\t\t\t\t\t\t\t<\/div>\n\t\t\t\t\t<\/div>\n\t\t<\/section>\n\t\t\t\t<section class=\"elementor-section elementor-top-section elementor-element elementor-element-1b56cd1 elementor-section-boxed elementor-section-height-default elementor-section-height-default\" data-id=\"1b56cd1\" data-element_type=\"section\">\n\t\t\t\t\t\t<div class=\"elementor-container elementor-column-gap-default\">\n\t\t\t\t\t\t\t<div class=\"elementor-row\">\n\t\t\t\t\t<div class=\"elementor-column elementor-col-100 elementor-top-column elementor-element elementor-element-fccb59a\" data-id=\"fccb59a\" data-element_type=\"column\">\n\t\t\t<div class=\"elementor-column-wrap elementor-element-populated\">\n\t\t\t\t\t\t\t<div class=\"elementor-widget-wrap\">\n\t\t\t\t\t\t<div class=\"elementor-element elementor-element-44e4182 elementor-align-right elementor-widget__width-inherit elementor-widget elementor-widget-button\" data-id=\"44e4182\" data-element_type=\"widget\" data-widget_type=\"button.default\">\n\t\t\t\t<div class=\"elementor-widget-container\">\n\t\t\t\t\t<div class=\"elementor-button-wrapper\">\n\t\t\t<a href=\"https:\/\/urgencephysiocp.clinicmaster.com\/landing?clinicId=4079&#038;lang=fr-CA\" class=\"elementor-button-link elementor-button elementor-size-lg\" role=\"button\">\n\t\t\t\t\t\t<span class=\"elementor-button-content-wrapper\">\n\t\t\t\t\t\t<span class=\"elementor-button-text\">PRENEZ RENDEZ-VOUS<\/span>\n\t\t<\/span>\n\t\t\t\t\t<\/a>\n\t\t<\/div>\n\t\t\t\t<\/div>\n\t\t\t\t<\/div>\n\t\t\t\t\t\t<\/div>\n\t\t\t\t\t<\/div>\n\t\t<\/div>\n\t\t\t\t\t\t\t\t<\/div>\n\t\t\t\t\t<\/div>\n\t\t<\/section>\n\t\t\t\t\t\t\t\t\t<\/div>\n\t\t\t<\/div>\n\t\t\t\t\t<\/div>","protected":false},"excerpt":{"rendered":"<p>La physioth\u00e9rapie est une profession de la sant\u00e9 qui fournit des traitements aux individus pour aider \u00e0 d\u00e9velopper, restaurer et maintenir un maximum de mouvement et de fonction tout au long de la vie. Des traitements peuvent \u00eatre n\u00e9cessaires suite \u00e0 : une blessure, une maladie, le vieillissement ou d'autres facteurs environnementaux (poste de travail inad\u00e9quat, position assise prolong\u00e9e, etc.). Afin de r\u00e9tablir la capacit\u00e9 fonctionnelle ant\u00e9rieure, un physioth\u00e9rapeute utilisera une combinaison de modalit\u00e9s actives et passives.<\/p>\n<p>Les modalit\u00e9s de traitement actif comprennent les techniques manuelles, la m\u00e9thode McKenzie, le concept Mulligan et la prescription d&#039;exercices. Les modalit\u00e9s de traitement passif comprennent l&#039;\u00e9lectroth\u00e9rapie, la thermoth\u00e9rapie, la cryoth\u00e9rapie et les ultrasons. Toutes ces interventions sont ax\u00e9es sur l&#039;autonomisation du client. Celles-ci permettront \u00e0 chacun d&#039;acqu\u00e9rir les capacit\u00e9s physiques n\u00e9cessaires \u00e0 la reprise de ses activit\u00e9s de loisirs, sportives ou sociales, ainsi qu&#039;\u00e0 faciliter l&#039;accomplissement d&#039;un travail ou de t\u00e2ches au quotidien.<\/p>","protected":false},"author":1,"featured_media":8281,"parent":8030,"menu_order":0,"comment_status":"closed","ping_status":"closed","template":"","meta":[],"acf":[],"_links":{"self":[{"href":"https:\/\/urgencephysio.com\/fr\/wp-json\/wp\/v2\/pages\/8043"}],"collection":[{"href":"https:\/\/urgencephysio.com\/fr\/wp-json\/wp\/v2\/pages"}],"about":[{"href":"https:\/\/urgencephysio.com\/fr\/wp-json\/wp\/v2\/types\/page"}],"author":[{"embeddable":true,"href":"https:\/\/urgencephysio.com\/fr\/wp-json\/wp\/v2\/users\/1"}],"replies":[{"embeddable":true,"href":"https:\/\/urgencephysio.com\/fr\/wp-json\/wp\/v2\/comments?post=8043"}],"version-history":[{"count":29,"href":"https:\/\/urgencephysio.com\/fr\/wp-json\/wp\/v2\/pages\/8043\/revisions"}],"predecessor-version":[{"id":9177,"href":"https:\/\/urgencephysio.com\/fr\/wp-json\/wp\/v2\/pages\/8043\/revisions\/9177"}],"up":[{"embeddable":true,"href":"https:\/\/urgencephysio.com\/fr\/wp-json\/wp\/v2\/pages\/8030"}],"wp:featuredmedia":[{"embeddable":true,"href":"https:\/\/urgencephysio.com\/fr\/wp-json\/wp\/v2\/media\/8281"}],"wp:attachment":[{"href":"https:\/\/urgencephysio.com\/fr\/wp-json\/wp\/v2\/media?parent=8043"}],"curies":[{"name":"wp","href":"https:\/\/api.w.org\/{rel}","templated":true}]}}