{"id":8023,"date":"2021-09-03T15:49:09","date_gmt":"2021-09-03T15:49:09","guid":{"rendered":"https:\/\/export-demos.qreativethemes.com\/elementor-physio\/?page_id=8023"},"modified":"2023-06-21T20:42:11","modified_gmt":"2023-06-21T20:42:11","slug":"single-therapist","status":"publish","type":"page","link":"https:\/\/urgencephysio.com\/fr\/single-therapist\/","title":{"rendered":"Prix"},"content":{"rendered":"<div data-elementor-type=\"wp-page\" data-elementor-id=\"8023\" class=\"elementor elementor-8023\">\n\t\t\t\t\t\t<div class=\"elementor-inner\">\n\t\t\t\t<div class=\"elementor-section-wrap\">\n\t\t\t\t\t\t\t\t\t<section class=\"elementor-section elementor-top-section elementor-element elementor-element-e568743 elementor-section-boxed elementor-section-height-default elementor-section-height-default\" data-id=\"e568743\" data-element_type=\"section\">\n\t\t\t\t\t\t<div class=\"elementor-container elementor-column-gap-extended\">\n\t\t\t\t\t\t\t<div class=\"elementor-row\">\n\t\t\t\t\t<div class=\"elementor-column elementor-col-50 elementor-top-column elementor-element elementor-element-1e43a05\" data-id=\"1e43a05\" data-element_type=\"column\">\n\t\t\t<div class=\"elementor-column-wrap elementor-element-populated\">\n\t\t\t\t\t\t\t<div class=\"elementor-widget-wrap\">\n\t\t\t\t\t\t<div class=\"elementor-element elementor-element-76c2cc9 elementor-widget elementor-widget-text-editor\" data-id=\"76c2cc9\" data-element_type=\"widget\" data-widget_type=\"text-editor.default\">\n\t\t\t\t<div class=\"elementor-widget-container\">\n\t\t\t<style>\/*! elementor - v3.11.5 - 14-03-2023 *\/\n.elementor-widget-text-editor.elementor-drop-cap-view-stacked .elementor-drop-cap{background-color:#818a91;color:#fff}.elementor-widget-text-editor.elementor-drop-cap-view-framed .elementor-drop-cap{color:#818a91;border:3px solid;background-color:transparent}.elementor-widget-text-editor:not(.elementor-drop-cap-view-default) .elementor-drop-cap{margin-top:8px}.elementor-widget-text-editor:not(.elementor-drop-cap-view-default) .elementor-drop-cap-letter{width:1em;height:1em}.elementor-widget-text-editor .elementor-drop-cap{float:left;text-align:center;line-height:1;font-size:50px}.elementor-widget-text-editor .elementor-drop-cap-letter{display:inline-block}<\/style>\t\t\t\t\t<div class=\"elementor-text-editor elementor-clearfix\">\n\t\t\t\t<p>Kristina a ouvert Physio Physical Therapy en 2006 avec l&#039;intention de cr\u00e9er une pratique qui combinerait le meilleur de la physioth\u00e9rapie traditionnelle avec les principes et techniques de la th\u00e9rapie manuelle ost\u00e9opathique.<\/p><p>Avec plus de 20 ans d&#039;exp\u00e9rience clinique, la pratique de Kristina suit la philosophie selon laquelle la th\u00e9rapie est plus efficace lorsque les gens sont trait\u00e9s comme des \u00eatres humains \u00e0 part enti\u00e8re, et non comme des parties individuelles, et son travail est ax\u00e9 sur la recherche et le traitement des causes profondes.<\/p><p><span style=\"color: #56afd5;\"><strong>\u00c9ducation<\/strong><\/span><br \/>Kristina, PT, DPT, est dipl\u00f4m\u00e9e de Physio University en tant que physioth\u00e9rapeute et titulaire d&#039;un doctorat en physioth\u00e9rapie. Kristina a de l&#039;exp\u00e9rience et s&#039;int\u00e9resse \u00e0 la physioth\u00e9rapie orthop\u00e9dique ambulatoire et \u00e0 la r\u00e9\u00e9ducation sportive.<\/p><p><strong><span style=\"color: #56afd5;\">Carri\u00e8re<\/span><\/strong><br \/>Kin\u00e9sith\u00e9rapeute \u00e0 l&#039;h\u00f4pital, en pratique priv\u00e9e et \u00e0 la Physio University. Membre du corps professoral auxiliaire \u00e0 la Physio University et \u00e0 la Physical University, enseignant \u00e0 la fois des cours de physioth\u00e9rapie et d&#039;entra\u00eenement sportif.<\/p><p><strong><span style=\"color: #56afd5;\">R\u00e9alisations professionnelles<\/span><\/strong><br \/>Coordonnateur de l&#039;enseignement clinique et supervise les programmes d&#039;aide b\u00e9n\u00e9vole et de stagiaires dipl\u00f4m\u00e9s. Membre de l&#039;Association internationale de m\u00e9decine et de science de la danse, il s&#039;int\u00e9resse activement \u00e0 la croissance de la communaut\u00e9 de la m\u00e9decine de la danse.<\/p><p><strong><span style=\"color: #56afd5;\">Qualifications du th\u00e9rapeute<\/span><\/strong><\/p>\t\t\t\t\t<\/div>\n\t\t\t\t\t\t<\/div>\n\t\t\t\t<\/div>\n\t\t\t\t<div class=\"elementor-element elementor-element-753d07c elementor-icon-list--layout-traditional elementor-list-item-link-full_width elementor-widget elementor-widget-icon-list\" data-id=\"753d07c\" data-element_type=\"widget\" data-widget_type=\"icon-list.default\">\n\t\t\t\t<div class=\"elementor-widget-container\">\n\t\t\t<link rel=\"stylesheet\" href=\"https:\/\/urgencephysio.com\/wp-content\/uploads\/elementor\/css\/custom-widget-icon-list.min.css?ver=1697490282\">\t\t<ul class=\"elementor-icon-list-items\">\n\t\t\t\t\t\t\t<li class=\"elementor-icon-list-item\">\n\t\t\t\t\t\t\t\t\t\t\t<span class=\"elementor-icon-list-icon\">\n\t\t\t\t\t\t\t<i aria-hidden=\"true\" class=\"fas fa-check\"><\/i>\t\t\t\t\t\t<\/span>\n\t\t\t\t\t\t\t\t\t\t<span class=\"elementor-icon-list-text\">Dipl\u00f4me d&#039;\u00e9tudes sup\u00e9rieures en physioth\u00e9rapie<\/span>\n\t\t\t\t\t\t\t\t\t<\/li>\n\t\t\t\t\t\t\t\t<li class=\"elementor-icon-list-item\">\n\t\t\t\t\t\t\t\t\t\t\t<span class=\"elementor-icon-list-icon\">\n\t\t\t\t\t\t\t<i aria-hidden=\"true\" class=\"fas fa-check\"><\/i>\t\t\t\t\t\t<\/span>\n\t\t\t\t\t\t\t\t\t\t<span class=\"elementor-icon-list-text\">Membre du Coll\u00e8ge n\u00e9o-z\u00e9landais des physioth\u00e9rapeutes<\/span>\n\t\t\t\t\t\t\t\t\t<\/li>\n\t\t\t\t\t\t\t\t<li class=\"elementor-icon-list-item\">\n\t\t\t\t\t\t\t\t\t\t\t<span class=\"elementor-icon-list-icon\">\n\t\t\t\t\t\t\t<i aria-hidden=\"true\" class=\"fas fa-check\"><\/i>\t\t\t\t\t\t<\/span>\n\t\t\t\t\t\t\t\t\t\t<span class=\"elementor-icon-list-text\">Dipl\u00f4me d&#039;\u00e9tudes sup\u00e9rieures en th\u00e9rapie manipulatrice<\/span>\n\t\t\t\t\t\t\t\t\t<\/li>\n\t\t\t\t\t\t\t\t<li class=\"elementor-icon-list-item\">\n\t\t\t\t\t\t\t\t\t\t\t<span class=\"elementor-icon-list-icon\">\n\t\t\t\t\t\t\t<i aria-hidden=\"true\" class=\"fas fa-check\"><\/i>\t\t\t\t\t\t<\/span>\n\t\t\t\t\t\t\t\t\t\t<span class=\"elementor-icon-list-text\">Dipl\u00f4me d&#039;\u00e9tudes sup\u00e9rieures en r\u00e9adaptation<\/span>\n\t\t\t\t\t\t\t\t\t<\/li>\n\t\t\t\t\t\t\t\t<li class=\"elementor-icon-list-item\">\n\t\t\t\t\t\t\t\t\t\t\t<span class=\"elementor-icon-list-icon\">\n\t\t\t\t\t\t\t<i aria-hidden=\"true\" class=\"fas fa-check\"><\/i>\t\t\t\t\t\t<\/span>\n\t\t\t\t\t\t\t\t\t\t<span class=\"elementor-icon-list-text\">Physioth\u00e9rapeute acupuncteur agr\u00e9\u00e9<\/span>\n\t\t\t\t\t\t\t\t\t<\/li>\n\t\t\t\t\t\t<\/ul>\n\t\t\t\t<\/div>\n\t\t\t\t<\/div>\n\t\t\t\t\t\t<\/div>\n\t\t\t\t\t<\/div>\n\t\t<\/div>\n\t\t\t\t<div class=\"elementor-column elementor-col-50 elementor-top-column elementor-element elementor-element-c0fb147\" data-id=\"c0fb147\" data-element_type=\"column\">\n\t\t\t<div class=\"elementor-column-wrap elementor-element-populated\">\n\t\t\t\t\t\t\t<div class=\"elementor-widget-wrap\">\n\t\t\t\t\t\t<div class=\"elementor-element elementor-element-14fe519 elementor-widget elementor-widget-image\" data-id=\"14fe519\" data-element_type=\"widget\" data-widget_type=\"image.default\">\n\t\t\t\t<div class=\"elementor-widget-container\">\n\t\t\t<style>\/*! elementor - v3.11.5 - 14-03-2023 *\/\n.elementor-widget-image{text-align:center}.elementor-widget-image a{display:inline-block}.elementor-widget-image a img[src$=\".svg\"]{width:48px}.elementor-widget-image img{vertical-align:middle;display:inline-block}<\/style>\t\t\t\t\t<div class=\"elementor-image\">\n\t\t\t\t\t\t\t\t\t\t\t\t<img decoding=\"async\" width=\"850\" height=\"567\" src=\"https:\/\/urgencephysio.com\/wp-content\/uploads\/2015\/11\/850x567.png\" class=\"attachment-full size-full wp-image-7481\" alt=\"\" loading=\"lazy\" srcset=\"https:\/\/urgencephysio.com\/wp-content\/uploads\/2015\/11\/850x567.png 850w, https:\/\/urgencephysio.com\/wp-content\/uploads\/2015\/11\/850x567-600x400.png 600w\" sizes=\"(max-width: 850px) 100vw, 850px\" \/>\t\t\t\t\t\t\t\t\t\t\t\t\t\t<\/div>\n\t\t\t\t\t\t<\/div>\n\t\t\t\t<\/div>\n\t\t\t\t<div class=\"elementor-element elementor-element-cf3cd38 elementor-widget elementor-widget-image\" data-id=\"cf3cd38\" data-element_type=\"widget\" data-widget_type=\"image.default\">\n\t\t\t\t<div class=\"elementor-widget-container\">\n\t\t\t\t\t\t\t\t<div class=\"elementor-image\">\n\t\t\t\t\t\t\t\t\t\t\t\t<img decoding=\"async\" width=\"850\" height=\"567\" src=\"https:\/\/urgencephysio.com\/wp-content\/uploads\/2015\/11\/850x567.png\" class=\"attachment-full size-full wp-image-7481\" alt=\"\" loading=\"lazy\" srcset=\"https:\/\/urgencephysio.com\/wp-content\/uploads\/2015\/11\/850x567.png 850w, https:\/\/urgencephysio.com\/wp-content\/uploads\/2015\/11\/850x567-600x400.png 600w\" sizes=\"(max-width: 850px) 100vw, 850px\" \/>\t\t\t\t\t\t\t\t\t\t\t\t\t\t<\/div>\n\t\t\t\t\t\t<\/div>\n\t\t\t\t<\/div>\n\t\t\t\t<div class=\"elementor-element elementor-element-307d3de elementor-widget elementor-widget-image\" data-id=\"307d3de\" data-element_type=\"widget\" data-widget_type=\"image.default\">\n\t\t\t\t<div class=\"elementor-widget-container\">\n\t\t\t\t\t\t\t\t<div class=\"elementor-image\">\n\t\t\t\t\t\t\t\t\t\t\t\t<img decoding=\"async\" width=\"850\" height=\"567\" src=\"https:\/\/urgencephysio.com\/wp-content\/uploads\/2015\/11\/850x567.png\" class=\"attachment-full size-full wp-image-7481\" alt=\"\" loading=\"lazy\" srcset=\"https:\/\/urgencephysio.com\/wp-content\/uploads\/2015\/11\/850x567.png 850w, https:\/\/urgencephysio.com\/wp-content\/uploads\/2015\/11\/850x567-600x400.png 600w\" sizes=\"(max-width: 850px) 100vw, 850px\" \/>\t\t\t\t\t\t\t\t\t\t\t\t\t\t<\/div>\n\t\t\t\t\t\t<\/div>\n\t\t\t\t<\/div>\n\t\t\t\t\t\t<\/div>\n\t\t\t\t\t<\/div>\n\t\t<\/div>\n\t\t\t\t\t\t\t\t<\/div>\n\t\t\t\t\t<\/div>\n\t\t<\/section>\n\t\t\t\t\t\t\t\t\t<\/div>\n\t\t\t<\/div>\n\t\t\t\t\t<\/div>","protected":false},"excerpt":{"rendered":"<p>Kristina opened Physio Physical Therapy in 2006 with the intention of creating a practice that would combine the best of traditional physical therapy with the principles and techniques of osteopathic manual therapy. With over 20 years of clinical experience, Kristina&#8217;s practice follows the philosophy that therapy is most successful when people are treated as whole [&hellip;]<\/p>","protected":false},"author":1,"featured_media":0,"parent":0,"menu_order":0,"comment_status":"closed","ping_status":"closed","template":"","meta":[],"acf":[],"_links":{"self":[{"href":"https:\/\/urgencephysio.com\/fr\/wp-json\/wp\/v2\/pages\/8023"}],"collection":[{"href":"https:\/\/urgencephysio.com\/fr\/wp-json\/wp\/v2\/pages"}],"about":[{"href":"https:\/\/urgencephysio.com\/fr\/wp-json\/wp\/v2\/types\/page"}],"author":[{"embeddable":true,"href":"https:\/\/urgencephysio.com\/fr\/wp-json\/wp\/v2\/users\/1"}],"replies":[{"embeddable":true,"href":"https:\/\/urgencephysio.com\/fr\/wp-json\/wp\/v2\/comments?post=8023"}],"version-history":[{"count":2,"href":"https:\/\/urgencephysio.com\/fr\/wp-json\/wp\/v2\/pages\/8023\/revisions"}],"predecessor-version":[{"id":8207,"href":"https:\/\/urgencephysio.com\/fr\/wp-json\/wp\/v2\/pages\/8023\/revisions\/8207"}],"wp:attachment":[{"href":"https:\/\/urgencephysio.com\/fr\/wp-json\/wp\/v2\/media?parent=8023"}],"curies":[{"name":"wp","href":"https:\/\/api.w.org\/{rel}","templated":true}]}}