{"id":7993,"date":"2021-09-03T15:30:07","date_gmt":"2021-09-03T15:30:07","guid":{"rendered":"https:\/\/export-demos.qreativethemes.com\/elementor-physio\/?page_id=7993"},"modified":"2023-06-20T22:51:12","modified_gmt":"2023-06-20T22:51:12","slug":"manhatten","status":"publish","type":"page","link":"https:\/\/urgencephysio.com\/fr\/manhatten\/","title":{"rendered":"Manhattan"},"content":{"rendered":"<div data-elementor-type=\"wp-page\" data-elementor-id=\"7993\" class=\"elementor elementor-7993\">\n\t\t\t\t\t\t<div class=\"elementor-inner\">\n\t\t\t\t<div class=\"elementor-section-wrap\">\n\t\t\t\t\t\t\t\t\t<section class=\"elementor-section elementor-top-section elementor-element elementor-element-d7dacd0 elementor-section-content-top elementor-section-boxed elementor-section-height-default elementor-section-height-default\" data-id=\"d7dacd0\" data-element_type=\"section\">\n\t\t\t\t\t\t<div class=\"elementor-container elementor-column-gap-extended\">\n\t\t\t\t\t\t\t<div class=\"elementor-row\">\n\t\t\t\t\t<div class=\"elementor-column elementor-col-50 elementor-top-column elementor-element elementor-element-e07d845\" data-id=\"e07d845\" data-element_type=\"column\">\n\t\t\t<div class=\"elementor-column-wrap elementor-element-populated\">\n\t\t\t\t\t\t\t<div class=\"elementor-widget-wrap\">\n\t\t\t\t\t\t<div class=\"elementor-element elementor-element-96038d4 elementor-widget elementor-widget-google_maps\" data-id=\"96038d4\" data-element_type=\"widget\" data-widget_type=\"google_maps.default\">\n\t\t\t\t<div class=\"elementor-widget-container\">\n\t\t\t<style>\/*! elementor - v3.11.5 - 14-03-2023 *\/\n.elementor-widget-google_maps .elementor-widget-container{overflow:hidden}.elementor-widget-google_maps .elementor-custom-embed{line-height:0}.elementor-widget-google_maps iframe{height:300px}<\/style>\t\t<div class=\"elementor-custom-embed\">\n\t\t\t<iframe loading=\"lazy\"\n\t\t\t\t\tsrc=\"https:\/\/maps.google.com\/maps?q=London%20Eye%2C%20London%2C%20United%20Kingdom&#038;t=m&#038;z=10&#038;output=embed&#038;iwloc=near\"\n\t\t\t\t\ttitle=\"London Eye, Londres, Royaume-Uni\"\n\t\t\t\t\taria-label=\"London Eye, Londres, Royaume-Uni\"\n\t\t\t><\/iframe>\n\t\t<\/div>\n\t\t\t\t<\/div>\n\t\t\t\t<\/div>\n\t\t\t\t\t\t<\/div>\n\t\t\t\t\t<\/div>\n\t\t<\/div>\n\t\t\t\t<div class=\"elementor-column elementor-col-50 elementor-top-column elementor-element elementor-element-695f823\" data-id=\"695f823\" data-element_type=\"column\">\n\t\t\t<div class=\"elementor-column-wrap elementor-element-populated\">\n\t\t\t\t\t\t\t<div class=\"elementor-widget-wrap\">\n\t\t\t\t\t\t<section class=\"elementor-section elementor-inner-section elementor-element elementor-element-254b2c5 elementor-section-boxed elementor-section-height-default elementor-section-height-default\" data-id=\"254b2c5\" data-element_type=\"section\">\n\t\t\t\t\t\t<div class=\"elementor-container elementor-column-gap-default\">\n\t\t\t\t\t\t\t<div class=\"elementor-row\">\n\t\t\t\t\t<div class=\"elementor-column elementor-col-100 elementor-inner-column elementor-element elementor-element-32360ef featured-box\" data-id=\"32360ef\" data-element_type=\"column\" data-settings=\"{&quot;background_background&quot;:&quot;classic&quot;}\">\n\t\t\t<div class=\"elementor-column-wrap elementor-element-populated\">\n\t\t\t\t\t\t\t<div class=\"elementor-widget-wrap\">\n\t\t\t\t\t\t<div class=\"elementor-element elementor-element-1c5af7f elementor-widget elementor-widget-text-editor\" data-id=\"1c5af7f\" data-element_type=\"widget\" data-widget_type=\"text-editor.default\">\n\t\t\t\t<div class=\"elementor-widget-container\">\n\t\t\t<style>\/*! elementor - v3.11.5 - 14-03-2023 *\/\n.elementor-widget-text-editor.elementor-drop-cap-view-stacked .elementor-drop-cap{background-color:#818a91;color:#fff}.elementor-widget-text-editor.elementor-drop-cap-view-framed .elementor-drop-cap{color:#818a91;border:3px solid;background-color:transparent}.elementor-widget-text-editor:not(.elementor-drop-cap-view-default) .elementor-drop-cap{margin-top:8px}.elementor-widget-text-editor:not(.elementor-drop-cap-view-default) .elementor-drop-cap-letter{width:1em;height:1em}.elementor-widget-text-editor .elementor-drop-cap{float:left;text-align:center;line-height:1;font-size:50px}.elementor-widget-text-editor .elementor-drop-cap-letter{display:inline-block}<\/style>\t\t\t\t\t<div class=\"elementor-text-editor elementor-clearfix\">\n\t\t\t\t<p><span style=\"color: #ffffff;\"><strong>Adresse de la clinique<\/strong><\/span><br \/>1600, promenade de l&#039;Amphith\u00e9\u00e2tre<br \/>Vue sur la montagne CA 94043<br \/>\u00c9tats-Unis<\/p>\t\t\t\t\t<\/div>\n\t\t\t\t\t\t<\/div>\n\t\t\t\t<\/div>\n\t\t\t\t<div class=\"elementor-element elementor-element-f9964f2 elementor-widget elementor-widget-text-editor\" data-id=\"f9964f2\" data-element_type=\"widget\" data-widget_type=\"text-editor.default\">\n\t\t\t\t<div class=\"elementor-widget-container\">\n\t\t\t\t\t\t\t\t<div class=\"elementor-text-editor elementor-clearfix\">\n\t\t\t\t<hr \/><p>\u00a0<\/p>\t\t\t\t\t<\/div>\n\t\t\t\t\t\t<\/div>\n\t\t\t\t<\/div>\n\t\t\t\t<div class=\"elementor-element elementor-element-742600b elementor-widget elementor-widget-text-editor\" data-id=\"742600b\" data-element_type=\"widget\" data-widget_type=\"text-editor.default\">\n\t\t\t\t<div class=\"elementor-widget-container\">\n\t\t\t\t\t\t\t\t<div class=\"elementor-text-editor elementor-clearfix\">\n\t\t\t\t<p><strong><span style=\"color: #ffffff;\">Num\u00e9ro de t\u00e9l\u00e9phone<\/span><\/strong><br \/>+ (123) 123 &#8211; 456 &#8211; 789<\/p>\t\t\t\t\t<\/div>\n\t\t\t\t\t\t<\/div>\n\t\t\t\t<\/div>\n\t\t\t\t<div class=\"elementor-element elementor-element-8037880 elementor-widget elementor-widget-text-editor\" data-id=\"8037880\" data-element_type=\"widget\" data-widget_type=\"text-editor.default\">\n\t\t\t\t<div class=\"elementor-widget-container\">\n\t\t\t\t\t\t\t\t<div class=\"elementor-text-editor elementor-clearfix\">\n\t\t\t\t<hr \/><p>\u00a0<\/p>\t\t\t\t\t<\/div>\n\t\t\t\t\t\t<\/div>\n\t\t\t\t<\/div>\n\t\t\t\t<div class=\"elementor-element elementor-element-d9bb721 elementor-widget elementor-widget-text-editor\" data-id=\"d9bb721\" data-element_type=\"widget\" data-widget_type=\"text-editor.default\">\n\t\t\t\t<div class=\"elementor-widget-container\">\n\t\t\t\t\t\t\t\t<div class=\"elementor-text-editor elementor-clearfix\">\n\t\t\t\t<p><span style=\"color: #ffffff;\"><strong>Adresse e-mail<\/strong><\/span><br \/>manhatten@physiotherapy.com<\/p>\t\t\t\t\t<\/div>\n\t\t\t\t\t\t<\/div>\n\t\t\t\t<\/div>\n\t\t\t\t\t\t<\/div>\n\t\t\t\t\t<\/div>\n\t\t<\/div>\n\t\t\t\t\t\t\t\t<\/div>\n\t\t\t\t\t<\/div>\n\t\t<\/section>\n\t\t\t\t<div class=\"elementor-element elementor-element-28aa27c elementor-widget elementor-widget-qt-brochure\" data-id=\"28aa27c\" data-element_type=\"widget\" data-widget_type=\"qt-brochure.default\">\n\t\t\t\t<div class=\"elementor-widget-container\">\n\t\t\t\n        <a href=\"\" class=\"brochure\">\n                            <i aria-hidden=\"true\" class=\"fas fa-file-pdf\"><\/i>                                        <span>Voir la brochure<\/span>\n                    <\/a>\n        \n    \t\t<\/div>\n\t\t\t\t<\/div>\n\t\t\t\t\t\t<\/div>\n\t\t\t\t\t<\/div>\n\t\t<\/div>\n\t\t\t\t\t\t\t\t<\/div>\n\t\t\t\t\t<\/div>\n\t\t<\/section>\n\t\t\t\t<section class=\"elementor-section elementor-top-section elementor-element elementor-element-70a052e elementor-section-boxed elementor-section-height-default elementor-section-height-default\" data-id=\"70a052e\" data-element_type=\"section\">\n\t\t\t\t\t\t<div class=\"elementor-container elementor-column-gap-default\">\n\t\t\t\t\t\t\t<div class=\"elementor-row\">\n\t\t\t\t\t<div class=\"elementor-column elementor-col-100 elementor-top-column elementor-element elementor-element-8316f3b\" data-id=\"8316f3b\" data-element_type=\"column\">\n\t\t\t<div class=\"elementor-column-wrap elementor-element-populated\">\n\t\t\t\t\t\t\t<div class=\"elementor-widget-wrap\">\n\t\t\t\t\t\t<div class=\"elementor-element elementor-element-7c72211 elementor-widget elementor-widget-qt-custom-heading\" data-id=\"7c72211\" data-element_type=\"widget\" data-widget_type=\"qt-custom-heading.default\">\n\t\t\t\t<div class=\"elementor-widget-container\">\n\t\t\t            <div class=\"custom-heading\">\n                <h2 class=\"widget-title\"><span class=\"normal\">Emplacement<\/span> Th\u00e9rapeutes<\/h2>\n            <\/div>\n        \t\t<\/div>\n\t\t\t\t<\/div>\n\t\t\t\t\t\t<\/div>\n\t\t\t\t\t<\/div>\n\t\t<\/div>\n\t\t\t\t\t\t\t\t<\/div>\n\t\t\t\t\t<\/div>\n\t\t<\/section>\n\t\t\t\t<section class=\"elementor-section elementor-top-section elementor-element elementor-element-970db35 elementor-section-boxed elementor-section-height-default elementor-section-height-default\" data-id=\"970db35\" data-element_type=\"section\">\n\t\t\t\t\t\t<div class=\"elementor-container elementor-column-gap-extended\">\n\t\t\t\t\t\t\t<div class=\"elementor-row\">\n\t\t\t\t\t<div class=\"elementor-column elementor-col-25 elementor-top-column elementor-element elementor-element-6fe2097\" data-id=\"6fe2097\" data-element_type=\"column\">\n\t\t\t<div class=\"elementor-column-wrap elementor-element-populated\">\n\t\t\t\t\t\t\t<div class=\"elementor-widget-wrap\">\n\t\t\t\t\t\t<div class=\"elementor-element elementor-element-daf6c84 elementor-widget elementor-widget-qt-team-member\" data-id=\"daf6c84\" data-element_type=\"widget\" data-widget_type=\"qt-team-member.default\">\n\t\t\t\t<div class=\"elementor-widget-container\">\n\t\t\t\n        <div class=\"team-member\">\n            <div class=\"team-member--image\">\n                \n                <img width=\"460\" height=\"365\" src=\"https:\/\/urgencephysio.com\/wp-content\/uploads\/2015\/11\/460x365.png\" class=\"attachment-full size-full wp-image-7478\" alt=\"\" decoding=\"async\" loading=\"lazy\" \/>\n                \n                    <div class=\"team-member--social\">\n                        <div class=\"overlay--center\">\n\n                                                    <a href=\"#\"><i class=\"fab fa-facebook-f\"><\/i><\/a>\n                        \n                                                    <a href=\"#\"><i class=\"fab fa-twitter\"><\/i><\/a>\n                        \n                                                    <a href=\"#\"><i class=\"fab fa-linkedin-in\"><\/i><\/a>\n                        \n                        \n                        \n                        \n                        <\/div>\n                    <\/div>\n\n                            <\/div>\n\n            <div class=\"team-member--content\">\n                                    <h5 class=\"team-member--name\">Robert Davis<\/h5>\n                                                    <span class=\"team-member--tag\">Physioth\u00e9rapeute<\/span>\n                                                    <p class=\"team-member--description\">J&#039;ai commenc\u00e9 \u00e0 pratiquer en 1999 apr\u00e8s avoir obtenu mon dipl\u00f4me de l&#039;Universit\u00e9 du Vermont. Pendant ces ann\u00e9es de cours au coll\u00e8ge...<\/p>\n                                            <\/div>\n        <\/div>\n\n        \t\t<\/div>\n\t\t\t\t<\/div>\n\t\t\t\t\t\t<\/div>\n\t\t\t\t\t<\/div>\n\t\t<\/div>\n\t\t\t\t<div class=\"elementor-column elementor-col-25 elementor-top-column elementor-element elementor-element-ac87223\" data-id=\"ac87223\" data-element_type=\"column\">\n\t\t\t<div class=\"elementor-column-wrap elementor-element-populated\">\n\t\t\t\t\t\t\t<div class=\"elementor-widget-wrap\">\n\t\t\t\t\t\t<div class=\"elementor-element elementor-element-a3ff5ba elementor-widget elementor-widget-qt-team-member\" data-id=\"a3ff5ba\" data-element_type=\"widget\" data-widget_type=\"qt-team-member.default\">\n\t\t\t\t<div class=\"elementor-widget-container\">\n\t\t\t\n        <div class=\"team-member\">\n            <div class=\"team-member--image\">\n                \n                <img width=\"460\" height=\"365\" src=\"https:\/\/urgencephysio.com\/wp-content\/uploads\/2015\/11\/460x365.png\" class=\"attachment-full size-full wp-image-7478\" alt=\"\" decoding=\"async\" loading=\"lazy\" \/>\n                \n                    <div class=\"team-member--social\">\n                        <div class=\"overlay--center\">\n\n                                                    <a href=\"#\"><i class=\"fab fa-facebook-f\"><\/i><\/a>\n                        \n                                                    <a href=\"#\"><i class=\"fab fa-twitter\"><\/i><\/a>\n                        \n                                                    <a href=\"#\"><i class=\"fab fa-linkedin-in\"><\/i><\/a>\n                        \n                        \n                        \n                        \n                        <\/div>\n                    <\/div>\n\n                            <\/div>\n\n            <div class=\"team-member--content\">\n                                    <h5 class=\"team-member--name\">H\u00e9l\u00e8ne Wilmore<\/h5>\n                                                    <span class=\"team-member--tag\">Massoth\u00e9rapeute<\/span>\n                                                    <p class=\"team-member--description\">J&#039;ai choisi une carri\u00e8re de kin\u00e9sith\u00e9rapeute parce que je savais que je voulais aider les gens sans les piquer avec des aiguilles...<\/p>\n                                            <\/div>\n        <\/div>\n\n        \t\t<\/div>\n\t\t\t\t<\/div>\n\t\t\t\t\t\t<\/div>\n\t\t\t\t\t<\/div>\n\t\t<\/div>\n\t\t\t\t<div class=\"elementor-column elementor-col-25 elementor-top-column elementor-element elementor-element-93d6653\" data-id=\"93d6653\" data-element_type=\"column\">\n\t\t\t<div class=\"elementor-column-wrap elementor-element-populated\">\n\t\t\t\t\t\t\t<div class=\"elementor-widget-wrap\">\n\t\t\t\t\t\t<div class=\"elementor-element elementor-element-8b61937 elementor-widget elementor-widget-qt-team-member\" data-id=\"8b61937\" data-element_type=\"widget\" data-widget_type=\"qt-team-member.default\">\n\t\t\t\t<div class=\"elementor-widget-container\">\n\t\t\t\n        <div class=\"team-member\">\n            <div class=\"team-member--image\">\n                \n                <img width=\"460\" height=\"365\" src=\"https:\/\/urgencephysio.com\/wp-content\/uploads\/2015\/11\/460x365.png\" class=\"attachment-full size-full wp-image-7478\" alt=\"\" decoding=\"async\" loading=\"lazy\" \/>\n                \n                    <div class=\"team-member--social\">\n                        <div class=\"overlay--center\">\n\n                                                    <a href=\"#\"><i class=\"fab fa-facebook-f\"><\/i><\/a>\n                        \n                                                    <a href=\"#\"><i class=\"fab fa-twitter\"><\/i><\/a>\n                        \n                                                    <a href=\"#\"><i class=\"fab fa-linkedin-in\"><\/i><\/a>\n                        \n                        \n                        \n                        \n                        <\/div>\n                    <\/div>\n\n                            <\/div>\n\n            <div class=\"team-member--content\">\n                                    <h5 class=\"team-member--name\">Ch\u00e2teau de Kristina<\/h5>\n                                                    <span class=\"team-member--tag\">Physioth\u00e9rapeute<\/span>\n                                                    <p class=\"team-member--description\">En tant que physioth\u00e9rapeute, j&#039;ai l&#039;opportunit\u00e9 au quotidien d&#039;am\u00e9liorer la vie de mes patients en identifiant...<\/p>\n                                            <\/div>\n        <\/div>\n\n        \t\t<\/div>\n\t\t\t\t<\/div>\n\t\t\t\t\t\t<\/div>\n\t\t\t\t\t<\/div>\n\t\t<\/div>\n\t\t\t\t<div class=\"elementor-column elementor-col-25 elementor-top-column elementor-element elementor-element-9926ab0\" data-id=\"9926ab0\" data-element_type=\"column\">\n\t\t\t<div class=\"elementor-column-wrap elementor-element-populated\">\n\t\t\t\t\t\t\t<div class=\"elementor-widget-wrap\">\n\t\t\t\t\t\t<div class=\"elementor-element elementor-element-66a11ce elementor-widget elementor-widget-qt-team-member\" data-id=\"66a11ce\" data-element_type=\"widget\" data-widget_type=\"qt-team-member.default\">\n\t\t\t\t<div class=\"elementor-widget-container\">\n\t\t\t\n        <div class=\"team-member\">\n            <div class=\"team-member--image\">\n                \n                <img width=\"460\" height=\"365\" src=\"https:\/\/urgencephysio.com\/wp-content\/uploads\/2015\/11\/460x365.png\" class=\"attachment-full size-full wp-image-7478\" alt=\"\" decoding=\"async\" loading=\"lazy\" \/>\n                \n                    <div class=\"team-member--social\">\n                        <div class=\"overlay--center\">\n\n                                                    <a href=\"#\"><i class=\"fab fa-facebook-f\"><\/i><\/a>\n                        \n                                                    <a href=\"#\"><i class=\"fab fa-twitter\"><\/i><\/a>\n                        \n                                                    <a href=\"#\"><i class=\"fab fa-linkedin-in\"><\/i><\/a>\n                        \n                        \n                        \n                        \n                        <\/div>\n                    <\/div>\n\n                            <\/div>\n\n            <div class=\"team-member--content\">\n                                    <h5 class=\"team-member--name\">Anthony Wills<\/h5>\n                                                    <span class=\"team-member--tag\">Chiropracteur<\/span>\n                                                    <p class=\"team-member--description\">J&#039;ai aussi eu une blessure \u00e0 la course quand j&#039;\u00e9tais au lyc\u00e9e et j&#039;ai d\u00fb aller \u00e0 PT. J&#039;ai pens\u00e9 &quot;C&#039;est ce que je veux...<\/p>\n                                            <\/div>\n        <\/div>\n\n        \t\t<\/div>\n\t\t\t\t<\/div>\n\t\t\t\t\t\t<\/div>\n\t\t\t\t\t<\/div>\n\t\t<\/div>\n\t\t\t\t\t\t\t\t<\/div>\n\t\t\t\t\t<\/div>\n\t\t<\/section>\n\t\t\t\t\t\t\t\t\t<\/div>\n\t\t\t<\/div>\n\t\t\t\t\t<\/div>","protected":false},"excerpt":{"rendered":"<p>Clinic Address1600 Amphitheatre ParkwayMountain View CA 94043United States \u00a0 Phone Number+ (123) 123 &#8211; 456 &#8211; 789 \u00a0 Email Addressmanhatten@physiotherapy.com See Brochure Location Therapists Robert Davis Physical Therapist I started practicing in 1999 after graduating from the University of Vermont. During those college class years&#8230; Helen Wilmore Massage Therapist I chose a physical therapy career [&hellip;]<\/p>","protected":false},"author":1,"featured_media":0,"parent":0,"menu_order":0,"comment_status":"closed","ping_status":"closed","template":"","meta":[],"acf":[],"_links":{"self":[{"href":"https:\/\/urgencephysio.com\/fr\/wp-json\/wp\/v2\/pages\/7993"}],"collection":[{"href":"https:\/\/urgencephysio.com\/fr\/wp-json\/wp\/v2\/pages"}],"about":[{"href":"https:\/\/urgencephysio.com\/fr\/wp-json\/wp\/v2\/types\/page"}],"author":[{"embeddable":true,"href":"https:\/\/urgencephysio.com\/fr\/wp-json\/wp\/v2\/users\/1"}],"replies":[{"embeddable":true,"href":"https:\/\/urgencephysio.com\/fr\/wp-json\/wp\/v2\/comments?post=7993"}],"version-history":[{"count":1,"href":"https:\/\/urgencephysio.com\/fr\/wp-json\/wp\/v2\/pages\/7993\/revisions"}],"predecessor-version":[{"id":8163,"href":"https:\/\/urgencephysio.com\/fr\/wp-json\/wp\/v2\/pages\/7993\/revisions\/8163"}],"wp:attachment":[{"href":"https:\/\/urgencephysio.com\/fr\/wp-json\/wp\/v2\/media?parent=7993"}],"curies":[{"name":"wp","href":"https:\/\/api.w.org\/{rel}","templated":true}]}}